{"id":9308,"date":"2025-01-13T12:18:52","date_gmt":"2025-01-13T11:18:52","guid":{"rendered":"https:\/\/www.challengeocean.com\/?page_id=9308"},"modified":"2026-04-30T13:27:52","modified_gmt":"2026-04-30T12:27:52","slug":"sailing-boat-for-sale","status":"publish","type":"page","link":"https:\/\/www.challengeocean.com\/en\/sailing-boat-for-sale\/","title":{"rendered":"Sailing boat for sale"},"content":{"rendered":"<div class=\"wpb-content-wrapper\"><p>[vc_row][vc_column][vc_column_text css=&#8221;&#8221;]<\/p>\n<p>Sailing boats for sale by CHALLENGE OCEAN.<\/p>\n<h2><span style=\"color: #ff6600;\">Challenge 67 Whirlwind for sale<br \/>\n<\/span><\/h2>\n<p>67 feet monohull (20.42m) built for BT Global Challenge, around the world yacht race against prevailing wind.<br \/>\nThis <strong>big monohull <\/strong>is designed to be tough and safe.<br \/>\nPrice 265 000\u20ac \u2022 <a href=\"https:\/\/www.challengeocean.com\/en\/sail-boat-rental\/monohull-challenge-67\/\">More details\u2026<\/a><\/p>\n<h2><span style=\"color: #ff6600;\"><img loading=\"lazy\" decoding=\"async\" class=\"alignnone size-medium wp-image-8870\" src=\"https:\/\/www.challengeocean.com\/wp-content\/uploads\/2024\/02\/whirlwind-challenge-67-300x221.jpg\" alt=\"grand voilier avec \u00e9quipage\" width=\"300\" height=\"221\" srcset=\"https:\/\/www.challengeocean.com\/wp-content\/uploads\/2024\/02\/whirlwind-challenge-67-300x221.jpg 300w, https:\/\/www.challengeocean.com\/wp-content\/uploads\/2024\/02\/whirlwind-challenge-67-1200x886.jpg 1200w, https:\/\/www.challengeocean.com\/wp-content\/uploads\/2024\/02\/whirlwind-challenge-67-768x567.jpg 768w, https:\/\/www.challengeocean.com\/wp-content\/uploads\/2024\/02\/whirlwind-challenge-67-1320x974.jpg 1320w, https:\/\/www.challengeocean.com\/wp-content\/uploads\/2024\/02\/whirlwind-challenge-67.jpg 1500w\" sizes=\"auto, (max-width: 300px) 100vw, 300px\" \/><\/span><\/h2>\n<h2><span style=\"color: #ff6600;\">Catamaran COD 25 for sale<br \/>\n<\/span><\/h2>\n<p>25 feet catamaran (7.65m) designed by VPLP built for the Troph\u00e9e Clairefontaine.<br \/>\nEl Diablo is one of the eight <strong>One Design catamarans<\/strong>.<br \/>\nPrice 10 900\u20ac \u2022 <a href=\"https:\/\/www.challengeocean.com\/en\/sail-boat-rental\/one-design-catamaran\/\">More details\u2026<\/a><\/p>\n<p><img loading=\"lazy\" decoding=\"async\" class=\"alignnone size-medium wp-image-9300\" src=\"https:\/\/www.challengeocean.com\/wp-content\/uploads\/2025\/01\/catamaran-a-vendre-cod25-300x225.jpg\" alt=\"catamaran \u00e0 vendre cod 25\" width=\"300\" height=\"225\" srcset=\"https:\/\/www.challengeocean.com\/wp-content\/uploads\/2025\/01\/catamaran-a-vendre-cod25-300x225.jpg 300w, https:\/\/www.challengeocean.com\/wp-content\/uploads\/2025\/01\/catamaran-a-vendre-cod25-1200x900.jpg 1200w, https:\/\/www.challengeocean.com\/wp-content\/uploads\/2025\/01\/catamaran-a-vendre-cod25-768x576.jpg 768w, https:\/\/www.challengeocean.com\/wp-content\/uploads\/2025\/01\/catamaran-a-vendre-cod25-1320x990.jpg 1320w, https:\/\/www.challengeocean.com\/wp-content\/uploads\/2025\/01\/catamaran-a-vendre-cod25.jpg 1500w\" sizes=\"auto, (max-width: 300px) 100vw, 300px\" \/>[\/vc_column_text][\/vc_column][\/vc_row]<\/p>\n<\/div>","protected":false},"excerpt":{"rendered":"<p>[vc_row][vc_column][vc_column_text css=&#8221;&#8221;] Sailing boats for sale by CHALLENGE OCEAN. Challenge 67 Whirlwind for sale 67 feet monohull (20.42m) built for BT Global Challenge, around the world yacht race against prevailing wind. This big monohull is designed to be tough and safe. Price 265 000\u20ac \u2022 More details\u2026 Catamaran COD 25 for sale 25 feet catamaran (7.65m) designed by VPLP built&hellip;<\/p>\n","protected":false},"author":1001002,"featured_media":0,"parent":0,"menu_order":0,"comment_status":"closed","ping_status":"closed","template":"","meta":{"_monsterinsights_skip_tracking":false,"_monsterinsights_sitenote_active":false,"_monsterinsights_sitenote_note":"","_monsterinsights_sitenote_category":0,"footnotes":""},"class_list":["post-9308","page","type-page","status-publish","hentry"],"yoast_head":"<!-- This site is optimized with the Yoast SEO Premium plugin v27.5 (Yoast SEO v27.5) - https:\/\/yoast.com\/product\/yoast-seo-premium-wordpress\/ -->\n<title>Sailing boat for sale monohull Challenge 67 &amp; catamaran COD 25<\/title>\n<meta name=\"description\" content=\"Sailing boat for sale by CHALLENGE OCEAN, monohull Challenge 67 and catamaran One Design COD 25 located in Lorient in South Brittany.\" \/>\n<meta name=\"robots\" content=\"index, follow, max-snippet:-1, max-image-preview:large, max-video-preview:-1\" \/>\n<link rel=\"canonical\" href=\"https:\/\/www.challengeocean.com\/en\/sailing-boat-for-sale\/\" \/>\n<meta property=\"og:locale\" content=\"en_US\" \/>\n<meta property=\"og:type\" content=\"article\" \/>\n<meta property=\"og:title\" content=\"Sailing boat for sale\" \/>\n<meta property=\"og:description\" content=\"Sailing boat for sale by CHALLENGE OCEAN, monohull Challenge 67 and catamaran One Design COD 25 located in Lorient in South Brittany.\" \/>\n<meta property=\"og:url\" content=\"https:\/\/www.challengeocean.com\/en\/sailing-boat-for-sale\/\" \/>\n<meta property=\"og:site_name\" content=\"CHALLENGE OCEAN\" \/>\n<meta property=\"article:publisher\" content=\"https:\/\/www.facebook.com\/challengeocean\/\" \/>\n<meta property=\"article:modified_time\" content=\"2026-04-30T12:27:52+00:00\" \/>\n<meta property=\"og:image\" content=\"https:\/\/www.challengeocean.com\/wp-content\/uploads\/2024\/02\/whirlwind-challenge-67.jpg\" \/>\n\t<meta property=\"og:image:width\" content=\"1500\" \/>\n\t<meta property=\"og:image:height\" content=\"1107\" \/>\n\t<meta property=\"og:image:type\" content=\"image\/jpeg\" \/>\n<meta name=\"twitter:label1\" content=\"Est. reading time\" \/>\n\t<meta name=\"twitter:data1\" content=\"1 minute\" \/>\n<script type=\"application\/ld+json\" class=\"yoast-schema-graph\">{\"@context\":\"https:\\\/\\\/schema.org\",\"@graph\":[{\"@type\":\"WebPage\",\"@id\":\"https:\\\/\\\/www.challengeocean.com\\\/en\\\/sailing-boat-for-sale\\\/\",\"url\":\"https:\\\/\\\/www.challengeocean.com\\\/en\\\/sailing-boat-for-sale\\\/\",\"name\":\"Sailing boat for sale monohull Challenge 67 & catamaran COD 25\",\"isPartOf\":{\"@id\":\"https:\\\/\\\/www.challengeocean.com\\\/en\\\/#website\"},\"primaryImageOfPage\":{\"@id\":\"https:\\\/\\\/www.challengeocean.com\\\/en\\\/sailing-boat-for-sale\\\/#primaryimage\"},\"image\":{\"@id\":\"https:\\\/\\\/www.challengeocean.com\\\/en\\\/sailing-boat-for-sale\\\/#primaryimage\"},\"thumbnailUrl\":\"https:\\\/\\\/www.challengeocean.com\\\/wp-content\\\/uploads\\\/2024\\\/02\\\/whirlwind-challenge-67-300x221.jpg\",\"datePublished\":\"2025-01-13T11:18:52+00:00\",\"dateModified\":\"2026-04-30T12:27:52+00:00\",\"description\":\"Sailing boat for sale by CHALLENGE OCEAN, monohull Challenge 67 and catamaran One Design COD 25 located in Lorient in South Brittany.\",\"breadcrumb\":{\"@id\":\"https:\\\/\\\/www.challengeocean.com\\\/en\\\/sailing-boat-for-sale\\\/#breadcrumb\"},\"inLanguage\":\"en-US\",\"potentialAction\":[{\"@type\":\"ReadAction\",\"target\":[\"https:\\\/\\\/www.challengeocean.com\\\/en\\\/sailing-boat-for-sale\\\/\"]}]},{\"@type\":\"ImageObject\",\"inLanguage\":\"en-US\",\"@id\":\"https:\\\/\\\/www.challengeocean.com\\\/en\\\/sailing-boat-for-sale\\\/#primaryimage\",\"url\":\"https:\\\/\\\/www.challengeocean.com\\\/wp-content\\\/uploads\\\/2024\\\/02\\\/whirlwind-challenge-67-300x221.jpg\",\"contentUrl\":\"https:\\\/\\\/www.challengeocean.com\\\/wp-content\\\/uploads\\\/2024\\\/02\\\/whirlwind-challenge-67-300x221.jpg\"},{\"@type\":\"BreadcrumbList\",\"@id\":\"https:\\\/\\\/www.challengeocean.com\\\/en\\\/sailing-boat-for-sale\\\/#breadcrumb\",\"itemListElement\":[{\"@type\":\"ListItem\",\"position\":1,\"name\":\"Accueil\",\"item\":\"https:\\\/\\\/www.challengeocean.com\\\/en\\\/\"},{\"@type\":\"ListItem\",\"position\":2,\"name\":\"Sailing boat for sale\"}]},{\"@type\":\"WebSite\",\"@id\":\"https:\\\/\\\/www.challengeocean.com\\\/en\\\/#website\",\"url\":\"https:\\\/\\\/www.challengeocean.com\\\/en\\\/\",\"name\":\"CHALLENGE OCEAN\",\"description\":\"\u00c9cole Fran\u00e7aise de Croisi\u00e8re - Location voiliers avec skipper\",\"publisher\":{\"@id\":\"https:\\\/\\\/www.challengeocean.com\\\/en\\\/#organization\"},\"potentialAction\":[{\"@type\":\"SearchAction\",\"target\":{\"@type\":\"EntryPoint\",\"urlTemplate\":\"https:\\\/\\\/www.challengeocean.com\\\/en\\\/?s={search_term_string}\"},\"query-input\":{\"@type\":\"PropertyValueSpecification\",\"valueRequired\":true,\"valueName\":\"search_term_string\"}}],\"inLanguage\":\"en-US\"},{\"@type\":\"Organization\",\"@id\":\"https:\\\/\\\/www.challengeocean.com\\\/en\\\/#organization\",\"name\":\"CHALLENGE OCEAN\",\"url\":\"https:\\\/\\\/www.challengeocean.com\\\/en\\\/\",\"logo\":{\"@type\":\"ImageObject\",\"inLanguage\":\"en-US\",\"@id\":\"https:\\\/\\\/www.challengeocean.com\\\/en\\\/#\\\/schema\\\/logo\\\/image\\\/\",\"url\":\"https:\\\/\\\/www.challengeocean.com\\\/wp-content\\\/uploads\\\/2013\\\/11\\\/logo_co_vertical.jpg\",\"contentUrl\":\"https:\\\/\\\/www.challengeocean.com\\\/wp-content\\\/uploads\\\/2013\\\/11\\\/logo_co_vertical.jpg\",\"width\":310,\"height\":310,\"caption\":\"CHALLENGE OCEAN\"},\"image\":{\"@id\":\"https:\\\/\\\/www.challengeocean.com\\\/en\\\/#\\\/schema\\\/logo\\\/image\\\/\"},\"sameAs\":[\"https:\\\/\\\/www.facebook.com\\\/challengeocean\\\/\",\"https:\\\/\\\/www.instagram.com\\\/challengeocean\\\/\",\"https:\\\/\\\/www.linkedin.com\\\/company\\\/challengeocean\\\/\",\"https:\\\/\\\/www.youtube.com\\\/@challengeocean\"],\"description\":\"\u00c9cole Fran\u00e7aise de Croisi\u00e8re - French Sailing School\",\"telephone\":\"+33 297350030\",\"legalName\":\"CHALLENGE OCEAN\",\"foundingDate\":\"2005-09-21\",\"vatID\":\"FR35478183171\",\"taxID\":\"47818317100030\",\"numberOfEmployees\":{\"@type\":\"QuantitativeValue\",\"minValue\":\"1\",\"maxValue\":\"10\"}}]}<\/script>\n<!-- \/ Yoast SEO Premium plugin. -->","yoast_head_json":{"title":"Sailing boat for sale monohull Challenge 67 & catamaran COD 25","description":"Sailing boat for sale by CHALLENGE OCEAN, monohull Challenge 67 and catamaran One Design COD 25 located in Lorient in South Brittany.","robots":{"index":"index","follow":"follow","max-snippet":"max-snippet:-1","max-image-preview":"max-image-preview:large","max-video-preview":"max-video-preview:-1"},"canonical":"https:\/\/www.challengeocean.com\/en\/sailing-boat-for-sale\/","og_locale":"en_US","og_type":"article","og_title":"Sailing boat for sale","og_description":"Sailing boat for sale by CHALLENGE OCEAN, monohull Challenge 67 and catamaran One Design COD 25 located in Lorient in South Brittany.","og_url":"https:\/\/www.challengeocean.com\/en\/sailing-boat-for-sale\/","og_site_name":"CHALLENGE OCEAN","article_publisher":"https:\/\/www.facebook.com\/challengeocean\/","article_modified_time":"2026-04-30T12:27:52+00:00","og_image":[{"width":1500,"height":1107,"url":"https:\/\/www.challengeocean.com\/wp-content\/uploads\/2024\/02\/whirlwind-challenge-67.jpg","type":"image\/jpeg"}],"twitter_misc":{"Est. reading time":"1 minute"},"schema":{"@context":"https:\/\/schema.org","@graph":[{"@type":"WebPage","@id":"https:\/\/www.challengeocean.com\/en\/sailing-boat-for-sale\/","url":"https:\/\/www.challengeocean.com\/en\/sailing-boat-for-sale\/","name":"Sailing boat for sale monohull Challenge 67 & catamaran COD 25","isPartOf":{"@id":"https:\/\/www.challengeocean.com\/en\/#website"},"primaryImageOfPage":{"@id":"https:\/\/www.challengeocean.com\/en\/sailing-boat-for-sale\/#primaryimage"},"image":{"@id":"https:\/\/www.challengeocean.com\/en\/sailing-boat-for-sale\/#primaryimage"},"thumbnailUrl":"https:\/\/www.challengeocean.com\/wp-content\/uploads\/2024\/02\/whirlwind-challenge-67-300x221.jpg","datePublished":"2025-01-13T11:18:52+00:00","dateModified":"2026-04-30T12:27:52+00:00","description":"Sailing boat for sale by CHALLENGE OCEAN, monohull Challenge 67 and catamaran One Design COD 25 located in Lorient in South Brittany.","breadcrumb":{"@id":"https:\/\/www.challengeocean.com\/en\/sailing-boat-for-sale\/#breadcrumb"},"inLanguage":"en-US","potentialAction":[{"@type":"ReadAction","target":["https:\/\/www.challengeocean.com\/en\/sailing-boat-for-sale\/"]}]},{"@type":"ImageObject","inLanguage":"en-US","@id":"https:\/\/www.challengeocean.com\/en\/sailing-boat-for-sale\/#primaryimage","url":"https:\/\/www.challengeocean.com\/wp-content\/uploads\/2024\/02\/whirlwind-challenge-67-300x221.jpg","contentUrl":"https:\/\/www.challengeocean.com\/wp-content\/uploads\/2024\/02\/whirlwind-challenge-67-300x221.jpg"},{"@type":"BreadcrumbList","@id":"https:\/\/www.challengeocean.com\/en\/sailing-boat-for-sale\/#breadcrumb","itemListElement":[{"@type":"ListItem","position":1,"name":"Accueil","item":"https:\/\/www.challengeocean.com\/en\/"},{"@type":"ListItem","position":2,"name":"Sailing boat for sale"}]},{"@type":"WebSite","@id":"https:\/\/www.challengeocean.com\/en\/#website","url":"https:\/\/www.challengeocean.com\/en\/","name":"CHALLENGE OCEAN","description":"\u00c9cole Fran\u00e7aise de Croisi\u00e8re - Location voiliers avec skipper","publisher":{"@id":"https:\/\/www.challengeocean.com\/en\/#organization"},"potentialAction":[{"@type":"SearchAction","target":{"@type":"EntryPoint","urlTemplate":"https:\/\/www.challengeocean.com\/en\/?s={search_term_string}"},"query-input":{"@type":"PropertyValueSpecification","valueRequired":true,"valueName":"search_term_string"}}],"inLanguage":"en-US"},{"@type":"Organization","@id":"https:\/\/www.challengeocean.com\/en\/#organization","name":"CHALLENGE OCEAN","url":"https:\/\/www.challengeocean.com\/en\/","logo":{"@type":"ImageObject","inLanguage":"en-US","@id":"https:\/\/www.challengeocean.com\/en\/#\/schema\/logo\/image\/","url":"https:\/\/www.challengeocean.com\/wp-content\/uploads\/2013\/11\/logo_co_vertical.jpg","contentUrl":"https:\/\/www.challengeocean.com\/wp-content\/uploads\/2013\/11\/logo_co_vertical.jpg","width":310,"height":310,"caption":"CHALLENGE OCEAN"},"image":{"@id":"https:\/\/www.challengeocean.com\/en\/#\/schema\/logo\/image\/"},"sameAs":["https:\/\/www.facebook.com\/challengeocean\/","https:\/\/www.instagram.com\/challengeocean\/","https:\/\/www.linkedin.com\/company\/challengeocean\/","https:\/\/www.youtube.com\/@challengeocean"],"description":"\u00c9cole Fran\u00e7aise de Croisi\u00e8re - French Sailing School","telephone":"+33 297350030","legalName":"CHALLENGE OCEAN","foundingDate":"2005-09-21","vatID":"FR35478183171","taxID":"47818317100030","numberOfEmployees":{"@type":"QuantitativeValue","minValue":"1","maxValue":"10"}}]}},"_links":{"self":[{"href":"https:\/\/www.challengeocean.com\/en\/wp-json\/wp\/v2\/pages\/9308","targetHints":{"allow":["GET"]}}],"collection":[{"href":"https:\/\/www.challengeocean.com\/en\/wp-json\/wp\/v2\/pages"}],"about":[{"href":"https:\/\/www.challengeocean.com\/en\/wp-json\/wp\/v2\/types\/page"}],"author":[{"embeddable":true,"href":"https:\/\/www.challengeocean.com\/en\/wp-json\/wp\/v2\/users\/1001002"}],"replies":[{"embeddable":true,"href":"https:\/\/www.challengeocean.com\/en\/wp-json\/wp\/v2\/comments?post=9308"}],"version-history":[{"count":9,"href":"https:\/\/www.challengeocean.com\/en\/wp-json\/wp\/v2\/pages\/9308\/revisions"}],"predecessor-version":[{"id":9969,"href":"https:\/\/www.challengeocean.com\/en\/wp-json\/wp\/v2\/pages\/9308\/revisions\/9969"}],"wp:attachment":[{"href":"https:\/\/www.challengeocean.com\/en\/wp-json\/wp\/v2\/media?parent=9308"}],"curies":[{"name":"wp","href":"https:\/\/api.w.org\/{rel}","templated":true}]}}