{"id":8812,"date":"2024-01-05T11:40:43","date_gmt":"2024-01-05T10:40:43","guid":{"rendered":"https:\/\/www.challengeocean.com\/?page_id=8812"},"modified":"2025-12-02T10:56:49","modified_gmt":"2025-12-02T09:56:49","slug":"french-sailing-license","status":"publish","type":"page","link":"https:\/\/www.challengeocean.com\/en\/french-sailing-license\/","title":{"rendered":"French Sailing License"},"content":{"rendered":"<div class=\"wpb-content-wrapper\"><p>[vc_row][vc_column][vc_column_text css=&#8221;&#8221;]French sailing license with <strong>CLUB CHALLENGE OCEAN<\/strong>, to take part in our sailing courses &#8211; coastal, semi-offshore, offshore &#8211; as well as Atlantic crossing and races.<\/p>\n<h2><span style=\"color: #ff6600;\"><img loading=\"lazy\" decoding=\"async\" class=\"alignleft wp-image-3461\" src=\"https:\/\/www.challengeocean.com\/wp-content\/uploads\/2018\/04\/FFVoile_EcoleCroisire_Rond-1.png\" alt=\"Licence FFV et Passeport Voile\" width=\"140\" height=\"140\" srcset=\"https:\/\/www.challengeocean.com\/wp-content\/uploads\/2018\/04\/FFVoile_EcoleCroisire_Rond-1.png 400w, https:\/\/www.challengeocean.com\/wp-content\/uploads\/2018\/04\/FFVoile_EcoleCroisire_Rond-1-150x150.png 150w, https:\/\/www.challengeocean.com\/wp-content\/uploads\/2018\/04\/FFVoile_EcoleCroisire_Rond-1-300x300.png 300w, https:\/\/www.challengeocean.com\/wp-content\/uploads\/2018\/04\/FFVoile_EcoleCroisire_Rond-1-50x50.png 50w\" sizes=\"auto, (max-width: 140px) 100vw, 140px\" \/>French Sailing School<\/span><\/h2>\n<p>The <a href=\"https:\/\/www.challengeocean.com\/en\/challenge-ocean-2\/\">CHALLENGE OCEAN Club<\/a> has been awarded as a <a href=\"https:\/\/www.challengeocean.com\/en\/sailing-school\/\">French Cruising School<\/a> label by the <a href=\"http:\/\/www.ffvoile.fr\/ffv\/web\/\" target=\"_blank\" rel=\"noopener\">French Sailing Federation<\/a> under number 56S08.<br \/>\nAs such, it is able to deliver the skills acquired in this activity to licensed sailing enthusiasts. To do this, you need to be a license holder (leisure or competition) and obtain a medical certificate from your doctor stating that you are fit to sail.<br \/>\nDownload the <a href=\"https:\/\/www.challengeocean.com\/wp-content\/uploads\/2024\/01\/Certificat_Medical_EN.pdf\" target=\"_blank\" rel=\"noopener\">model medical certificate<\/a>.<\/p>\n<h2><span style=\"color: #ff6600;\">French Sailing License fees 2026<\/span><\/h2>\n<ul>\n<li>Adult: 72,00 \u20ac + 10 \u20ac administrative fees<\/li>\n<li>Youth*: 33,00 \u20ac + 10 \u20ac administrative fees<\/li>\n<li>Temporary license 1 day: 26,00 \u20ac + 5 \u20ac administrative fees<\/li>\n<li>Temporary license 4 days: 55,00 \u20ac + 5 \u20ac administrative fees<\/li>\n<\/ul>\n<p>* You must be under 18 on 1st of January of the current year.<\/p>\n<h2><img loading=\"lazy\" decoding=\"async\" class=\"alignnone wp-image-98\" src=\"https:\/\/www.challengeocean.com\/wp-content\/uploads\/2014\/02\/logo-ffv-300x152.jpg\" alt=\"Ecole de croisi\u00e8re FFV\" width=\"180\" height=\"91\" srcset=\"https:\/\/www.challengeocean.com\/wp-content\/uploads\/2014\/02\/logo-ffv-300x152.jpg 300w, https:\/\/www.challengeocean.com\/wp-content\/uploads\/2014\/02\/logo-ffv.jpg 800w\" sizes=\"auto, (max-width: 180px) 100vw, 180px\" \/><br \/>\n<span style=\"color: #ff6600;\">How do I obtain my license?<\/span><\/h2>\n<p>Please complete the form below to issue your license with Challenge Ocean Club,<br \/>\n\n<div class=\"wpcf7 no-js\" id=\"wpcf7-f8822-o1\" lang=\"fr-FR\" dir=\"ltr\" data-wpcf7-id=\"8822\">\n<div class=\"screen-reader-response\"><p role=\"status\" aria-live=\"polite\" aria-atomic=\"true\"><\/p> <ul><\/ul><\/div>\n<form action=\"\/en\/wp-json\/wp\/v2\/pages\/8812#wpcf7-f8822-o1\" method=\"post\" class=\"wpcf7-form init\" aria-label=\"Formulaire de contact\" novalidate=\"novalidate\" data-status=\"init\">\n<fieldset class=\"hidden-fields-container\"><input type=\"hidden\" name=\"_wpcf7\" value=\"8822\" \/><input type=\"hidden\" name=\"_wpcf7_version\" value=\"6.1.5\" \/><input type=\"hidden\" name=\"_wpcf7_locale\" value=\"fr_FR\" \/><input type=\"hidden\" name=\"_wpcf7_unit_tag\" value=\"wpcf7-f8822-o1\" \/><input type=\"hidden\" name=\"_wpcf7_container_post\" value=\"0\" \/><input type=\"hidden\" name=\"_wpcf7_posted_data_hash\" value=\"\" \/><input type=\"hidden\" name=\"_wpcf7_recaptcha_response\" value=\"\" \/>\n<\/fieldset>\n<p>Choose your license\n<\/p>\n<p><span class=\"wpcf7-form-control-wrap\" data-name=\"license\"><select class=\"wpcf7-form-control wpcf7-select wpcf7-validates-as-required\" aria-required=\"true\" aria-invalid=\"false\" name=\"license\"><option value=\"Adult annual license\">Adult annual license<\/option><option value=\"Youth annual license\">Youth annual license<\/option><option value=\"Temporary 4 days license\">Temporary 4 days license<\/option><option value=\"Temporary 1 day license\">Temporary 1 day license<\/option><\/select><\/span>\n<\/p>\n<p>Name*\n<\/p>\n<p><span class=\"wpcf7-form-control-wrap\" data-name=\"your-name\"><input size=\"40\" maxlength=\"400\" class=\"wpcf7-form-control wpcf7-text wpcf7-validates-as-required\" aria-required=\"true\" aria-invalid=\"false\" value=\"\" type=\"text\" name=\"your-name\" \/><\/span>\n<\/p>\n<p>Name of birth*\n<\/p>\n<p><span class=\"wpcf7-form-control-wrap\" data-name=\"your-name-birth\"><input size=\"40\" maxlength=\"400\" class=\"wpcf7-form-control wpcf7-text wpcf7-validates-as-required\" aria-required=\"true\" aria-invalid=\"false\" value=\"\" type=\"text\" name=\"your-name-birth\" \/><\/span>\n<\/p>\n<p>First name*\n<\/p>\n<p><span class=\"wpcf7-form-control-wrap\" data-name=\"your-first-name\"><input size=\"40\" maxlength=\"400\" class=\"wpcf7-form-control wpcf7-text wpcf7-validates-as-required\" aria-required=\"true\" aria-invalid=\"false\" value=\"\" type=\"text\" name=\"your-first-name\" \/><\/span>\n<\/p>\n<p>Date of birth*\n<\/p>\n<p><span class=\"wpcf7-form-control-wrap\" data-name=\"date-of-birth\"><input size=\"40\" maxlength=\"400\" class=\"wpcf7-form-control wpcf7-text wpcf7-validates-as-required\" aria-required=\"true\" aria-invalid=\"false\" value=\"\" type=\"text\" name=\"date-of-birth\" \/><\/span>\n<\/p>\n<p>City of birth*\n<\/p>\n<p><span class=\"wpcf7-form-control-wrap\" data-name=\"city-of-birth\"><input size=\"40\" maxlength=\"400\" class=\"wpcf7-form-control wpcf7-text wpcf7-validates-as-required\" aria-required=\"true\" aria-invalid=\"false\" value=\"\" type=\"text\" name=\"city-of-birth\" \/><\/span>\n<\/p>\n<p>License N\u00b0\n<\/p>\n<p><span class=\"wpcf7-form-control-wrap\" data-name=\"NLicense\"><input size=\"40\" maxlength=\"400\" class=\"wpcf7-form-control wpcf7-text\" aria-invalid=\"false\" value=\"\" type=\"text\" name=\"NLicense\" \/><\/span>\n<\/p>\n<p>Email*\n<\/p>\n<p><span class=\"wpcf7-form-control-wrap\" data-name=\"your-email\"><input size=\"40\" maxlength=\"400\" class=\"wpcf7-form-control wpcf7-email wpcf7-validates-as-required wpcf7-text wpcf7-validates-as-email\" aria-required=\"true\" aria-invalid=\"false\" value=\"\" type=\"email\" name=\"your-email\" \/><\/span>\n<\/p>\n<p>Address*\n<\/p>\n<p><span class=\"wpcf7-form-control-wrap\" data-name=\"address\"><input size=\"40\" maxlength=\"400\" class=\"wpcf7-form-control wpcf7-text wpcf7-validates-as-required\" aria-required=\"true\" aria-invalid=\"false\" value=\"\" type=\"text\" name=\"address\" \/><\/span>\n<\/p>\n<p>Postal code*\n<\/p>\n<p><span class=\"wpcf7-form-control-wrap\" data-name=\"postal\"><input size=\"40\" maxlength=\"400\" class=\"wpcf7-form-control wpcf7-text wpcf7-validates-as-required\" aria-required=\"true\" aria-invalid=\"false\" value=\"\" type=\"text\" name=\"postal\" \/><\/span>\n<\/p>\n<p>City*\n<\/p>\n<p><span class=\"wpcf7-form-control-wrap\" data-name=\"city\"><input size=\"40\" maxlength=\"400\" class=\"wpcf7-form-control wpcf7-text wpcf7-validates-as-required\" aria-required=\"true\" aria-invalid=\"false\" value=\"\" type=\"text\" name=\"city\" \/><\/span>\n<\/p>\n<p>Phone number*\n<\/p>\n<p><span class=\"wpcf7-form-control-wrap\" data-name=\"your-phone\"><input size=\"40\" maxlength=\"400\" class=\"wpcf7-form-control wpcf7-text wpcf7-validates-as-required\" aria-required=\"true\" aria-invalid=\"false\" value=\"\" type=\"text\" name=\"your-phone\" \/><\/span>\n<\/p>\n<p>Message\n<\/p>\n<p><span class=\"wpcf7-form-control-wrap\" data-name=\"your-message\"><textarea cols=\"40\" rows=\"10\" maxlength=\"2000\" class=\"wpcf7-form-control wpcf7-textarea\" aria-invalid=\"false\" name=\"your-message\"><\/textarea><\/span>\n<\/p>\n<p><input class=\"wpcf7-form-control wpcf7-submit has-spinner\" type=\"submit\" value=\"Submit\" \/>\n<\/p><p style=\"display: none !important;\" class=\"akismet-fields-container\" data-prefix=\"_wpcf7_ak_\"><label>&#916;<textarea name=\"_wpcf7_ak_hp_textarea\" cols=\"45\" rows=\"8\" maxlength=\"100\"><\/textarea><\/label><input type=\"hidden\" id=\"ak_js_1\" name=\"_wpcf7_ak_js\" value=\"244\"\/><script type=\"text\/javascript\">\n\/* <![CDATA[ *\/\ndocument.getElementById( \"ak_js_1\" ).setAttribute( \"value\", ( new Date() ).getTime() );\n\/* ]]> *\/\n<\/script>\n<\/p><input type='hidden' class='wpcf7-pum' value='{\"closepopup\":false,\"closedelay\":0,\"openpopup\":false,\"openpopup_id\":0}' \/><div class=\"wpcf7-response-output\" aria-hidden=\"true\"><\/div>\n<\/form>\n<\/div>\n<br>\n<p>[\/vc_column_text][\/vc_column][\/vc_row]<\/p>\n<\/div>","protected":false},"excerpt":{"rendered":"<p>[vc_row][vc_column][vc_column_text css=&#8221;&#8221;]French sailing license with CLUB CHALLENGE OCEAN, to take part in our sailing courses &#8211; coastal, semi-offshore, offshore &#8211; as well as Atlantic crossing and races. French Sailing School The CHALLENGE OCEAN Club has been awarded as a French Cruising School label by the French Sailing Federation under number 56S08. As such, it is able to deliver the skills&hellip;<\/p>\n","protected":false},"author":1001002,"featured_media":0,"parent":0,"menu_order":0,"comment_status":"closed","ping_status":"closed","template":"","meta":{"_monsterinsights_skip_tracking":false,"_monsterinsights_sitenote_active":false,"_monsterinsights_sitenote_note":"","_monsterinsights_sitenote_category":0,"footnotes":""},"class_list":["post-8812","page","type-page","status-publish","hentry"],"yoast_head":"<!-- This site is optimized with the Yoast SEO Premium plugin v27.4 (Yoast SEO v27.4) - https:\/\/yoast.com\/product\/yoast-seo-premium-wordpress\/ -->\n<title>French Sailing License with CLUB CHALLENGE OCEAN<\/title>\n<meta name=\"description\" content=\"French sailing license with CLUB CHALLENGE OCEAN, to take part in our sailing courses as well as Atlantic crossing and races.\" \/>\n<meta name=\"robots\" content=\"index, follow, max-snippet:-1, max-image-preview:large, max-video-preview:-1\" \/>\n<link rel=\"canonical\" href=\"https:\/\/www.challengeocean.com\/en\/french-sailing-license\/\" \/>\n<meta property=\"og:locale\" content=\"en_US\" \/>\n<meta property=\"og:type\" content=\"article\" \/>\n<meta property=\"og:title\" content=\"French Sailing License\" \/>\n<meta property=\"og:description\" content=\"French sailing license with CLUB CHALLENGE OCEAN, to take part in our sailing courses as well as Atlantic crossing and races.\" \/>\n<meta property=\"og:url\" content=\"https:\/\/www.challengeocean.com\/en\/french-sailing-license\/\" \/>\n<meta property=\"og:site_name\" content=\"CHALLENGE OCEAN\" \/>\n<meta property=\"article:publisher\" content=\"https:\/\/www.facebook.com\/challengeocean\/\" \/>\n<meta property=\"article:modified_time\" content=\"2025-12-02T09:56:49+00:00\" \/>\n<meta property=\"og:image\" content=\"https:\/\/www.challengeocean.com\/wp-content\/uploads\/2018\/04\/FFVoile_EcoleCroisire_Rond-1.png\" \/>\n\t<meta property=\"og:image:width\" content=\"400\" \/>\n\t<meta property=\"og:image:height\" content=\"400\" \/>\n\t<meta property=\"og:image:type\" content=\"image\/png\" \/>\n<meta name=\"twitter:label1\" content=\"Est. reading time\" \/>\n\t<meta name=\"twitter:data1\" content=\"2 minutes\" \/>\n<script type=\"application\/ld+json\" class=\"yoast-schema-graph\">{\"@context\":\"https:\\\/\\\/schema.org\",\"@graph\":[{\"@type\":\"WebPage\",\"@id\":\"https:\\\/\\\/www.challengeocean.com\\\/en\\\/french-sailing-license\\\/\",\"url\":\"https:\\\/\\\/www.challengeocean.com\\\/en\\\/french-sailing-license\\\/\",\"name\":\"French Sailing License with CLUB CHALLENGE OCEAN\",\"isPartOf\":{\"@id\":\"https:\\\/\\\/www.challengeocean.com\\\/en\\\/#website\"},\"primaryImageOfPage\":{\"@id\":\"https:\\\/\\\/www.challengeocean.com\\\/en\\\/french-sailing-license\\\/#primaryimage\"},\"image\":{\"@id\":\"https:\\\/\\\/www.challengeocean.com\\\/en\\\/french-sailing-license\\\/#primaryimage\"},\"thumbnailUrl\":\"https:\\\/\\\/www.challengeocean.com\\\/wp-content\\\/uploads\\\/2018\\\/04\\\/FFVoile_EcoleCroisire_Rond-1.png\",\"datePublished\":\"2024-01-05T10:40:43+00:00\",\"dateModified\":\"2025-12-02T09:56:49+00:00\",\"description\":\"French sailing license with CLUB CHALLENGE OCEAN, to take part in our sailing courses as well as Atlantic crossing and races.\",\"breadcrumb\":{\"@id\":\"https:\\\/\\\/www.challengeocean.com\\\/en\\\/french-sailing-license\\\/#breadcrumb\"},\"inLanguage\":\"en-US\",\"potentialAction\":[{\"@type\":\"ReadAction\",\"target\":[\"https:\\\/\\\/www.challengeocean.com\\\/en\\\/french-sailing-license\\\/\"]}]},{\"@type\":\"ImageObject\",\"inLanguage\":\"en-US\",\"@id\":\"https:\\\/\\\/www.challengeocean.com\\\/en\\\/french-sailing-license\\\/#primaryimage\",\"url\":\"https:\\\/\\\/www.challengeocean.com\\\/wp-content\\\/uploads\\\/2018\\\/04\\\/FFVoile_EcoleCroisire_Rond-1.png\",\"contentUrl\":\"https:\\\/\\\/www.challengeocean.com\\\/wp-content\\\/uploads\\\/2018\\\/04\\\/FFVoile_EcoleCroisire_Rond-1.png\"},{\"@type\":\"BreadcrumbList\",\"@id\":\"https:\\\/\\\/www.challengeocean.com\\\/en\\\/french-sailing-license\\\/#breadcrumb\",\"itemListElement\":[{\"@type\":\"ListItem\",\"position\":1,\"name\":\"Accueil\",\"item\":\"https:\\\/\\\/www.challengeocean.com\\\/en\\\/\"},{\"@type\":\"ListItem\",\"position\":2,\"name\":\"French Sailing License\"}]},{\"@type\":\"WebSite\",\"@id\":\"https:\\\/\\\/www.challengeocean.com\\\/en\\\/#website\",\"url\":\"https:\\\/\\\/www.challengeocean.com\\\/en\\\/\",\"name\":\"CHALLENGE OCEAN\",\"description\":\"\u00c9cole Fran\u00e7aise de Croisi\u00e8re - Location voiliers avec skipper\",\"publisher\":{\"@id\":\"https:\\\/\\\/www.challengeocean.com\\\/en\\\/#organization\"},\"potentialAction\":[{\"@type\":\"SearchAction\",\"target\":{\"@type\":\"EntryPoint\",\"urlTemplate\":\"https:\\\/\\\/www.challengeocean.com\\\/en\\\/?s={search_term_string}\"},\"query-input\":{\"@type\":\"PropertyValueSpecification\",\"valueRequired\":true,\"valueName\":\"search_term_string\"}}],\"inLanguage\":\"en-US\"},{\"@type\":\"Organization\",\"@id\":\"https:\\\/\\\/www.challengeocean.com\\\/en\\\/#organization\",\"name\":\"CHALLENGE OCEAN\",\"url\":\"https:\\\/\\\/www.challengeocean.com\\\/en\\\/\",\"logo\":{\"@type\":\"ImageObject\",\"inLanguage\":\"en-US\",\"@id\":\"https:\\\/\\\/www.challengeocean.com\\\/en\\\/#\\\/schema\\\/logo\\\/image\\\/\",\"url\":\"https:\\\/\\\/www.challengeocean.com\\\/wp-content\\\/uploads\\\/2013\\\/11\\\/logo_co_vertical.jpg\",\"contentUrl\":\"https:\\\/\\\/www.challengeocean.com\\\/wp-content\\\/uploads\\\/2013\\\/11\\\/logo_co_vertical.jpg\",\"width\":310,\"height\":310,\"caption\":\"CHALLENGE OCEAN\"},\"image\":{\"@id\":\"https:\\\/\\\/www.challengeocean.com\\\/en\\\/#\\\/schema\\\/logo\\\/image\\\/\"},\"sameAs\":[\"https:\\\/\\\/www.facebook.com\\\/challengeocean\\\/\",\"https:\\\/\\\/www.instagram.com\\\/challengeocean\\\/\",\"https:\\\/\\\/www.linkedin.com\\\/company\\\/challengeocean\\\/\",\"https:\\\/\\\/www.youtube.com\\\/@challengeocean\"],\"description\":\"\u00c9cole Fran\u00e7aise de Croisi\u00e8re - French Sailing School\",\"telephone\":\"+33 297350030\",\"legalName\":\"CHALLENGE OCEAN\",\"foundingDate\":\"2005-09-21\",\"vatID\":\"FR35478183171\",\"taxID\":\"47818317100030\",\"numberOfEmployees\":{\"@type\":\"QuantitativeValue\",\"minValue\":\"1\",\"maxValue\":\"10\"}}]}<\/script>\n<!-- \/ Yoast SEO Premium plugin. -->","yoast_head_json":{"title":"French Sailing License with CLUB CHALLENGE OCEAN","description":"French sailing license with CLUB CHALLENGE OCEAN, to take part in our sailing courses as well as Atlantic crossing and races.","robots":{"index":"index","follow":"follow","max-snippet":"max-snippet:-1","max-image-preview":"max-image-preview:large","max-video-preview":"max-video-preview:-1"},"canonical":"https:\/\/www.challengeocean.com\/en\/french-sailing-license\/","og_locale":"en_US","og_type":"article","og_title":"French Sailing License","og_description":"French sailing license with CLUB CHALLENGE OCEAN, to take part in our sailing courses as well as Atlantic crossing and races.","og_url":"https:\/\/www.challengeocean.com\/en\/french-sailing-license\/","og_site_name":"CHALLENGE OCEAN","article_publisher":"https:\/\/www.facebook.com\/challengeocean\/","article_modified_time":"2025-12-02T09:56:49+00:00","og_image":[{"width":400,"height":400,"url":"https:\/\/www.challengeocean.com\/wp-content\/uploads\/2018\/04\/FFVoile_EcoleCroisire_Rond-1.png","type":"image\/png"}],"twitter_misc":{"Est. reading time":"2 minutes"},"schema":{"@context":"https:\/\/schema.org","@graph":[{"@type":"WebPage","@id":"https:\/\/www.challengeocean.com\/en\/french-sailing-license\/","url":"https:\/\/www.challengeocean.com\/en\/french-sailing-license\/","name":"French Sailing License with CLUB CHALLENGE OCEAN","isPartOf":{"@id":"https:\/\/www.challengeocean.com\/en\/#website"},"primaryImageOfPage":{"@id":"https:\/\/www.challengeocean.com\/en\/french-sailing-license\/#primaryimage"},"image":{"@id":"https:\/\/www.challengeocean.com\/en\/french-sailing-license\/#primaryimage"},"thumbnailUrl":"https:\/\/www.challengeocean.com\/wp-content\/uploads\/2018\/04\/FFVoile_EcoleCroisire_Rond-1.png","datePublished":"2024-01-05T10:40:43+00:00","dateModified":"2025-12-02T09:56:49+00:00","description":"French sailing license with CLUB CHALLENGE OCEAN, to take part in our sailing courses as well as Atlantic crossing and races.","breadcrumb":{"@id":"https:\/\/www.challengeocean.com\/en\/french-sailing-license\/#breadcrumb"},"inLanguage":"en-US","potentialAction":[{"@type":"ReadAction","target":["https:\/\/www.challengeocean.com\/en\/french-sailing-license\/"]}]},{"@type":"ImageObject","inLanguage":"en-US","@id":"https:\/\/www.challengeocean.com\/en\/french-sailing-license\/#primaryimage","url":"https:\/\/www.challengeocean.com\/wp-content\/uploads\/2018\/04\/FFVoile_EcoleCroisire_Rond-1.png","contentUrl":"https:\/\/www.challengeocean.com\/wp-content\/uploads\/2018\/04\/FFVoile_EcoleCroisire_Rond-1.png"},{"@type":"BreadcrumbList","@id":"https:\/\/www.challengeocean.com\/en\/french-sailing-license\/#breadcrumb","itemListElement":[{"@type":"ListItem","position":1,"name":"Accueil","item":"https:\/\/www.challengeocean.com\/en\/"},{"@type":"ListItem","position":2,"name":"French Sailing License"}]},{"@type":"WebSite","@id":"https:\/\/www.challengeocean.com\/en\/#website","url":"https:\/\/www.challengeocean.com\/en\/","name":"CHALLENGE OCEAN","description":"\u00c9cole Fran\u00e7aise de Croisi\u00e8re - Location voiliers avec skipper","publisher":{"@id":"https:\/\/www.challengeocean.com\/en\/#organization"},"potentialAction":[{"@type":"SearchAction","target":{"@type":"EntryPoint","urlTemplate":"https:\/\/www.challengeocean.com\/en\/?s={search_term_string}"},"query-input":{"@type":"PropertyValueSpecification","valueRequired":true,"valueName":"search_term_string"}}],"inLanguage":"en-US"},{"@type":"Organization","@id":"https:\/\/www.challengeocean.com\/en\/#organization","name":"CHALLENGE OCEAN","url":"https:\/\/www.challengeocean.com\/en\/","logo":{"@type":"ImageObject","inLanguage":"en-US","@id":"https:\/\/www.challengeocean.com\/en\/#\/schema\/logo\/image\/","url":"https:\/\/www.challengeocean.com\/wp-content\/uploads\/2013\/11\/logo_co_vertical.jpg","contentUrl":"https:\/\/www.challengeocean.com\/wp-content\/uploads\/2013\/11\/logo_co_vertical.jpg","width":310,"height":310,"caption":"CHALLENGE OCEAN"},"image":{"@id":"https:\/\/www.challengeocean.com\/en\/#\/schema\/logo\/image\/"},"sameAs":["https:\/\/www.facebook.com\/challengeocean\/","https:\/\/www.instagram.com\/challengeocean\/","https:\/\/www.linkedin.com\/company\/challengeocean\/","https:\/\/www.youtube.com\/@challengeocean"],"description":"\u00c9cole Fran\u00e7aise de Croisi\u00e8re - French Sailing School","telephone":"+33 297350030","legalName":"CHALLENGE OCEAN","foundingDate":"2005-09-21","vatID":"FR35478183171","taxID":"47818317100030","numberOfEmployees":{"@type":"QuantitativeValue","minValue":"1","maxValue":"10"}}]}},"_links":{"self":[{"href":"https:\/\/www.challengeocean.com\/en\/wp-json\/wp\/v2\/pages\/8812","targetHints":{"allow":["GET"]}}],"collection":[{"href":"https:\/\/www.challengeocean.com\/en\/wp-json\/wp\/v2\/pages"}],"about":[{"href":"https:\/\/www.challengeocean.com\/en\/wp-json\/wp\/v2\/types\/page"}],"author":[{"embeddable":true,"href":"https:\/\/www.challengeocean.com\/en\/wp-json\/wp\/v2\/users\/1001002"}],"replies":[{"embeddable":true,"href":"https:\/\/www.challengeocean.com\/en\/wp-json\/wp\/v2\/comments?post=8812"}],"version-history":[{"count":15,"href":"https:\/\/www.challengeocean.com\/en\/wp-json\/wp\/v2\/pages\/8812\/revisions"}],"predecessor-version":[{"id":9746,"href":"https:\/\/www.challengeocean.com\/en\/wp-json\/wp\/v2\/pages\/8812\/revisions\/9746"}],"wp:attachment":[{"href":"https:\/\/www.challengeocean.com\/en\/wp-json\/wp\/v2\/media?parent=8812"}],"curies":[{"name":"wp","href":"https:\/\/api.w.org\/{rel}","templated":true}]}}