{"id":640,"date":"2014-09-16T17:34:40","date_gmt":"2014-09-16T16:34:40","guid":{"rendered":"http:\/\/www.challengeocean.com\/?page_id=640"},"modified":"2020-07-17T16:46:33","modified_gmt":"2020-07-17T15:46:33","slug":"coastal-sailing-course","status":"publish","type":"page","link":"https:\/\/www.challengeocean.com\/en\/sailing-school\/coastal-sailing-course\/","title":{"rendered":"Coastal Sailing Course"},"content":{"rendered":"<p>Coastal sailing course, semi-offshore from Lorient in southern Brittany to head for the Archipelago des Scilly.<\/p>\n<p>These liveaboard cruises are based on a <strong>7-day mid-shore navigation program<\/strong>. Open to all, they allow teammates <strong>to acquire the mastery of the edge<\/strong> but also to discover an archipelago of islands located in the south west of England, 200 nautical miles from Lorient.<\/p>\n<h2><span style=\"color: #ff6600;\">A semi-deep sea sailing course to progress<\/span><\/h2>\n<p>This semi-deep sea sailing course in cruising school is intended for any navigator wishing to progress by structuring the techniques of use of a large sailboat. <strong>Emphasis is placed on anticipation<\/strong>, decision-making, participation and \/ or shift responsibility, in consultation with the skipper. The objective is to acquire the mastery of <strong>night navigation<\/strong>, safety, maneuvers, board management, equipment.<\/p>\n<h2><span style=\"color: #ff6600;\">Level crossings, maritime traffic and night navigation<\/span><\/h2>\n<p>During this cruise aboard one of our Challenge 67, the navigation goes through technical areas (Raz de Sein, Chenal du Four) but also frequented (DST), not to mention the night shifts.<br \/>\nOnce inside, you will discover the Scilly archipelago, which is full of islands suitable for seal colonies, not forgetting the tropical gardens on the island of Tresco.<\/p>\n<p>Duration: 7 days<br \/>\nNavigation: Lorient \/ Archipelago des Scilly<br \/>\nBoat: Albatros or Whirlwind &#8211; <a href=\"https:\/\/www.challengeocean.com\/en\/sail-boat-rental\/monohull-challenge-67\/\">Challenge 67<\/a><br \/>\nEmbedded crew: all levels<br \/>\nPrice of the internship: 1090 \u20ac \/ crew member &#8211; Crate included (breakfast, lunch, dinner, consumables)<br \/>\nFFVoile license: compulsory<\/p>\n<p>The navigation program is from Lorient. The course is set on the Scilly Archipelago, 200 nautical miles away. Located in the Celtic Sea, the Scilly Islands are located in the west-southwest of the Cornwall Peninsula, from which they are only 20 miles distant. <a href=\"https:\/\/www.visitislesofscilly.com\/\" target=\"_blank\" rel=\"noopener noreferrer\">More about the Scilly Archipelago\u2026<\/a><\/p>\n<p>Go to the schedule training course semi-offshore &#8230;<\/p>\n<br>\n<p>&nbsp;<\/p>\n","protected":false},"excerpt":{"rendered":"<p>Coastal sailing course, semi-offshore from Lorient in southern Brittany to head for the Archipelago des Scilly. These liveaboard cruises are based on a 7-day mid-shore navigation program. Open to all, they allow teammates to acquire the mastery of the edge but also to discover an archipelago of islands located in the south west of England, 200 nautical miles from Lorient.&hellip;<\/p>\n","protected":false},"author":1001002,"featured_media":4508,"parent":610,"menu_order":2,"comment_status":"closed","ping_status":"closed","template":"","meta":{"_monsterinsights_skip_tracking":false,"_monsterinsights_sitenote_active":false,"_monsterinsights_sitenote_note":"","_monsterinsights_sitenote_category":0,"footnotes":""},"class_list":["post-640","page","type-page","status-publish","has-post-thumbnail","hentry"],"yoast_head":"<!-- This site is optimized with the Yoast SEO Premium plugin v27.5 (Yoast SEO v27.5) - https:\/\/yoast.com\/product\/yoast-seo-premium-wordpress\/ -->\n<title>Coastal sailing course - Training session - Sailing School in Brittany<\/title>\n<meta name=\"description\" content=\"Training course with session to learn coastal sailing, to improve skills, knowledge and get experience on yacht charter and rental with our Sailing School.\" \/>\n<meta name=\"robots\" content=\"index, follow, max-snippet:-1, max-image-preview:large, max-video-preview:-1\" \/>\n<link rel=\"canonical\" href=\"https:\/\/www.challengeocean.com\/en\/sailing-school\/coastal-sailing-course\/\" \/>\n<meta property=\"og:locale\" content=\"en_US\" \/>\n<meta property=\"og:type\" content=\"article\" \/>\n<meta property=\"og:title\" content=\"Coastal Sailing Course\" \/>\n<meta property=\"og:description\" content=\"Training course with session to learn coastal sailing, to improve skills, knowledge and get experience on yacht charter and rental with our Sailing School.\" \/>\n<meta property=\"og:url\" content=\"https:\/\/www.challengeocean.com\/en\/sailing-school\/coastal-sailing-course\/\" \/>\n<meta property=\"og:site_name\" content=\"CHALLENGE OCEAN\" \/>\n<meta property=\"article:publisher\" content=\"https:\/\/www.facebook.com\/challengeocean\/\" \/>\n<meta property=\"article:modified_time\" content=\"2020-07-17T15:46:33+00:00\" \/>\n<meta property=\"og:image\" content=\"https:\/\/www.challengeocean.com\/wp-content\/uploads\/2016\/01\/Carte-Lorient-Scilly-1.jpg\" \/>\n\t<meta property=\"og:image:width\" content=\"1000\" \/>\n\t<meta property=\"og:image:height\" content=\"720\" \/>\n\t<meta property=\"og:image:type\" content=\"image\/jpeg\" \/>\n<meta name=\"twitter:label1\" content=\"Est. reading time\" \/>\n\t<meta name=\"twitter:data1\" content=\"1 minute\" \/>\n<script type=\"application\/ld+json\" class=\"yoast-schema-graph\">{\"@context\":\"https:\\\/\\\/schema.org\",\"@graph\":[{\"@type\":\"WebPage\",\"@id\":\"https:\\\/\\\/www.challengeocean.com\\\/en\\\/sailing-school\\\/coastal-sailing-course\\\/\",\"url\":\"https:\\\/\\\/www.challengeocean.com\\\/en\\\/sailing-school\\\/coastal-sailing-course\\\/\",\"name\":\"Coastal sailing course - Training session - Sailing School in Brittany\",\"isPartOf\":{\"@id\":\"https:\\\/\\\/www.challengeocean.com\\\/en\\\/#website\"},\"primaryImageOfPage\":{\"@id\":\"https:\\\/\\\/www.challengeocean.com\\\/en\\\/sailing-school\\\/coastal-sailing-course\\\/#primaryimage\"},\"image\":{\"@id\":\"https:\\\/\\\/www.challengeocean.com\\\/en\\\/sailing-school\\\/coastal-sailing-course\\\/#primaryimage\"},\"thumbnailUrl\":\"https:\\\/\\\/www.challengeocean.com\\\/wp-content\\\/uploads\\\/2016\\\/01\\\/Carte-Lorient-Scilly-1.jpg\",\"datePublished\":\"2014-09-16T16:34:40+00:00\",\"dateModified\":\"2020-07-17T15:46:33+00:00\",\"description\":\"Training course with session to learn coastal sailing, to improve skills, knowledge and get experience on yacht charter and rental with our Sailing School.\",\"breadcrumb\":{\"@id\":\"https:\\\/\\\/www.challengeocean.com\\\/en\\\/sailing-school\\\/coastal-sailing-course\\\/#breadcrumb\"},\"inLanguage\":\"en-US\",\"potentialAction\":[{\"@type\":\"ReadAction\",\"target\":[\"https:\\\/\\\/www.challengeocean.com\\\/en\\\/sailing-school\\\/coastal-sailing-course\\\/\"]}]},{\"@type\":\"ImageObject\",\"inLanguage\":\"en-US\",\"@id\":\"https:\\\/\\\/www.challengeocean.com\\\/en\\\/sailing-school\\\/coastal-sailing-course\\\/#primaryimage\",\"url\":\"https:\\\/\\\/www.challengeocean.com\\\/wp-content\\\/uploads\\\/2016\\\/01\\\/Carte-Lorient-Scilly-1.jpg\",\"contentUrl\":\"https:\\\/\\\/www.challengeocean.com\\\/wp-content\\\/uploads\\\/2016\\\/01\\\/Carte-Lorient-Scilly-1.jpg\",\"width\":1000,\"height\":720},{\"@type\":\"BreadcrumbList\",\"@id\":\"https:\\\/\\\/www.challengeocean.com\\\/en\\\/sailing-school\\\/coastal-sailing-course\\\/#breadcrumb\",\"itemListElement\":[{\"@type\":\"ListItem\",\"position\":1,\"name\":\"Accueil\",\"item\":\"https:\\\/\\\/www.challengeocean.com\\\/en\\\/\"},{\"@type\":\"ListItem\",\"position\":2,\"name\":\"Sailing School\",\"item\":\"https:\\\/\\\/www.challengeocean.com\\\/en\\\/sailing-school\\\/\"},{\"@type\":\"ListItem\",\"position\":3,\"name\":\"Coastal Sailing Course\"}]},{\"@type\":\"WebSite\",\"@id\":\"https:\\\/\\\/www.challengeocean.com\\\/en\\\/#website\",\"url\":\"https:\\\/\\\/www.challengeocean.com\\\/en\\\/\",\"name\":\"CHALLENGE OCEAN\",\"description\":\"\u00c9cole Fran\u00e7aise de Croisi\u00e8re - Location voiliers avec skipper\",\"publisher\":{\"@id\":\"https:\\\/\\\/www.challengeocean.com\\\/en\\\/#organization\"},\"potentialAction\":[{\"@type\":\"SearchAction\",\"target\":{\"@type\":\"EntryPoint\",\"urlTemplate\":\"https:\\\/\\\/www.challengeocean.com\\\/en\\\/?s={search_term_string}\"},\"query-input\":{\"@type\":\"PropertyValueSpecification\",\"valueRequired\":true,\"valueName\":\"search_term_string\"}}],\"inLanguage\":\"en-US\"},{\"@type\":\"Organization\",\"@id\":\"https:\\\/\\\/www.challengeocean.com\\\/en\\\/#organization\",\"name\":\"CHALLENGE OCEAN\",\"url\":\"https:\\\/\\\/www.challengeocean.com\\\/en\\\/\",\"logo\":{\"@type\":\"ImageObject\",\"inLanguage\":\"en-US\",\"@id\":\"https:\\\/\\\/www.challengeocean.com\\\/en\\\/#\\\/schema\\\/logo\\\/image\\\/\",\"url\":\"https:\\\/\\\/www.challengeocean.com\\\/wp-content\\\/uploads\\\/2013\\\/11\\\/logo_co_vertical.jpg\",\"contentUrl\":\"https:\\\/\\\/www.challengeocean.com\\\/wp-content\\\/uploads\\\/2013\\\/11\\\/logo_co_vertical.jpg\",\"width\":310,\"height\":310,\"caption\":\"CHALLENGE OCEAN\"},\"image\":{\"@id\":\"https:\\\/\\\/www.challengeocean.com\\\/en\\\/#\\\/schema\\\/logo\\\/image\\\/\"},\"sameAs\":[\"https:\\\/\\\/www.facebook.com\\\/challengeocean\\\/\",\"https:\\\/\\\/www.instagram.com\\\/challengeocean\\\/\",\"https:\\\/\\\/www.linkedin.com\\\/company\\\/challengeocean\\\/\",\"https:\\\/\\\/www.youtube.com\\\/@challengeocean\"],\"description\":\"\u00c9cole Fran\u00e7aise de Croisi\u00e8re - French Sailing School\",\"telephone\":\"+33 297350030\",\"legalName\":\"CHALLENGE OCEAN\",\"foundingDate\":\"2005-09-21\",\"vatID\":\"FR35478183171\",\"taxID\":\"47818317100030\",\"numberOfEmployees\":{\"@type\":\"QuantitativeValue\",\"minValue\":\"1\",\"maxValue\":\"10\"}}]}<\/script>\n<!-- \/ Yoast SEO Premium plugin. -->","yoast_head_json":{"title":"Coastal sailing course - Training session - Sailing School in Brittany","description":"Training course with session to learn coastal sailing, to improve skills, knowledge and get experience on yacht charter and rental with our Sailing School.","robots":{"index":"index","follow":"follow","max-snippet":"max-snippet:-1","max-image-preview":"max-image-preview:large","max-video-preview":"max-video-preview:-1"},"canonical":"https:\/\/www.challengeocean.com\/en\/sailing-school\/coastal-sailing-course\/","og_locale":"en_US","og_type":"article","og_title":"Coastal Sailing Course","og_description":"Training course with session to learn coastal sailing, to improve skills, knowledge and get experience on yacht charter and rental with our Sailing School.","og_url":"https:\/\/www.challengeocean.com\/en\/sailing-school\/coastal-sailing-course\/","og_site_name":"CHALLENGE OCEAN","article_publisher":"https:\/\/www.facebook.com\/challengeocean\/","article_modified_time":"2020-07-17T15:46:33+00:00","og_image":[{"width":1000,"height":720,"url":"https:\/\/www.challengeocean.com\/wp-content\/uploads\/2016\/01\/Carte-Lorient-Scilly-1.jpg","type":"image\/jpeg"}],"twitter_misc":{"Est. reading time":"1 minute"},"schema":{"@context":"https:\/\/schema.org","@graph":[{"@type":"WebPage","@id":"https:\/\/www.challengeocean.com\/en\/sailing-school\/coastal-sailing-course\/","url":"https:\/\/www.challengeocean.com\/en\/sailing-school\/coastal-sailing-course\/","name":"Coastal sailing course - Training session - Sailing School in Brittany","isPartOf":{"@id":"https:\/\/www.challengeocean.com\/en\/#website"},"primaryImageOfPage":{"@id":"https:\/\/www.challengeocean.com\/en\/sailing-school\/coastal-sailing-course\/#primaryimage"},"image":{"@id":"https:\/\/www.challengeocean.com\/en\/sailing-school\/coastal-sailing-course\/#primaryimage"},"thumbnailUrl":"https:\/\/www.challengeocean.com\/wp-content\/uploads\/2016\/01\/Carte-Lorient-Scilly-1.jpg","datePublished":"2014-09-16T16:34:40+00:00","dateModified":"2020-07-17T15:46:33+00:00","description":"Training course with session to learn coastal sailing, to improve skills, knowledge and get experience on yacht charter and rental with our Sailing School.","breadcrumb":{"@id":"https:\/\/www.challengeocean.com\/en\/sailing-school\/coastal-sailing-course\/#breadcrumb"},"inLanguage":"en-US","potentialAction":[{"@type":"ReadAction","target":["https:\/\/www.challengeocean.com\/en\/sailing-school\/coastal-sailing-course\/"]}]},{"@type":"ImageObject","inLanguage":"en-US","@id":"https:\/\/www.challengeocean.com\/en\/sailing-school\/coastal-sailing-course\/#primaryimage","url":"https:\/\/www.challengeocean.com\/wp-content\/uploads\/2016\/01\/Carte-Lorient-Scilly-1.jpg","contentUrl":"https:\/\/www.challengeocean.com\/wp-content\/uploads\/2016\/01\/Carte-Lorient-Scilly-1.jpg","width":1000,"height":720},{"@type":"BreadcrumbList","@id":"https:\/\/www.challengeocean.com\/en\/sailing-school\/coastal-sailing-course\/#breadcrumb","itemListElement":[{"@type":"ListItem","position":1,"name":"Accueil","item":"https:\/\/www.challengeocean.com\/en\/"},{"@type":"ListItem","position":2,"name":"Sailing School","item":"https:\/\/www.challengeocean.com\/en\/sailing-school\/"},{"@type":"ListItem","position":3,"name":"Coastal Sailing Course"}]},{"@type":"WebSite","@id":"https:\/\/www.challengeocean.com\/en\/#website","url":"https:\/\/www.challengeocean.com\/en\/","name":"CHALLENGE OCEAN","description":"\u00c9cole Fran\u00e7aise de Croisi\u00e8re - Location voiliers avec skipper","publisher":{"@id":"https:\/\/www.challengeocean.com\/en\/#organization"},"potentialAction":[{"@type":"SearchAction","target":{"@type":"EntryPoint","urlTemplate":"https:\/\/www.challengeocean.com\/en\/?s={search_term_string}"},"query-input":{"@type":"PropertyValueSpecification","valueRequired":true,"valueName":"search_term_string"}}],"inLanguage":"en-US"},{"@type":"Organization","@id":"https:\/\/www.challengeocean.com\/en\/#organization","name":"CHALLENGE OCEAN","url":"https:\/\/www.challengeocean.com\/en\/","logo":{"@type":"ImageObject","inLanguage":"en-US","@id":"https:\/\/www.challengeocean.com\/en\/#\/schema\/logo\/image\/","url":"https:\/\/www.challengeocean.com\/wp-content\/uploads\/2013\/11\/logo_co_vertical.jpg","contentUrl":"https:\/\/www.challengeocean.com\/wp-content\/uploads\/2013\/11\/logo_co_vertical.jpg","width":310,"height":310,"caption":"CHALLENGE OCEAN"},"image":{"@id":"https:\/\/www.challengeocean.com\/en\/#\/schema\/logo\/image\/"},"sameAs":["https:\/\/www.facebook.com\/challengeocean\/","https:\/\/www.instagram.com\/challengeocean\/","https:\/\/www.linkedin.com\/company\/challengeocean\/","https:\/\/www.youtube.com\/@challengeocean"],"description":"\u00c9cole Fran\u00e7aise de Croisi\u00e8re - French Sailing School","telephone":"+33 297350030","legalName":"CHALLENGE OCEAN","foundingDate":"2005-09-21","vatID":"FR35478183171","taxID":"47818317100030","numberOfEmployees":{"@type":"QuantitativeValue","minValue":"1","maxValue":"10"}}]}},"_links":{"self":[{"href":"https:\/\/www.challengeocean.com\/en\/wp-json\/wp\/v2\/pages\/640","targetHints":{"allow":["GET"]}}],"collection":[{"href":"https:\/\/www.challengeocean.com\/en\/wp-json\/wp\/v2\/pages"}],"about":[{"href":"https:\/\/www.challengeocean.com\/en\/wp-json\/wp\/v2\/types\/page"}],"author":[{"embeddable":true,"href":"https:\/\/www.challengeocean.com\/en\/wp-json\/wp\/v2\/users\/1001002"}],"replies":[{"embeddable":true,"href":"https:\/\/www.challengeocean.com\/en\/wp-json\/wp\/v2\/comments?post=640"}],"version-history":[{"count":12,"href":"https:\/\/www.challengeocean.com\/en\/wp-json\/wp\/v2\/pages\/640\/revisions"}],"predecessor-version":[{"id":5806,"href":"https:\/\/www.challengeocean.com\/en\/wp-json\/wp\/v2\/pages\/640\/revisions\/5806"}],"up":[{"embeddable":true,"href":"https:\/\/www.challengeocean.com\/en\/wp-json\/wp\/v2\/pages\/610"}],"wp:featuredmedia":[{"embeddable":true,"href":"https:\/\/www.challengeocean.com\/en\/wp-json\/wp\/v2\/media\/4508"}],"wp:attachment":[{"href":"https:\/\/www.challengeocean.com\/en\/wp-json\/wp\/v2\/media?parent=640"}],"curies":[{"name":"wp","href":"https:\/\/api.w.org\/{rel}","templated":true}]}}