{"id":632,"date":"2014-09-16T17:56:46","date_gmt":"2014-09-16T16:56:46","guid":{"rendered":"http:\/\/www.challengeocean.com\/?page_id=632"},"modified":"2019-11-17T10:55:30","modified_gmt":"2019-11-17T09:55:30","slug":"challenge-ocean-2","status":"publish","type":"page","link":"https:\/\/www.challengeocean.com\/en\/challenge-ocean-2\/","title":{"rendered":"Challenge Ocean"},"content":{"rendered":"<blockquote><p><span style=\"color: #ff6600;\">CHALLENGE OCEAN is a yacht charter company with <a href=\"https:\/\/www.challengeocean.com\/en\/sail-boat-rental\/monohull-challenge-67\/\">21 m monohulls<\/a> and <a href=\"https:\/\/www.challengeocean.com\/en\/sail-boat-rental\/racing-maxi-catamaran\/\">22.50 m racing maxi catamaran<\/a>. Designed for offshore sailing, they are available for sailing from Lorient in South Brittany and in major harbours in France, so as abroad.<\/span><\/p>\n<p>All year round,\u00a0according to programs, these <a href=\"https:\/\/www.challengeocean.com\/en\/sail-boat-rental\/\">exceptional boats<\/a> sail in the Atlantic Ocean, North Sea and Caribbean Islands\u2026<\/p>\n<p><span style=\"color: #ff6600;\">TRAINING, SAILING, TRAVELING\u2026<\/span> Charter, corporate, seminar, delivery, transat, regatta, race, training course\u2026 Choose your own way to navigate !<\/p>\n<p>We also own a fleet of 8 <a href=\"https:\/\/www.challengeocean.com\/en\/sail-boat-rental\/one-design-catamaran\/\">One Design 25&#8242; Catamarans<\/a> (that means they&#8217;re all similar). For more than 10 years, they have been used for the Clairefontaine Trophy, an annual sailing race sponsored by Clairefontaine, where 8 champions battled for 3 days, from long distance treck to regattas.<\/p><\/blockquote>\n<p><span style=\"color: #000000;\">CHALLENGE O<span style=\"color: #000000;\"><a title=\"FFV\" href=\"http:\/\/www.ffvoile.fr\/ffv\/web\/\" target=\"_blank\" rel=\"noopener noreferrer\"><img loading=\"lazy\" decoding=\"async\" class=\"wp-image-98 alignleft\" src=\"https:\/\/www.challengeocean.com\/wp-content\/uploads\/2014\/02\/logo-ffv-300x152.jpg\" alt=\"Ecole de croisi\u00e8re FFV\" width=\"149\" height=\"64\" \/><\/a><\/span>CHALLENGE OCEAN is affiliated to FFVoile, the French Sailing Association, so that we can deliver French Certificates of Competence and Sailing Passport.\u00a0Formal training courses are not compulsory in order to achieve a Certificate of Competence. Instead, provided that you have sufficient experience and seatime, you can put yourself forward for an exam to test your skills and knowledge.<br \/>\nOur skippers and crews all have Capitaine 200 Certificate (Yacht Master) and Brevet d&#8217;Etat (Coastal Skipper).<br \/>\n<\/span><\/p>\n<p style=\"text-align: left;\"><span style=\"color: #ff6600;\">HEAD OFFICE<\/span><br \/>\nCHALLENGE OCEAN<br \/>\nBase\u00a0<span style=\"font-size: 13px;\">de S<\/span><span style=\"font-size: 13px;\">ous-Marins Lorient La Base<br \/>\nB\u00e2timent Celtic Subm<\/span><span style=\"font-size: 13px;\">arine<br \/>\n1, rue d&#8217;Estiennes d&#8217;Orv<\/span><span style=\"font-size: 13px;\">es &#8211; F 56100 Lorient<br \/>\n<\/span>T\u00e9l +33 (0<span style=\"font-size: 13px;\">)2 97 35 0<\/span><span style=\"font-size: 13px;\">0 30 &#8211; Fax +33 (0)2 97 35 00 31<\/span><\/p>\n<p>Created August 2004 &#8211; CEO Valdo DHOYER<br \/>\nSiret 478 183 171 00030 &#8211; SARL au capital de 20 600 \u20ac<br \/>\nTVA intracommunautaire FR35478183171<\/p>\n<br>\n<p>&nbsp;<\/p>\n","protected":false},"excerpt":{"rendered":"<p>CHALLENGE OCEAN is a yacht charter company with 21 m monohulls and 22.50 m racing maxi catamaran. Designed for offshore sailing, they are available for sailing from Lorient in South Brittany and in major harbours in France, so as abroad. All year round,\u00a0according to programs, these exceptional boats sail in the Atlantic Ocean, North Sea and Caribbean Islands\u2026 TRAINING, SAILING,&hellip;<\/p>\n","protected":false},"author":1001002,"featured_media":0,"parent":0,"menu_order":4,"comment_status":"closed","ping_status":"closed","template":"","meta":{"_monsterinsights_skip_tracking":false,"_monsterinsights_sitenote_active":false,"_monsterinsights_sitenote_note":"","_monsterinsights_sitenote_category":0,"footnotes":""},"class_list":["post-632","page","type-page","status-publish","hentry"],"yoast_head":"<!-- This site is optimized with the Yoast SEO Premium plugin v27.4 (Yoast SEO v27.4) - https:\/\/yoast.com\/product\/yoast-seo-premium-wordpress\/ -->\n<title>Yacht charter - Sailing School - Rental boat company - CHALLENGE OCEAN<\/title>\n<meta name=\"description\" content=\"CHALLENGE OCEAN, yacht charter, sailing school and rental boat company in Lorient, South Brittany in France, crew and skipper.\" \/>\n<meta name=\"robots\" content=\"index, follow, max-snippet:-1, max-image-preview:large, max-video-preview:-1\" \/>\n<link rel=\"canonical\" href=\"https:\/\/www.challengeocean.com\/en\/challenge-ocean-2\/\" \/>\n<meta property=\"og:locale\" content=\"en_US\" \/>\n<meta property=\"og:type\" content=\"article\" \/>\n<meta property=\"og:title\" content=\"Challenge Ocean\" \/>\n<meta property=\"og:description\" content=\"CHALLENGE OCEAN, yacht charter, sailing school and rental boat company in Lorient, South Brittany in France, crew and skipper.\" \/>\n<meta property=\"og:url\" content=\"https:\/\/www.challengeocean.com\/en\/challenge-ocean-2\/\" \/>\n<meta property=\"og:site_name\" content=\"CHALLENGE OCEAN\" \/>\n<meta property=\"article:publisher\" content=\"https:\/\/www.facebook.com\/challengeocean\/\" \/>\n<meta property=\"article:modified_time\" content=\"2019-11-17T09:55:30+00:00\" \/>\n<meta property=\"og:image\" content=\"https:\/\/www.challengeocean.com\/wp-content\/uploads\/2016\/01\/VORLorient773-150x150.jpg\" \/>\n<meta name=\"twitter:label1\" content=\"Est. reading time\" \/>\n\t<meta name=\"twitter:data1\" content=\"1 minute\" \/>\n<script type=\"application\/ld+json\" class=\"yoast-schema-graph\">{\"@context\":\"https:\\\/\\\/schema.org\",\"@graph\":[{\"@type\":\"WebPage\",\"@id\":\"https:\\\/\\\/www.challengeocean.com\\\/en\\\/challenge-ocean-2\\\/\",\"url\":\"https:\\\/\\\/www.challengeocean.com\\\/en\\\/challenge-ocean-2\\\/\",\"name\":\"Yacht charter - Sailing School - Rental boat company - CHALLENGE OCEAN\",\"isPartOf\":{\"@id\":\"https:\\\/\\\/www.challengeocean.com\\\/en\\\/#website\"},\"primaryImageOfPage\":{\"@id\":\"https:\\\/\\\/www.challengeocean.com\\\/en\\\/challenge-ocean-2\\\/#primaryimage\"},\"image\":{\"@id\":\"https:\\\/\\\/www.challengeocean.com\\\/en\\\/challenge-ocean-2\\\/#primaryimage\"},\"thumbnailUrl\":\"https:\\\/\\\/www.challengeocean.com\\\/wp-content\\\/uploads\\\/2014\\\/02\\\/logo-ffv-300x152.jpg\",\"datePublished\":\"2014-09-16T16:56:46+00:00\",\"dateModified\":\"2019-11-17T09:55:30+00:00\",\"description\":\"CHALLENGE OCEAN, yacht charter, sailing school and rental boat company in Lorient, South Brittany in France, crew and skipper.\",\"breadcrumb\":{\"@id\":\"https:\\\/\\\/www.challengeocean.com\\\/en\\\/challenge-ocean-2\\\/#breadcrumb\"},\"inLanguage\":\"en-US\",\"potentialAction\":[{\"@type\":\"ReadAction\",\"target\":[\"https:\\\/\\\/www.challengeocean.com\\\/en\\\/challenge-ocean-2\\\/\"]}]},{\"@type\":\"ImageObject\",\"inLanguage\":\"en-US\",\"@id\":\"https:\\\/\\\/www.challengeocean.com\\\/en\\\/challenge-ocean-2\\\/#primaryimage\",\"url\":\"https:\\\/\\\/www.challengeocean.com\\\/wp-content\\\/uploads\\\/2014\\\/02\\\/logo-ffv-300x152.jpg\",\"contentUrl\":\"https:\\\/\\\/www.challengeocean.com\\\/wp-content\\\/uploads\\\/2014\\\/02\\\/logo-ffv-300x152.jpg\"},{\"@type\":\"BreadcrumbList\",\"@id\":\"https:\\\/\\\/www.challengeocean.com\\\/en\\\/challenge-ocean-2\\\/#breadcrumb\",\"itemListElement\":[{\"@type\":\"ListItem\",\"position\":1,\"name\":\"Accueil\",\"item\":\"https:\\\/\\\/www.challengeocean.com\\\/en\\\/\"},{\"@type\":\"ListItem\",\"position\":2,\"name\":\"Challenge Ocean\"}]},{\"@type\":\"WebSite\",\"@id\":\"https:\\\/\\\/www.challengeocean.com\\\/en\\\/#website\",\"url\":\"https:\\\/\\\/www.challengeocean.com\\\/en\\\/\",\"name\":\"CHALLENGE OCEAN\",\"description\":\"\u00c9cole Fran\u00e7aise de Croisi\u00e8re - Location voiliers avec skipper\",\"publisher\":{\"@id\":\"https:\\\/\\\/www.challengeocean.com\\\/en\\\/#organization\"},\"potentialAction\":[{\"@type\":\"SearchAction\",\"target\":{\"@type\":\"EntryPoint\",\"urlTemplate\":\"https:\\\/\\\/www.challengeocean.com\\\/en\\\/?s={search_term_string}\"},\"query-input\":{\"@type\":\"PropertyValueSpecification\",\"valueRequired\":true,\"valueName\":\"search_term_string\"}}],\"inLanguage\":\"en-US\"},{\"@type\":\"Organization\",\"@id\":\"https:\\\/\\\/www.challengeocean.com\\\/en\\\/#organization\",\"name\":\"CHALLENGE OCEAN\",\"url\":\"https:\\\/\\\/www.challengeocean.com\\\/en\\\/\",\"logo\":{\"@type\":\"ImageObject\",\"inLanguage\":\"en-US\",\"@id\":\"https:\\\/\\\/www.challengeocean.com\\\/en\\\/#\\\/schema\\\/logo\\\/image\\\/\",\"url\":\"https:\\\/\\\/www.challengeocean.com\\\/wp-content\\\/uploads\\\/2013\\\/11\\\/logo_co_vertical.jpg\",\"contentUrl\":\"https:\\\/\\\/www.challengeocean.com\\\/wp-content\\\/uploads\\\/2013\\\/11\\\/logo_co_vertical.jpg\",\"width\":310,\"height\":310,\"caption\":\"CHALLENGE OCEAN\"},\"image\":{\"@id\":\"https:\\\/\\\/www.challengeocean.com\\\/en\\\/#\\\/schema\\\/logo\\\/image\\\/\"},\"sameAs\":[\"https:\\\/\\\/www.facebook.com\\\/challengeocean\\\/\",\"https:\\\/\\\/www.instagram.com\\\/challengeocean\\\/\",\"https:\\\/\\\/www.linkedin.com\\\/company\\\/challengeocean\\\/\",\"https:\\\/\\\/www.youtube.com\\\/@challengeocean\"],\"description\":\"\u00c9cole Fran\u00e7aise de Croisi\u00e8re - French Sailing School\",\"telephone\":\"+33 297350030\",\"legalName\":\"CHALLENGE OCEAN\",\"foundingDate\":\"2005-09-21\",\"vatID\":\"FR35478183171\",\"taxID\":\"47818317100030\",\"numberOfEmployees\":{\"@type\":\"QuantitativeValue\",\"minValue\":\"1\",\"maxValue\":\"10\"}}]}<\/script>\n<!-- \/ Yoast SEO Premium plugin. -->","yoast_head_json":{"title":"Yacht charter - Sailing School - Rental boat company - CHALLENGE OCEAN","description":"CHALLENGE OCEAN, yacht charter, sailing school and rental boat company in Lorient, South Brittany in France, crew and skipper.","robots":{"index":"index","follow":"follow","max-snippet":"max-snippet:-1","max-image-preview":"max-image-preview:large","max-video-preview":"max-video-preview:-1"},"canonical":"https:\/\/www.challengeocean.com\/en\/challenge-ocean-2\/","og_locale":"en_US","og_type":"article","og_title":"Challenge Ocean","og_description":"CHALLENGE OCEAN, yacht charter, sailing school and rental boat company in Lorient, South Brittany in France, crew and skipper.","og_url":"https:\/\/www.challengeocean.com\/en\/challenge-ocean-2\/","og_site_name":"CHALLENGE OCEAN","article_publisher":"https:\/\/www.facebook.com\/challengeocean\/","article_modified_time":"2019-11-17T09:55:30+00:00","og_image":[{"url":"https:\/\/www.challengeocean.com\/wp-content\/uploads\/2016\/01\/VORLorient773-150x150.jpg","type":"","width":"","height":""}],"twitter_misc":{"Est. reading time":"1 minute"},"schema":{"@context":"https:\/\/schema.org","@graph":[{"@type":"WebPage","@id":"https:\/\/www.challengeocean.com\/en\/challenge-ocean-2\/","url":"https:\/\/www.challengeocean.com\/en\/challenge-ocean-2\/","name":"Yacht charter - Sailing School - Rental boat company - CHALLENGE OCEAN","isPartOf":{"@id":"https:\/\/www.challengeocean.com\/en\/#website"},"primaryImageOfPage":{"@id":"https:\/\/www.challengeocean.com\/en\/challenge-ocean-2\/#primaryimage"},"image":{"@id":"https:\/\/www.challengeocean.com\/en\/challenge-ocean-2\/#primaryimage"},"thumbnailUrl":"https:\/\/www.challengeocean.com\/wp-content\/uploads\/2014\/02\/logo-ffv-300x152.jpg","datePublished":"2014-09-16T16:56:46+00:00","dateModified":"2019-11-17T09:55:30+00:00","description":"CHALLENGE OCEAN, yacht charter, sailing school and rental boat company in Lorient, South Brittany in France, crew and skipper.","breadcrumb":{"@id":"https:\/\/www.challengeocean.com\/en\/challenge-ocean-2\/#breadcrumb"},"inLanguage":"en-US","potentialAction":[{"@type":"ReadAction","target":["https:\/\/www.challengeocean.com\/en\/challenge-ocean-2\/"]}]},{"@type":"ImageObject","inLanguage":"en-US","@id":"https:\/\/www.challengeocean.com\/en\/challenge-ocean-2\/#primaryimage","url":"https:\/\/www.challengeocean.com\/wp-content\/uploads\/2014\/02\/logo-ffv-300x152.jpg","contentUrl":"https:\/\/www.challengeocean.com\/wp-content\/uploads\/2014\/02\/logo-ffv-300x152.jpg"},{"@type":"BreadcrumbList","@id":"https:\/\/www.challengeocean.com\/en\/challenge-ocean-2\/#breadcrumb","itemListElement":[{"@type":"ListItem","position":1,"name":"Accueil","item":"https:\/\/www.challengeocean.com\/en\/"},{"@type":"ListItem","position":2,"name":"Challenge Ocean"}]},{"@type":"WebSite","@id":"https:\/\/www.challengeocean.com\/en\/#website","url":"https:\/\/www.challengeocean.com\/en\/","name":"CHALLENGE OCEAN","description":"\u00c9cole Fran\u00e7aise de Croisi\u00e8re - Location voiliers avec skipper","publisher":{"@id":"https:\/\/www.challengeocean.com\/en\/#organization"},"potentialAction":[{"@type":"SearchAction","target":{"@type":"EntryPoint","urlTemplate":"https:\/\/www.challengeocean.com\/en\/?s={search_term_string}"},"query-input":{"@type":"PropertyValueSpecification","valueRequired":true,"valueName":"search_term_string"}}],"inLanguage":"en-US"},{"@type":"Organization","@id":"https:\/\/www.challengeocean.com\/en\/#organization","name":"CHALLENGE OCEAN","url":"https:\/\/www.challengeocean.com\/en\/","logo":{"@type":"ImageObject","inLanguage":"en-US","@id":"https:\/\/www.challengeocean.com\/en\/#\/schema\/logo\/image\/","url":"https:\/\/www.challengeocean.com\/wp-content\/uploads\/2013\/11\/logo_co_vertical.jpg","contentUrl":"https:\/\/www.challengeocean.com\/wp-content\/uploads\/2013\/11\/logo_co_vertical.jpg","width":310,"height":310,"caption":"CHALLENGE OCEAN"},"image":{"@id":"https:\/\/www.challengeocean.com\/en\/#\/schema\/logo\/image\/"},"sameAs":["https:\/\/www.facebook.com\/challengeocean\/","https:\/\/www.instagram.com\/challengeocean\/","https:\/\/www.linkedin.com\/company\/challengeocean\/","https:\/\/www.youtube.com\/@challengeocean"],"description":"\u00c9cole Fran\u00e7aise de Croisi\u00e8re - French Sailing School","telephone":"+33 297350030","legalName":"CHALLENGE OCEAN","foundingDate":"2005-09-21","vatID":"FR35478183171","taxID":"47818317100030","numberOfEmployees":{"@type":"QuantitativeValue","minValue":"1","maxValue":"10"}}]}},"_links":{"self":[{"href":"https:\/\/www.challengeocean.com\/en\/wp-json\/wp\/v2\/pages\/632","targetHints":{"allow":["GET"]}}],"collection":[{"href":"https:\/\/www.challengeocean.com\/en\/wp-json\/wp\/v2\/pages"}],"about":[{"href":"https:\/\/www.challengeocean.com\/en\/wp-json\/wp\/v2\/types\/page"}],"author":[{"embeddable":true,"href":"https:\/\/www.challengeocean.com\/en\/wp-json\/wp\/v2\/users\/1001002"}],"replies":[{"embeddable":true,"href":"https:\/\/www.challengeocean.com\/en\/wp-json\/wp\/v2\/comments?post=632"}],"version-history":[{"count":13,"href":"https:\/\/www.challengeocean.com\/en\/wp-json\/wp\/v2\/pages\/632\/revisions"}],"predecessor-version":[{"id":5195,"href":"https:\/\/www.challengeocean.com\/en\/wp-json\/wp\/v2\/pages\/632\/revisions\/5195"}],"wp:attachment":[{"href":"https:\/\/www.challengeocean.com\/en\/wp-json\/wp\/v2\/media?parent=632"}],"curies":[{"name":"wp","href":"https:\/\/api.w.org\/{rel}","templated":true}]}}