{"id":628,"date":"2014-09-16T17:48:20","date_gmt":"2014-09-16T16:48:20","guid":{"rendered":"http:\/\/www.challengeocean.com\/?page_id=628"},"modified":"2014-09-17T10:25:30","modified_gmt":"2014-09-17T09:25:30","slug":"terms","status":"publish","type":"page","link":"https:\/\/www.challengeocean.com\/en\/terms\/","title":{"rendered":"Terms"},"content":{"rendered":"<p><span style=\"color: #ff6600;\">PRIVATE POLICY<\/span><br \/>\n\u00a9 Copyright 2014 \u2013 All rights reserved<br \/>\nOwner of the web site : <span style=\"color: #000000;\">CHALLENGE OCEAN<\/span><br \/>\nDesign \/ Articles \/ Integration : <a title=\"Agence Concept Image Communication\" href=\"http:\/\/www.conceptimage.tv\" target=\"_blank\">Concept Image Communication<\/a><br \/>\n\u00a9 Photos Valdo DHOYER unless otherwise stated<br \/>\nMaxi catamaran Explorer \/ St. Malo 2015 \u00a9 Julien Girardot<br \/>\nWeb hosting : <a href=\"http:\/\/www.aflux.fr\" target=\"_blank\">Aflux.fr<\/a><\/p>\n<p><span style=\"color: #ff6600;\">AVERTISSEMENT<br \/>\n<\/span>Toute repr\u00e9sentation totale ou partielle de ce site ou d\u2019un ou plusieurs de ces composants, par quelque proc\u00e9d\u00e9 que ce soit, sans autorisation expresse est interdite et constituerait une contrefa\u00e7on sanctionn\u00e9e par les articles L.335-2 et suivants du Code de la propri\u00e9t\u00e9 intellectuelle.<br \/>\nConform\u00e9ment \u00e0 l\u2019article 27 de la loi n\u00b078-17 Informatique et Libert\u00e9 du 06\/01\/1978, nous vous garantissons un droit d\u2019acc\u00e8s, de modification, et de suppression des donn\u00e9es qui vous concernent. Pour l\u2019exercer, ou dans le cas o\u00f9 vous ne souhaiteriez pas \u00eatre contact\u00e9s, adressez-nous un courriel via le <a title=\"Contact\" href=\"http:\/\/www.ecole-de-croisiere.fr\/contact-lorient\/\">formulaire de contact<\/a>.<\/p>\n","protected":false},"excerpt":{"rendered":"<p>PRIVATE POLICY \u00a9 Copyright 2014 \u2013 All rights reserved Owner of the web site : CHALLENGE OCEAN Design \/ Articles \/ Integration : Concept Image Communication \u00a9 Photos Valdo DHOYER unless otherwise stated Maxi catamaran Explorer \/ St. Malo 2015 \u00a9 Julien Girardot Web hosting : Aflux.fr AVERTISSEMENT Toute repr\u00e9sentation totale ou partielle de ce site ou d\u2019un ou plusieurs&hellip;<\/p>\n","protected":false},"author":1001002,"featured_media":0,"parent":0,"menu_order":0,"comment_status":"closed","ping_status":"open","template":"","meta":{"_monsterinsights_skip_tracking":false,"_monsterinsights_sitenote_active":false,"_monsterinsights_sitenote_note":"","_monsterinsights_sitenote_category":0,"footnotes":""},"class_list":["post-628","page","type-page","status-publish","hentry"],"yoast_head":"<!-- This site is optimized with the Yoast SEO Premium plugin v27.4 (Yoast SEO v27.4) - https:\/\/yoast.com\/product\/yoast-seo-premium-wordpress\/ -->\n<title>Terms - Private Policy - CHALLENGE OCEAN<\/title>\n<meta name=\"description\" content=\"Terms and private policy for CHALLENGE OCEAN, yacht charter and boat rental, port of Lorient, in South Brittany in France.\" \/>\n<meta name=\"robots\" content=\"index, follow, max-snippet:-1, max-image-preview:large, max-video-preview:-1\" \/>\n<link rel=\"canonical\" href=\"https:\/\/www.challengeocean.com\/en\/terms\/\" \/>\n<meta property=\"og:locale\" content=\"en_US\" \/>\n<meta property=\"og:type\" content=\"article\" \/>\n<meta property=\"og:title\" content=\"Terms\" \/>\n<meta property=\"og:description\" content=\"Terms and private policy for CHALLENGE OCEAN, yacht charter and boat rental, port of Lorient, in South Brittany in France.\" \/>\n<meta property=\"og:url\" content=\"https:\/\/www.challengeocean.com\/en\/terms\/\" \/>\n<meta property=\"og:site_name\" content=\"CHALLENGE OCEAN\" \/>\n<meta property=\"article:publisher\" content=\"https:\/\/www.facebook.com\/challengeocean\/\" \/>\n<meta property=\"article:modified_time\" content=\"2014-09-17T09:25:30+00:00\" \/>\n<meta name=\"twitter:label1\" content=\"Est. reading time\" \/>\n\t<meta name=\"twitter:data1\" content=\"1 minute\" \/>\n<script type=\"application\/ld+json\" class=\"yoast-schema-graph\">{\"@context\":\"https:\\\/\\\/schema.org\",\"@graph\":[{\"@type\":\"WebPage\",\"@id\":\"https:\\\/\\\/www.challengeocean.com\\\/en\\\/terms\\\/\",\"url\":\"https:\\\/\\\/www.challengeocean.com\\\/en\\\/terms\\\/\",\"name\":\"Terms - Private Policy - CHALLENGE OCEAN\",\"isPartOf\":{\"@id\":\"https:\\\/\\\/www.challengeocean.com\\\/en\\\/#website\"},\"datePublished\":\"2014-09-16T16:48:20+00:00\",\"dateModified\":\"2014-09-17T09:25:30+00:00\",\"description\":\"Terms and private policy for CHALLENGE OCEAN, yacht charter and boat rental, port of Lorient, in South Brittany in France.\",\"breadcrumb\":{\"@id\":\"https:\\\/\\\/www.challengeocean.com\\\/en\\\/terms\\\/#breadcrumb\"},\"inLanguage\":\"en-US\",\"potentialAction\":[{\"@type\":\"ReadAction\",\"target\":[\"https:\\\/\\\/www.challengeocean.com\\\/en\\\/terms\\\/\"]}]},{\"@type\":\"BreadcrumbList\",\"@id\":\"https:\\\/\\\/www.challengeocean.com\\\/en\\\/terms\\\/#breadcrumb\",\"itemListElement\":[{\"@type\":\"ListItem\",\"position\":1,\"name\":\"Accueil\",\"item\":\"https:\\\/\\\/www.challengeocean.com\\\/en\\\/\"},{\"@type\":\"ListItem\",\"position\":2,\"name\":\"Terms\"}]},{\"@type\":\"WebSite\",\"@id\":\"https:\\\/\\\/www.challengeocean.com\\\/en\\\/#website\",\"url\":\"https:\\\/\\\/www.challengeocean.com\\\/en\\\/\",\"name\":\"CHALLENGE OCEAN\",\"description\":\"\u00c9cole Fran\u00e7aise de Croisi\u00e8re - Location voiliers avec skipper\",\"publisher\":{\"@id\":\"https:\\\/\\\/www.challengeocean.com\\\/en\\\/#organization\"},\"potentialAction\":[{\"@type\":\"SearchAction\",\"target\":{\"@type\":\"EntryPoint\",\"urlTemplate\":\"https:\\\/\\\/www.challengeocean.com\\\/en\\\/?s={search_term_string}\"},\"query-input\":{\"@type\":\"PropertyValueSpecification\",\"valueRequired\":true,\"valueName\":\"search_term_string\"}}],\"inLanguage\":\"en-US\"},{\"@type\":\"Organization\",\"@id\":\"https:\\\/\\\/www.challengeocean.com\\\/en\\\/#organization\",\"name\":\"CHALLENGE OCEAN\",\"url\":\"https:\\\/\\\/www.challengeocean.com\\\/en\\\/\",\"logo\":{\"@type\":\"ImageObject\",\"inLanguage\":\"en-US\",\"@id\":\"https:\\\/\\\/www.challengeocean.com\\\/en\\\/#\\\/schema\\\/logo\\\/image\\\/\",\"url\":\"https:\\\/\\\/www.challengeocean.com\\\/wp-content\\\/uploads\\\/2013\\\/11\\\/logo_co_vertical.jpg\",\"contentUrl\":\"https:\\\/\\\/www.challengeocean.com\\\/wp-content\\\/uploads\\\/2013\\\/11\\\/logo_co_vertical.jpg\",\"width\":310,\"height\":310,\"caption\":\"CHALLENGE OCEAN\"},\"image\":{\"@id\":\"https:\\\/\\\/www.challengeocean.com\\\/en\\\/#\\\/schema\\\/logo\\\/image\\\/\"},\"sameAs\":[\"https:\\\/\\\/www.facebook.com\\\/challengeocean\\\/\",\"https:\\\/\\\/www.instagram.com\\\/challengeocean\\\/\",\"https:\\\/\\\/www.linkedin.com\\\/company\\\/challengeocean\\\/\",\"https:\\\/\\\/www.youtube.com\\\/@challengeocean\"],\"description\":\"\u00c9cole Fran\u00e7aise de Croisi\u00e8re - French Sailing School\",\"telephone\":\"+33 297350030\",\"legalName\":\"CHALLENGE OCEAN\",\"foundingDate\":\"2005-09-21\",\"vatID\":\"FR35478183171\",\"taxID\":\"47818317100030\",\"numberOfEmployees\":{\"@type\":\"QuantitativeValue\",\"minValue\":\"1\",\"maxValue\":\"10\"}}]}<\/script>\n<!-- \/ Yoast SEO Premium plugin. -->","yoast_head_json":{"title":"Terms - Private Policy - CHALLENGE OCEAN","description":"Terms and private policy for CHALLENGE OCEAN, yacht charter and boat rental, port of Lorient, in South Brittany in France.","robots":{"index":"index","follow":"follow","max-snippet":"max-snippet:-1","max-image-preview":"max-image-preview:large","max-video-preview":"max-video-preview:-1"},"canonical":"https:\/\/www.challengeocean.com\/en\/terms\/","og_locale":"en_US","og_type":"article","og_title":"Terms","og_description":"Terms and private policy for CHALLENGE OCEAN, yacht charter and boat rental, port of Lorient, in South Brittany in France.","og_url":"https:\/\/www.challengeocean.com\/en\/terms\/","og_site_name":"CHALLENGE OCEAN","article_publisher":"https:\/\/www.facebook.com\/challengeocean\/","article_modified_time":"2014-09-17T09:25:30+00:00","twitter_misc":{"Est. reading time":"1 minute"},"schema":{"@context":"https:\/\/schema.org","@graph":[{"@type":"WebPage","@id":"https:\/\/www.challengeocean.com\/en\/terms\/","url":"https:\/\/www.challengeocean.com\/en\/terms\/","name":"Terms - Private Policy - CHALLENGE OCEAN","isPartOf":{"@id":"https:\/\/www.challengeocean.com\/en\/#website"},"datePublished":"2014-09-16T16:48:20+00:00","dateModified":"2014-09-17T09:25:30+00:00","description":"Terms and private policy for CHALLENGE OCEAN, yacht charter and boat rental, port of Lorient, in South Brittany in France.","breadcrumb":{"@id":"https:\/\/www.challengeocean.com\/en\/terms\/#breadcrumb"},"inLanguage":"en-US","potentialAction":[{"@type":"ReadAction","target":["https:\/\/www.challengeocean.com\/en\/terms\/"]}]},{"@type":"BreadcrumbList","@id":"https:\/\/www.challengeocean.com\/en\/terms\/#breadcrumb","itemListElement":[{"@type":"ListItem","position":1,"name":"Accueil","item":"https:\/\/www.challengeocean.com\/en\/"},{"@type":"ListItem","position":2,"name":"Terms"}]},{"@type":"WebSite","@id":"https:\/\/www.challengeocean.com\/en\/#website","url":"https:\/\/www.challengeocean.com\/en\/","name":"CHALLENGE OCEAN","description":"\u00c9cole Fran\u00e7aise de Croisi\u00e8re - Location voiliers avec skipper","publisher":{"@id":"https:\/\/www.challengeocean.com\/en\/#organization"},"potentialAction":[{"@type":"SearchAction","target":{"@type":"EntryPoint","urlTemplate":"https:\/\/www.challengeocean.com\/en\/?s={search_term_string}"},"query-input":{"@type":"PropertyValueSpecification","valueRequired":true,"valueName":"search_term_string"}}],"inLanguage":"en-US"},{"@type":"Organization","@id":"https:\/\/www.challengeocean.com\/en\/#organization","name":"CHALLENGE OCEAN","url":"https:\/\/www.challengeocean.com\/en\/","logo":{"@type":"ImageObject","inLanguage":"en-US","@id":"https:\/\/www.challengeocean.com\/en\/#\/schema\/logo\/image\/","url":"https:\/\/www.challengeocean.com\/wp-content\/uploads\/2013\/11\/logo_co_vertical.jpg","contentUrl":"https:\/\/www.challengeocean.com\/wp-content\/uploads\/2013\/11\/logo_co_vertical.jpg","width":310,"height":310,"caption":"CHALLENGE OCEAN"},"image":{"@id":"https:\/\/www.challengeocean.com\/en\/#\/schema\/logo\/image\/"},"sameAs":["https:\/\/www.facebook.com\/challengeocean\/","https:\/\/www.instagram.com\/challengeocean\/","https:\/\/www.linkedin.com\/company\/challengeocean\/","https:\/\/www.youtube.com\/@challengeocean"],"description":"\u00c9cole Fran\u00e7aise de Croisi\u00e8re - French Sailing School","telephone":"+33 297350030","legalName":"CHALLENGE OCEAN","foundingDate":"2005-09-21","vatID":"FR35478183171","taxID":"47818317100030","numberOfEmployees":{"@type":"QuantitativeValue","minValue":"1","maxValue":"10"}}]}},"_links":{"self":[{"href":"https:\/\/www.challengeocean.com\/en\/wp-json\/wp\/v2\/pages\/628","targetHints":{"allow":["GET"]}}],"collection":[{"href":"https:\/\/www.challengeocean.com\/en\/wp-json\/wp\/v2\/pages"}],"about":[{"href":"https:\/\/www.challengeocean.com\/en\/wp-json\/wp\/v2\/types\/page"}],"author":[{"embeddable":true,"href":"https:\/\/www.challengeocean.com\/en\/wp-json\/wp\/v2\/users\/1001002"}],"replies":[{"embeddable":true,"href":"https:\/\/www.challengeocean.com\/en\/wp-json\/wp\/v2\/comments?post=628"}],"version-history":[{"count":3,"href":"https:\/\/www.challengeocean.com\/en\/wp-json\/wp\/v2\/pages\/628\/revisions"}],"predecessor-version":[{"id":686,"href":"https:\/\/www.challengeocean.com\/en\/wp-json\/wp\/v2\/pages\/628\/revisions\/686"}],"wp:attachment":[{"href":"https:\/\/www.challengeocean.com\/en\/wp-json\/wp\/v2\/media?parent=628"}],"curies":[{"name":"wp","href":"https:\/\/api.w.org\/{rel}","templated":true}]}}