{"id":625,"date":"2014-09-16T17:46:15","date_gmt":"2014-09-16T16:46:15","guid":{"rendered":"http:\/\/www.challengeocean.com\/?page_id=625"},"modified":"2025-01-15T14:57:54","modified_gmt":"2025-01-15T13:57:54","slug":"monohull-challenge-67","status":"publish","type":"page","link":"https:\/\/www.challengeocean.com\/en\/sail-boat-rental\/monohull-challenge-67\/","title":{"rendered":"Monohull Challenge 67"},"content":{"rendered":"<p><strong>Monohull Challenge 67<\/strong> with professionnal crew. Albatros and Whirlwind are two sailing sisterships, available for yacht charter.<\/p>\n<h2><span style=\"color: #ff6600;\">Challenge 67, cruising-racing monohull, 21m long crewed sloop.<br \/>\n<\/span><\/h2>\n<p>These two <strong>sisterships<\/strong> have participated to the <a title=\"BT Global Challenge\" href=\"http:\/\/fr.wikipedia.org\/wiki\/Global_Challenge\" target=\"_blank\" rel=\"noopener noreferrer\">BT Global Challenge<\/a>, <strong>around the world yacht race<\/strong> against prevailing wind. Designed to be tough and safe, these two maxi monohulls welcome up to 10 guests or crew members. Made for <strong>offshore sailing<\/strong>, their big size is an advantage for training and anticipating all situations at sea.<\/p>\n<h4><span style=\"font-size: 13px; color: #ff6600;\">Capacity (plus crew)<br \/>\n<\/span><\/h4>\n<p style=\"padding-left: 60px;\">Day charter : 15 persons<br \/>\nBerths : 10 persons<br \/>\nGalley : 12 persons<\/p>\n<h4><span style=\"color: #ff6600;\">Life on board<br \/>\n<\/span><\/h4>\n<p style=\"padding-left: 60px;\">4 double \/ triple cabins \/ bunks<br \/>\n2 bathrooms \/ toilet \/ shower<\/p>\n<h4><span style=\"color: #ff6600;\">Technical specifications<\/span><\/h4>\n<p style=\"text-align: left; padding-left: 60px;\">Architect : David Thomas<br \/>\nShipyard : Devonport Yachts Ltd.<br \/>\nLenght : 20.42m<br \/>\nBeam : 5.85m<br \/>\nDraught : 2.89m<br \/>\nAir draft : 26m<br \/>\nSails area : 370m\u00b2<br \/>\nElectronic equipments : Raymarine<br \/>\nOffshore security<br \/>\nMain engine : Perkins 130 cv<br \/>\nGenerator : Perkins<\/p>\n<h2>WHIRLWIND IS AVAILABLE <a href=\"https:\/\/www.challengeocean.com\/en\/sailing-boat-for-sale\/\">FOR SALE<\/a><\/h2>\n<h3 style=\"text-align: left;\">You want to watch these yachts sailing in rough sea and tough conditions ? Take 3 minutes to have a look at them during the 1998 BT Global Challenge\u2026 <a href=\"https:\/\/www.youtube.com\/watch?v=LzSwhaECG28\" data-rel=\"lightbox-video-0\" target=\"_blank\" rel=\"noopener\">Fastnet your seat belt<\/a> !<\/h3>\n<br>\n<br>\n","protected":false},"excerpt":{"rendered":"<p>Monohull Challenge 67 with professionnal crew. Albatros and Whirlwind are two sailing sisterships, available for yacht charter. Challenge 67, cruising-racing monohull, 21m long crewed sloop. These two sisterships have participated to the BT Global Challenge, around the world yacht race against prevailing wind. Designed to be tough and safe, these two maxi monohulls welcome up to 10 guests or crew&hellip;<\/p>\n","protected":false},"author":1001002,"featured_media":5108,"parent":621,"menu_order":2,"comment_status":"closed","ping_status":"open","template":"","meta":{"_monsterinsights_skip_tracking":false,"_monsterinsights_sitenote_active":false,"_monsterinsights_sitenote_note":"","_monsterinsights_sitenote_category":0,"footnotes":""},"class_list":["post-625","page","type-page","status-publish","has-post-thumbnail","hentry"],"yoast_head":"<!-- This site is optimized with the Yoast SEO Premium plugin v27.2 (Yoast SEO v27.2) - https:\/\/yoast.com\/product\/yoast-seo-premium-wordpress\/ -->\n<title>Monohull Challenge 67 are crewed sailing boat for yacht charter<\/title>\n<meta name=\"description\" content=\"Monohull Challenge 67 are crewed sailing boat for yacht charter with CHALLENGE OCEAN. Experience offshore sailing with professional crew.\" \/>\n<meta name=\"robots\" content=\"index, follow, max-snippet:-1, max-image-preview:large, max-video-preview:-1\" \/>\n<link rel=\"canonical\" href=\"https:\/\/www.challengeocean.com\/en\/sail-boat-rental\/monohull-challenge-67\/\" \/>\n<meta property=\"og:locale\" content=\"en_US\" \/>\n<meta property=\"og:type\" content=\"article\" \/>\n<meta property=\"og:title\" content=\"Monohull Challenge 67\" \/>\n<meta property=\"og:description\" content=\"Monohull Challenge 67 are crewed sailing boat for yacht charter with CHALLENGE OCEAN. Experience offshore sailing with professional crew.\" \/>\n<meta property=\"og:url\" content=\"https:\/\/www.challengeocean.com\/en\/sail-boat-rental\/monohull-challenge-67\/\" \/>\n<meta property=\"og:site_name\" content=\"CHALLENGE OCEAN\" \/>\n<meta property=\"article:publisher\" content=\"https:\/\/www.facebook.com\/challengeocean\/\" \/>\n<meta property=\"article:modified_time\" content=\"2025-01-15T13:57:54+00:00\" \/>\n<meta property=\"og:image\" content=\"https:\/\/www.challengeocean.com\/wp-content\/uploads\/2018\/07\/monocoque-course-sisterships.jpg\" \/>\n\t<meta property=\"og:image:width\" content=\"1200\" \/>\n\t<meta property=\"og:image:height\" content=\"800\" \/>\n\t<meta property=\"og:image:type\" content=\"image\/jpeg\" \/>\n<meta name=\"twitter:label1\" content=\"Est. reading time\" \/>\n\t<meta name=\"twitter:data1\" content=\"2 minutes\" \/>\n<script type=\"application\/ld+json\" class=\"yoast-schema-graph\">{\"@context\":\"https:\/\/schema.org\",\"@graph\":[{\"@type\":\"WebPage\",\"@id\":\"https:\/\/www.challengeocean.com\/en\/sail-boat-rental\/monohull-challenge-67\/\",\"url\":\"https:\/\/www.challengeocean.com\/en\/sail-boat-rental\/monohull-challenge-67\/\",\"name\":\"Monohull Challenge 67 are crewed sailing boat for yacht charter\",\"isPartOf\":{\"@id\":\"https:\/\/www.challengeocean.com\/en\/#website\"},\"primaryImageOfPage\":{\"@id\":\"https:\/\/www.challengeocean.com\/en\/sail-boat-rental\/monohull-challenge-67\/#primaryimage\"},\"image\":{\"@id\":\"https:\/\/www.challengeocean.com\/en\/sail-boat-rental\/monohull-challenge-67\/#primaryimage\"},\"thumbnailUrl\":\"https:\/\/www.challengeocean.com\/wp-content\/uploads\/2018\/07\/monocoque-course-sisterships.jpg\",\"datePublished\":\"2014-09-16T16:46:15+00:00\",\"dateModified\":\"2025-01-15T13:57:54+00:00\",\"description\":\"Monohull Challenge 67 are crewed sailing boat for yacht charter with CHALLENGE OCEAN. Experience offshore sailing with professional crew.\",\"breadcrumb\":{\"@id\":\"https:\/\/www.challengeocean.com\/en\/sail-boat-rental\/monohull-challenge-67\/#breadcrumb\"},\"inLanguage\":\"en-US\",\"potentialAction\":[{\"@type\":\"ReadAction\",\"target\":[\"https:\/\/www.challengeocean.com\/en\/sail-boat-rental\/monohull-challenge-67\/\"]}]},{\"@type\":\"ImageObject\",\"inLanguage\":\"en-US\",\"@id\":\"https:\/\/www.challengeocean.com\/en\/sail-boat-rental\/monohull-challenge-67\/#primaryimage\",\"url\":\"https:\/\/www.challengeocean.com\/wp-content\/uploads\/2018\/07\/monocoque-course-sisterships.jpg\",\"contentUrl\":\"https:\/\/www.challengeocean.com\/wp-content\/uploads\/2018\/07\/monocoque-course-sisterships.jpg\",\"width\":1200,\"height\":800},{\"@type\":\"BreadcrumbList\",\"@id\":\"https:\/\/www.challengeocean.com\/en\/sail-boat-rental\/monohull-challenge-67\/#breadcrumb\",\"itemListElement\":[{\"@type\":\"ListItem\",\"position\":1,\"name\":\"Accueil\",\"item\":\"https:\/\/www.challengeocean.com\/en\/\"},{\"@type\":\"ListItem\",\"position\":2,\"name\":\"Sailboat Rental, Skipper &#038; Crew\",\"item\":\"https:\/\/www.challengeocean.com\/en\/sail-boat-rental\/\"},{\"@type\":\"ListItem\",\"position\":3,\"name\":\"Monohull Challenge 67\"}]},{\"@type\":\"WebSite\",\"@id\":\"https:\/\/www.challengeocean.com\/en\/#website\",\"url\":\"https:\/\/www.challengeocean.com\/en\/\",\"name\":\"CHALLENGE OCEAN\",\"description\":\"\u00c9cole Fran\u00e7aise de Croisi\u00e8re - Location voiliers avec skipper\",\"publisher\":{\"@id\":\"https:\/\/www.challengeocean.com\/en\/#organization\"},\"potentialAction\":[{\"@type\":\"SearchAction\",\"target\":{\"@type\":\"EntryPoint\",\"urlTemplate\":\"https:\/\/www.challengeocean.com\/en\/?s={search_term_string}\"},\"query-input\":{\"@type\":\"PropertyValueSpecification\",\"valueRequired\":true,\"valueName\":\"search_term_string\"}}],\"inLanguage\":\"en-US\"},{\"@type\":\"Organization\",\"@id\":\"https:\/\/www.challengeocean.com\/en\/#organization\",\"name\":\"CHALLENGE OCEAN\",\"url\":\"https:\/\/www.challengeocean.com\/en\/\",\"logo\":{\"@type\":\"ImageObject\",\"inLanguage\":\"en-US\",\"@id\":\"https:\/\/www.challengeocean.com\/en\/#\/schema\/logo\/image\/\",\"url\":\"https:\/\/www.challengeocean.com\/wp-content\/uploads\/2013\/11\/logo_co_vertical.jpg\",\"contentUrl\":\"https:\/\/www.challengeocean.com\/wp-content\/uploads\/2013\/11\/logo_co_vertical.jpg\",\"width\":310,\"height\":310,\"caption\":\"CHALLENGE OCEAN\"},\"image\":{\"@id\":\"https:\/\/www.challengeocean.com\/en\/#\/schema\/logo\/image\/\"},\"sameAs\":[\"https:\/\/www.facebook.com\/challengeocean\/\",\"https:\/\/www.instagram.com\/challengeocean\/\",\"https:\/\/www.linkedin.com\/company\/challengeocean\/\",\"https:\/\/www.youtube.com\/@challengeocean\"],\"description\":\"\u00c9cole Fran\u00e7aise de Croisi\u00e8re - French Sailing School\",\"telephone\":\"+33 297350030\",\"legalName\":\"CHALLENGE OCEAN\",\"foundingDate\":\"2005-09-21\",\"vatID\":\"FR35478183171\",\"taxID\":\"47818317100030\",\"numberOfEmployees\":{\"@type\":\"QuantitativeValue\",\"minValue\":\"1\",\"maxValue\":\"10\"}}]}<\/script>\n<!-- \/ Yoast SEO Premium plugin. -->","yoast_head_json":{"title":"Monohull Challenge 67 are crewed sailing boat for yacht charter","description":"Monohull Challenge 67 are crewed sailing boat for yacht charter with CHALLENGE OCEAN. Experience offshore sailing with professional crew.","robots":{"index":"index","follow":"follow","max-snippet":"max-snippet:-1","max-image-preview":"max-image-preview:large","max-video-preview":"max-video-preview:-1"},"canonical":"https:\/\/www.challengeocean.com\/en\/sail-boat-rental\/monohull-challenge-67\/","og_locale":"en_US","og_type":"article","og_title":"Monohull Challenge 67","og_description":"Monohull Challenge 67 are crewed sailing boat for yacht charter with CHALLENGE OCEAN. Experience offshore sailing with professional crew.","og_url":"https:\/\/www.challengeocean.com\/en\/sail-boat-rental\/monohull-challenge-67\/","og_site_name":"CHALLENGE OCEAN","article_publisher":"https:\/\/www.facebook.com\/challengeocean\/","article_modified_time":"2025-01-15T13:57:54+00:00","og_image":[{"width":1200,"height":800,"url":"https:\/\/www.challengeocean.com\/wp-content\/uploads\/2018\/07\/monocoque-course-sisterships.jpg","type":"image\/jpeg"}],"twitter_misc":{"Est. reading time":"2 minutes"},"schema":{"@context":"https:\/\/schema.org","@graph":[{"@type":"WebPage","@id":"https:\/\/www.challengeocean.com\/en\/sail-boat-rental\/monohull-challenge-67\/","url":"https:\/\/www.challengeocean.com\/en\/sail-boat-rental\/monohull-challenge-67\/","name":"Monohull Challenge 67 are crewed sailing boat for yacht charter","isPartOf":{"@id":"https:\/\/www.challengeocean.com\/en\/#website"},"primaryImageOfPage":{"@id":"https:\/\/www.challengeocean.com\/en\/sail-boat-rental\/monohull-challenge-67\/#primaryimage"},"image":{"@id":"https:\/\/www.challengeocean.com\/en\/sail-boat-rental\/monohull-challenge-67\/#primaryimage"},"thumbnailUrl":"https:\/\/www.challengeocean.com\/wp-content\/uploads\/2018\/07\/monocoque-course-sisterships.jpg","datePublished":"2014-09-16T16:46:15+00:00","dateModified":"2025-01-15T13:57:54+00:00","description":"Monohull Challenge 67 are crewed sailing boat for yacht charter with CHALLENGE OCEAN. Experience offshore sailing with professional crew.","breadcrumb":{"@id":"https:\/\/www.challengeocean.com\/en\/sail-boat-rental\/monohull-challenge-67\/#breadcrumb"},"inLanguage":"en-US","potentialAction":[{"@type":"ReadAction","target":["https:\/\/www.challengeocean.com\/en\/sail-boat-rental\/monohull-challenge-67\/"]}]},{"@type":"ImageObject","inLanguage":"en-US","@id":"https:\/\/www.challengeocean.com\/en\/sail-boat-rental\/monohull-challenge-67\/#primaryimage","url":"https:\/\/www.challengeocean.com\/wp-content\/uploads\/2018\/07\/monocoque-course-sisterships.jpg","contentUrl":"https:\/\/www.challengeocean.com\/wp-content\/uploads\/2018\/07\/monocoque-course-sisterships.jpg","width":1200,"height":800},{"@type":"BreadcrumbList","@id":"https:\/\/www.challengeocean.com\/en\/sail-boat-rental\/monohull-challenge-67\/#breadcrumb","itemListElement":[{"@type":"ListItem","position":1,"name":"Accueil","item":"https:\/\/www.challengeocean.com\/en\/"},{"@type":"ListItem","position":2,"name":"Sailboat Rental, Skipper &#038; Crew","item":"https:\/\/www.challengeocean.com\/en\/sail-boat-rental\/"},{"@type":"ListItem","position":3,"name":"Monohull Challenge 67"}]},{"@type":"WebSite","@id":"https:\/\/www.challengeocean.com\/en\/#website","url":"https:\/\/www.challengeocean.com\/en\/","name":"CHALLENGE OCEAN","description":"\u00c9cole Fran\u00e7aise de Croisi\u00e8re - Location voiliers avec skipper","publisher":{"@id":"https:\/\/www.challengeocean.com\/en\/#organization"},"potentialAction":[{"@type":"SearchAction","target":{"@type":"EntryPoint","urlTemplate":"https:\/\/www.challengeocean.com\/en\/?s={search_term_string}"},"query-input":{"@type":"PropertyValueSpecification","valueRequired":true,"valueName":"search_term_string"}}],"inLanguage":"en-US"},{"@type":"Organization","@id":"https:\/\/www.challengeocean.com\/en\/#organization","name":"CHALLENGE OCEAN","url":"https:\/\/www.challengeocean.com\/en\/","logo":{"@type":"ImageObject","inLanguage":"en-US","@id":"https:\/\/www.challengeocean.com\/en\/#\/schema\/logo\/image\/","url":"https:\/\/www.challengeocean.com\/wp-content\/uploads\/2013\/11\/logo_co_vertical.jpg","contentUrl":"https:\/\/www.challengeocean.com\/wp-content\/uploads\/2013\/11\/logo_co_vertical.jpg","width":310,"height":310,"caption":"CHALLENGE OCEAN"},"image":{"@id":"https:\/\/www.challengeocean.com\/en\/#\/schema\/logo\/image\/"},"sameAs":["https:\/\/www.facebook.com\/challengeocean\/","https:\/\/www.instagram.com\/challengeocean\/","https:\/\/www.linkedin.com\/company\/challengeocean\/","https:\/\/www.youtube.com\/@challengeocean"],"description":"\u00c9cole Fran\u00e7aise de Croisi\u00e8re - French Sailing School","telephone":"+33 297350030","legalName":"CHALLENGE OCEAN","foundingDate":"2005-09-21","vatID":"FR35478183171","taxID":"47818317100030","numberOfEmployees":{"@type":"QuantitativeValue","minValue":"1","maxValue":"10"}}]}},"_links":{"self":[{"href":"https:\/\/www.challengeocean.com\/en\/wp-json\/wp\/v2\/pages\/625","targetHints":{"allow":["GET"]}}],"collection":[{"href":"https:\/\/www.challengeocean.com\/en\/wp-json\/wp\/v2\/pages"}],"about":[{"href":"https:\/\/www.challengeocean.com\/en\/wp-json\/wp\/v2\/types\/page"}],"author":[{"embeddable":true,"href":"https:\/\/www.challengeocean.com\/en\/wp-json\/wp\/v2\/users\/1001002"}],"replies":[{"embeddable":true,"href":"https:\/\/www.challengeocean.com\/en\/wp-json\/wp\/v2\/comments?post=625"}],"version-history":[{"count":32,"href":"https:\/\/www.challengeocean.com\/en\/wp-json\/wp\/v2\/pages\/625\/revisions"}],"predecessor-version":[{"id":9323,"href":"https:\/\/www.challengeocean.com\/en\/wp-json\/wp\/v2\/pages\/625\/revisions\/9323"}],"up":[{"embeddable":true,"href":"https:\/\/www.challengeocean.com\/en\/wp-json\/wp\/v2\/pages\/621"}],"wp:featuredmedia":[{"embeddable":true,"href":"https:\/\/www.challengeocean.com\/en\/wp-json\/wp\/v2\/media\/5108"}],"wp:attachment":[{"href":"https:\/\/www.challengeocean.com\/en\/wp-json\/wp\/v2\/media?parent=625"}],"curies":[{"name":"wp","href":"https:\/\/api.w.org\/{rel}","templated":true}]}}