{"id":621,"date":"2014-09-16T17:18:56","date_gmt":"2014-09-16T16:18:56","guid":{"rendered":"http:\/\/www.challengeocean.com\/?page_id=621"},"modified":"2024-11-20T12:53:09","modified_gmt":"2024-11-20T11:53:09","slug":"sail-boat-rental","status":"publish","type":"page","link":"https:\/\/www.challengeocean.com\/en\/sail-boat-rental\/","title":{"rendered":"Sailboat Rental, Skipper &#038; Crew"},"content":{"rendered":"<div><strong>Crewed sailboat rental<\/strong> with skipper and crew. Three <strong>large monohulls<\/strong> available from South Brittany and main ports on French and foreign coasts.<\/div>\n<h2><span style=\"color: #ff6600;\">Crewed sailboat rental with skipper and professional crew<\/span><\/h2>\n<div>Led by professional crews, <strong>our yachts sail all year round<\/strong>. For a day charter, a weekend, a week or more, embark aboard crewed sailboats. We own two 21m monohulls (<a href=\"https:\/\/www.challengeocean.com\/en\/sail-boat-rental\/monohull-challenge-67\/\">Challenge 67<\/a>) and a racing 19.50m monohull (<a href=\"https:\/\/www.challengeocean.com\/en\/sail-boat-rental\/volvo-60-libertalia\/\">Volvo 60<\/a>). Choose the one you want!<\/div>\n<div><\/div>\n<div><strong>Professional vessels<\/strong>, you do not have to carry out an inventory for nautical services or rental of crewed yachts. No deposit, no redemption of excess. You embark without worrying about the controls before setting off, in complete freedom.<\/div>\n<div><\/div>\n<div id=\"attachment_6161\" style=\"width: 310px\" class=\"wp-caption alignleft\"><a href=\"https:\/\/www.challengeocean.com\/en\/sail-boat-rental\/monohull-challenge-67\/\"><img loading=\"lazy\" decoding=\"async\" aria-describedby=\"caption-attachment-6161\" class=\"wp-image-6161\" title=\"crewed sailboat rental\" src=\"https:\/\/www.challengeocean.com\/wp-content\/uploads\/2021\/04\/challenge-67.jpg\" alt=\"Monohulls Challenge 67\" width=\"300\" height=\"200\" srcset=\"https:\/\/www.challengeocean.com\/wp-content\/uploads\/2021\/04\/challenge-67.jpg 450w, https:\/\/www.challengeocean.com\/wp-content\/uploads\/2021\/04\/challenge-67-300x200.jpg 300w\" sizes=\"auto, (max-width: 300px) 100vw, 300px\" \/><\/a><p id=\"caption-attachment-6161\" class=\"wp-caption-text\">Challenge 67<\/p><\/div>\n<div id=\"attachment_6166\" style=\"width: 310px\" class=\"wp-caption alignleft\"><a href=\"https:\/\/www.challengeocean.com\/en\/sail-boat-rental\/volvo-60-libertalia\/\"><img loading=\"lazy\" decoding=\"async\" aria-describedby=\"caption-attachment-6166\" class=\"wp-image-6166\" title=\"crewed yacht charter\" src=\"https:\/\/www.challengeocean.com\/wp-content\/uploads\/2021\/04\/Libertalia-Volvo60-aerien.jpg\" alt=\"volvo 60 libertalia\" width=\"300\" height=\"200\" srcset=\"https:\/\/www.challengeocean.com\/wp-content\/uploads\/2021\/04\/Libertalia-Volvo60-aerien.jpg 450w, https:\/\/www.challengeocean.com\/wp-content\/uploads\/2021\/04\/Libertalia-Volvo60-aerien-300x200.jpg 300w\" sizes=\"auto, (max-width: 300px) 100vw, 300px\" \/><\/a><p id=\"caption-attachment-6166\" class=\"wp-caption-text\">Volvo 60<\/p><\/div>\n<p>&nbsp;<\/p>\n<h2><span style=\"color: #ff6600;\">Departing from Lorient in Brittany and main coastal ports<\/span><\/h2>\n<div>Based in Lorient La Base in southern Brittany, <strong>our boats are moored in the heart of the largest European offshore racing marina<\/strong>. They sail North Atlantic all year round to head to South Brittany, the Isles of Scilly, England, the Channel Islands, Scotland, Azores, Canary Islands, West Indies and New York.<\/div>\n<div><\/div>\n<div>In Lorient, all the technical and technological skills are gathered around ocean racing. Skippers and technical teams are installed on this converted site from the former world war II Submarine Base. A unique place where all classes are represented: Mini, Figaro, Imoca, Mod 70, Ultimes\u2026<\/div>\n<div><\/div>\n<div>It is here that the victories in the Mini Transat, the Route du Rhum, the Barcelona World Race, the America&#8217;s Cup, the Volvo Ocean Race, The Transat, the Vend\u00e9e Globe\u2026 The open sea and adventure are in our DNA!<\/div>\n","protected":false},"excerpt":{"rendered":"<p>Crewed sailboat rental with skipper and crew. Three large monohulls available from South Brittany and main ports on French and foreign coasts. Crewed sailboat rental with skipper and professional crew Led by professional crews, our yachts sail all year round. For a day charter, a weekend, a week or more, embark aboard crewed sailboats. We own two 21m monohulls (Challenge&hellip;<\/p>\n","protected":false},"author":1001002,"featured_media":0,"parent":0,"menu_order":0,"comment_status":"closed","ping_status":"closed","template":"","meta":{"_monsterinsights_skip_tracking":false,"_monsterinsights_sitenote_active":false,"_monsterinsights_sitenote_note":"","_monsterinsights_sitenote_category":0,"footnotes":""},"class_list":["post-621","page","type-page","status-publish","hentry"],"yoast_head":"<!-- This site is optimized with the Yoast SEO Premium plugin v27.4 (Yoast SEO v27.4) - https:\/\/yoast.com\/product\/yoast-seo-premium-wordpress\/ -->\n<title>Sail boat Rental with skipper and Crewed Yacht for yacht charter<\/title>\n<meta name=\"description\" content=\"Sail boat rental with crewed yacht, 21m monohulls in Lorient, South Brittany in France, for yacht charter or rent a crewed boat in North Atlantic.\" \/>\n<meta name=\"robots\" content=\"index, follow, max-snippet:-1, max-image-preview:large, max-video-preview:-1\" \/>\n<link rel=\"canonical\" href=\"https:\/\/www.challengeocean.com\/en\/sail-boat-rental\/\" \/>\n<meta property=\"og:locale\" content=\"en_US\" \/>\n<meta property=\"og:type\" content=\"article\" \/>\n<meta property=\"og:title\" content=\"Sailboat Rental, Skipper &amp; Crew\" \/>\n<meta property=\"og:description\" content=\"Sail boat rental with crewed yacht, 21m monohulls in Lorient, South Brittany in France, for yacht charter or rent a crewed boat in North Atlantic.\" \/>\n<meta property=\"og:url\" content=\"https:\/\/www.challengeocean.com\/en\/sail-boat-rental\/\" \/>\n<meta property=\"og:site_name\" content=\"CHALLENGE OCEAN\" \/>\n<meta property=\"article:publisher\" content=\"https:\/\/www.facebook.com\/challengeocean\/\" \/>\n<meta property=\"article:modified_time\" content=\"2024-11-20T11:53:09+00:00\" \/>\n<meta property=\"og:image\" content=\"https:\/\/www.challengeocean.com\/wp-content\/uploads\/2021\/04\/challenge-67.jpg\" \/>\n<meta name=\"twitter:label1\" content=\"Est. reading time\" \/>\n\t<meta name=\"twitter:data1\" content=\"2 minutes\" \/>\n<script type=\"application\/ld+json\" class=\"yoast-schema-graph\">{\"@context\":\"https:\\\/\\\/schema.org\",\"@graph\":[{\"@type\":\"WebPage\",\"@id\":\"https:\\\/\\\/www.challengeocean.com\\\/en\\\/sail-boat-rental\\\/\",\"url\":\"https:\\\/\\\/www.challengeocean.com\\\/en\\\/sail-boat-rental\\\/\",\"name\":\"Sail boat Rental with skipper and Crewed Yacht for yacht charter\",\"isPartOf\":{\"@id\":\"https:\\\/\\\/www.challengeocean.com\\\/en\\\/#website\"},\"primaryImageOfPage\":{\"@id\":\"https:\\\/\\\/www.challengeocean.com\\\/en\\\/sail-boat-rental\\\/#primaryimage\"},\"image\":{\"@id\":\"https:\\\/\\\/www.challengeocean.com\\\/en\\\/sail-boat-rental\\\/#primaryimage\"},\"thumbnailUrl\":\"https:\\\/\\\/www.challengeocean.com\\\/wp-content\\\/uploads\\\/2021\\\/04\\\/challenge-67.jpg\",\"datePublished\":\"2014-09-16T16:18:56+00:00\",\"dateModified\":\"2024-11-20T11:53:09+00:00\",\"description\":\"Sail boat rental with crewed yacht, 21m monohulls in Lorient, South Brittany in France, for yacht charter or rent a crewed boat in North Atlantic.\",\"breadcrumb\":{\"@id\":\"https:\\\/\\\/www.challengeocean.com\\\/en\\\/sail-boat-rental\\\/#breadcrumb\"},\"inLanguage\":\"en-US\",\"potentialAction\":[{\"@type\":\"ReadAction\",\"target\":[\"https:\\\/\\\/www.challengeocean.com\\\/en\\\/sail-boat-rental\\\/\"]}]},{\"@type\":\"ImageObject\",\"inLanguage\":\"en-US\",\"@id\":\"https:\\\/\\\/www.challengeocean.com\\\/en\\\/sail-boat-rental\\\/#primaryimage\",\"url\":\"https:\\\/\\\/www.challengeocean.com\\\/wp-content\\\/uploads\\\/2021\\\/04\\\/challenge-67.jpg\",\"contentUrl\":\"https:\\\/\\\/www.challengeocean.com\\\/wp-content\\\/uploads\\\/2021\\\/04\\\/challenge-67.jpg\"},{\"@type\":\"BreadcrumbList\",\"@id\":\"https:\\\/\\\/www.challengeocean.com\\\/en\\\/sail-boat-rental\\\/#breadcrumb\",\"itemListElement\":[{\"@type\":\"ListItem\",\"position\":1,\"name\":\"Accueil\",\"item\":\"https:\\\/\\\/www.challengeocean.com\\\/en\\\/\"},{\"@type\":\"ListItem\",\"position\":2,\"name\":\"Sailboat Rental, Skipper &#038; Crew\"}]},{\"@type\":\"WebSite\",\"@id\":\"https:\\\/\\\/www.challengeocean.com\\\/en\\\/#website\",\"url\":\"https:\\\/\\\/www.challengeocean.com\\\/en\\\/\",\"name\":\"CHALLENGE OCEAN\",\"description\":\"\u00c9cole Fran\u00e7aise de Croisi\u00e8re - Location voiliers avec skipper\",\"publisher\":{\"@id\":\"https:\\\/\\\/www.challengeocean.com\\\/en\\\/#organization\"},\"potentialAction\":[{\"@type\":\"SearchAction\",\"target\":{\"@type\":\"EntryPoint\",\"urlTemplate\":\"https:\\\/\\\/www.challengeocean.com\\\/en\\\/?s={search_term_string}\"},\"query-input\":{\"@type\":\"PropertyValueSpecification\",\"valueRequired\":true,\"valueName\":\"search_term_string\"}}],\"inLanguage\":\"en-US\"},{\"@type\":\"Organization\",\"@id\":\"https:\\\/\\\/www.challengeocean.com\\\/en\\\/#organization\",\"name\":\"CHALLENGE OCEAN\",\"url\":\"https:\\\/\\\/www.challengeocean.com\\\/en\\\/\",\"logo\":{\"@type\":\"ImageObject\",\"inLanguage\":\"en-US\",\"@id\":\"https:\\\/\\\/www.challengeocean.com\\\/en\\\/#\\\/schema\\\/logo\\\/image\\\/\",\"url\":\"https:\\\/\\\/www.challengeocean.com\\\/wp-content\\\/uploads\\\/2013\\\/11\\\/logo_co_vertical.jpg\",\"contentUrl\":\"https:\\\/\\\/www.challengeocean.com\\\/wp-content\\\/uploads\\\/2013\\\/11\\\/logo_co_vertical.jpg\",\"width\":310,\"height\":310,\"caption\":\"CHALLENGE OCEAN\"},\"image\":{\"@id\":\"https:\\\/\\\/www.challengeocean.com\\\/en\\\/#\\\/schema\\\/logo\\\/image\\\/\"},\"sameAs\":[\"https:\\\/\\\/www.facebook.com\\\/challengeocean\\\/\",\"https:\\\/\\\/www.instagram.com\\\/challengeocean\\\/\",\"https:\\\/\\\/www.linkedin.com\\\/company\\\/challengeocean\\\/\",\"https:\\\/\\\/www.youtube.com\\\/@challengeocean\"],\"description\":\"\u00c9cole Fran\u00e7aise de Croisi\u00e8re - French Sailing School\",\"telephone\":\"+33 297350030\",\"legalName\":\"CHALLENGE OCEAN\",\"foundingDate\":\"2005-09-21\",\"vatID\":\"FR35478183171\",\"taxID\":\"47818317100030\",\"numberOfEmployees\":{\"@type\":\"QuantitativeValue\",\"minValue\":\"1\",\"maxValue\":\"10\"}}]}<\/script>\n<!-- \/ Yoast SEO Premium plugin. -->","yoast_head_json":{"title":"Sail boat Rental with skipper and Crewed Yacht for yacht charter","description":"Sail boat rental with crewed yacht, 21m monohulls in Lorient, South Brittany in France, for yacht charter or rent a crewed boat in North Atlantic.","robots":{"index":"index","follow":"follow","max-snippet":"max-snippet:-1","max-image-preview":"max-image-preview:large","max-video-preview":"max-video-preview:-1"},"canonical":"https:\/\/www.challengeocean.com\/en\/sail-boat-rental\/","og_locale":"en_US","og_type":"article","og_title":"Sailboat Rental, Skipper & Crew","og_description":"Sail boat rental with crewed yacht, 21m monohulls in Lorient, South Brittany in France, for yacht charter or rent a crewed boat in North Atlantic.","og_url":"https:\/\/www.challengeocean.com\/en\/sail-boat-rental\/","og_site_name":"CHALLENGE OCEAN","article_publisher":"https:\/\/www.facebook.com\/challengeocean\/","article_modified_time":"2024-11-20T11:53:09+00:00","og_image":[{"url":"https:\/\/www.challengeocean.com\/wp-content\/uploads\/2021\/04\/challenge-67.jpg","type":"","width":"","height":""}],"twitter_misc":{"Est. reading time":"2 minutes"},"schema":{"@context":"https:\/\/schema.org","@graph":[{"@type":"WebPage","@id":"https:\/\/www.challengeocean.com\/en\/sail-boat-rental\/","url":"https:\/\/www.challengeocean.com\/en\/sail-boat-rental\/","name":"Sail boat Rental with skipper and Crewed Yacht for yacht charter","isPartOf":{"@id":"https:\/\/www.challengeocean.com\/en\/#website"},"primaryImageOfPage":{"@id":"https:\/\/www.challengeocean.com\/en\/sail-boat-rental\/#primaryimage"},"image":{"@id":"https:\/\/www.challengeocean.com\/en\/sail-boat-rental\/#primaryimage"},"thumbnailUrl":"https:\/\/www.challengeocean.com\/wp-content\/uploads\/2021\/04\/challenge-67.jpg","datePublished":"2014-09-16T16:18:56+00:00","dateModified":"2024-11-20T11:53:09+00:00","description":"Sail boat rental with crewed yacht, 21m monohulls in Lorient, South Brittany in France, for yacht charter or rent a crewed boat in North Atlantic.","breadcrumb":{"@id":"https:\/\/www.challengeocean.com\/en\/sail-boat-rental\/#breadcrumb"},"inLanguage":"en-US","potentialAction":[{"@type":"ReadAction","target":["https:\/\/www.challengeocean.com\/en\/sail-boat-rental\/"]}]},{"@type":"ImageObject","inLanguage":"en-US","@id":"https:\/\/www.challengeocean.com\/en\/sail-boat-rental\/#primaryimage","url":"https:\/\/www.challengeocean.com\/wp-content\/uploads\/2021\/04\/challenge-67.jpg","contentUrl":"https:\/\/www.challengeocean.com\/wp-content\/uploads\/2021\/04\/challenge-67.jpg"},{"@type":"BreadcrumbList","@id":"https:\/\/www.challengeocean.com\/en\/sail-boat-rental\/#breadcrumb","itemListElement":[{"@type":"ListItem","position":1,"name":"Accueil","item":"https:\/\/www.challengeocean.com\/en\/"},{"@type":"ListItem","position":2,"name":"Sailboat Rental, Skipper &#038; Crew"}]},{"@type":"WebSite","@id":"https:\/\/www.challengeocean.com\/en\/#website","url":"https:\/\/www.challengeocean.com\/en\/","name":"CHALLENGE OCEAN","description":"\u00c9cole Fran\u00e7aise de Croisi\u00e8re - Location voiliers avec skipper","publisher":{"@id":"https:\/\/www.challengeocean.com\/en\/#organization"},"potentialAction":[{"@type":"SearchAction","target":{"@type":"EntryPoint","urlTemplate":"https:\/\/www.challengeocean.com\/en\/?s={search_term_string}"},"query-input":{"@type":"PropertyValueSpecification","valueRequired":true,"valueName":"search_term_string"}}],"inLanguage":"en-US"},{"@type":"Organization","@id":"https:\/\/www.challengeocean.com\/en\/#organization","name":"CHALLENGE OCEAN","url":"https:\/\/www.challengeocean.com\/en\/","logo":{"@type":"ImageObject","inLanguage":"en-US","@id":"https:\/\/www.challengeocean.com\/en\/#\/schema\/logo\/image\/","url":"https:\/\/www.challengeocean.com\/wp-content\/uploads\/2013\/11\/logo_co_vertical.jpg","contentUrl":"https:\/\/www.challengeocean.com\/wp-content\/uploads\/2013\/11\/logo_co_vertical.jpg","width":310,"height":310,"caption":"CHALLENGE OCEAN"},"image":{"@id":"https:\/\/www.challengeocean.com\/en\/#\/schema\/logo\/image\/"},"sameAs":["https:\/\/www.facebook.com\/challengeocean\/","https:\/\/www.instagram.com\/challengeocean\/","https:\/\/www.linkedin.com\/company\/challengeocean\/","https:\/\/www.youtube.com\/@challengeocean"],"description":"\u00c9cole Fran\u00e7aise de Croisi\u00e8re - French Sailing School","telephone":"+33 297350030","legalName":"CHALLENGE OCEAN","foundingDate":"2005-09-21","vatID":"FR35478183171","taxID":"47818317100030","numberOfEmployees":{"@type":"QuantitativeValue","minValue":"1","maxValue":"10"}}]}},"_links":{"self":[{"href":"https:\/\/www.challengeocean.com\/en\/wp-json\/wp\/v2\/pages\/621","targetHints":{"allow":["GET"]}}],"collection":[{"href":"https:\/\/www.challengeocean.com\/en\/wp-json\/wp\/v2\/pages"}],"about":[{"href":"https:\/\/www.challengeocean.com\/en\/wp-json\/wp\/v2\/types\/page"}],"author":[{"embeddable":true,"href":"https:\/\/www.challengeocean.com\/en\/wp-json\/wp\/v2\/users\/1001002"}],"replies":[{"embeddable":true,"href":"https:\/\/www.challengeocean.com\/en\/wp-json\/wp\/v2\/comments?post=621"}],"version-history":[{"count":28,"href":"https:\/\/www.challengeocean.com\/en\/wp-json\/wp\/v2\/pages\/621\/revisions"}],"predecessor-version":[{"id":9148,"href":"https:\/\/www.challengeocean.com\/en\/wp-json\/wp\/v2\/pages\/621\/revisions\/9148"}],"wp:attachment":[{"href":"https:\/\/www.challengeocean.com\/en\/wp-json\/wp\/v2\/media?parent=621"}],"curies":[{"name":"wp","href":"https:\/\/api.w.org\/{rel}","templated":true}]}}