{"id":616,"date":"2014-09-16T17:25:21","date_gmt":"2014-09-16T16:25:21","guid":{"rendered":"http:\/\/www.challengeocean.com\/?page_id=616"},"modified":"2018-12-14T12:42:16","modified_gmt":"2018-12-14T11:42:16","slug":"start-sailing-course","status":"publish","type":"page","link":"https:\/\/www.challengeocean.com\/en\/sailing-school\/start-sailing-course\/","title":{"rendered":"Start Sailing Course"},"content":{"rendered":"<p>Coastal sailing course : <strong>an introductory course for cruising on 3 days<\/strong>. This session is ideal to take your first steps in sailing in South Brittany. This course of sailing in livable is intended for <strong>any navigator wishing to begin or progress<\/strong> by structuring its technique of use of a sailboat but also to be able to embark on a boat of big size.<\/p>\n<h2><span style=\"color: #ff6600;\">A coastal sailing course in Southern Brittany<\/span><\/h2>\n<p>During this cruise to discover the archipelago Gl\u00e9nan, the islands of Groix, Belle Ile, Houat &#8230; we approach the <strong>fundamentals of sailing<\/strong> (discovery of the boat, safety, basic maneuvers, helming\u2026). Port maneuvers are also discussed as well as mooring techniques\u2026 Security maneuvers (man overboard, reefing, cape setting &#8230;). Not to mention learning the vocabulary, how to steer his boat, adjusting the sails, moorings\u2026<\/p>\n<h2><span style=\"color: #ff6600;\">A crew at your service<\/span><\/h2>\n<p>Supervised by a professional crew composed of a Captain 200 Sailing and a State Certificate, you embark for a <strong>coastal sailing course in South Brittany<\/strong> aboard a <a href=\"https:\/\/www.challengeocean.com\/en\/sail-boat-rental\/monohull-challenge-67\/\">Challenge 67 monohull<\/a>. It is an old boat of 21m lap of the crewed world, against the prevailing winds. School of living cruise affiliated with the French Sailing Federation, the certifications are carried out by our crews who will deliver your Sailing Passport that allows you to record your training course and your experiences during the coastal sailing course.<\/p>\n<p>Duration : 3 days<br \/>\nNavigation : Lorient \/ Belle Ile \/ Groix \/ Gl\u00e9nan<br \/>\nYacht : Albatros or Whirlwind &#8211; <a href=\"https:\/\/www.challengeocean.com\/en\/sail-boat-rental\/monohull-challenge-67\/\">Challenge 67<\/a><br \/>\nEmbedded crew : all levels<br \/>\nPrice of the internship : 520 \u20ac \/ crew member &#8211; Full board included (breakfast, lunch, dinner, consumables)<br \/>\nFFVoile license : compulsory<\/p>\n<p>Access to calendar of coastal sailing courses&#8230;<\/p>\n<p>&nbsp;<\/p>\n","protected":false},"excerpt":{"rendered":"<p>Coastal sailing course : an introductory course for cruising on 3 days. This session is ideal to take your first steps in sailing in South Brittany. This course of sailing in livable is intended for any navigator wishing to begin or progress by structuring its technique of use of a sailboat but also to be able to embark on a&hellip;<\/p>\n","protected":false},"author":1001002,"featured_media":4458,"parent":610,"menu_order":2,"comment_status":"closed","ping_status":"closed","template":"","meta":{"_monsterinsights_skip_tracking":false,"_monsterinsights_sitenote_active":false,"_monsterinsights_sitenote_note":"","_monsterinsights_sitenote_category":0,"footnotes":""},"class_list":["post-616","page","type-page","status-publish","has-post-thumbnail","hentry"],"yoast_head":"<!-- This site is optimized with the Yoast SEO Premium plugin v27.5 (Yoast SEO v27.5) - https:\/\/yoast.com\/product\/yoast-seo-premium-wordpress\/ -->\n<title>Start Sailing Course - Training Session with Sailing School in Brittany<\/title>\n<meta name=\"description\" content=\"Start sailing course with training session to become a sailor, crew member aboard crewed cruising monohull in Sailing school in Brittany.\" \/>\n<meta name=\"robots\" content=\"index, follow, max-snippet:-1, max-image-preview:large, max-video-preview:-1\" \/>\n<link rel=\"canonical\" href=\"https:\/\/www.challengeocean.com\/en\/sailing-school\/start-sailing-course\/\" \/>\n<meta property=\"og:locale\" content=\"en_US\" \/>\n<meta property=\"og:type\" content=\"article\" \/>\n<meta property=\"og:title\" content=\"Start Sailing Course\" \/>\n<meta property=\"og:description\" content=\"Start sailing course with training session to become a sailor, crew member aboard crewed cruising monohull in Sailing school in Brittany.\" \/>\n<meta property=\"og:url\" content=\"https:\/\/www.challengeocean.com\/en\/sailing-school\/start-sailing-course\/\" \/>\n<meta property=\"og:site_name\" content=\"CHALLENGE OCEAN\" \/>\n<meta property=\"article:publisher\" content=\"https:\/\/www.facebook.com\/challengeocean\/\" \/>\n<meta property=\"article:modified_time\" content=\"2018-12-14T11:42:16+00:00\" \/>\n<meta property=\"og:image\" content=\"https:\/\/www.challengeocean.com\/wp-content\/uploads\/2018\/07\/ecole-de-croisiere-equipier.jpg\" \/>\n\t<meta property=\"og:image:width\" content=\"1200\" \/>\n\t<meta property=\"og:image:height\" content=\"800\" \/>\n\t<meta property=\"og:image:type\" content=\"image\/jpeg\" \/>\n<meta name=\"twitter:label1\" content=\"Est. reading time\" \/>\n\t<meta name=\"twitter:data1\" content=\"1 minute\" \/>\n<script type=\"application\/ld+json\" class=\"yoast-schema-graph\">{\"@context\":\"https:\\\/\\\/schema.org\",\"@graph\":[{\"@type\":\"WebPage\",\"@id\":\"https:\\\/\\\/www.challengeocean.com\\\/en\\\/sailing-school\\\/start-sailing-course\\\/\",\"url\":\"https:\\\/\\\/www.challengeocean.com\\\/en\\\/sailing-school\\\/start-sailing-course\\\/\",\"name\":\"Start Sailing Course - Training Session with Sailing School in Brittany\",\"isPartOf\":{\"@id\":\"https:\\\/\\\/www.challengeocean.com\\\/en\\\/#website\"},\"primaryImageOfPage\":{\"@id\":\"https:\\\/\\\/www.challengeocean.com\\\/en\\\/sailing-school\\\/start-sailing-course\\\/#primaryimage\"},\"image\":{\"@id\":\"https:\\\/\\\/www.challengeocean.com\\\/en\\\/sailing-school\\\/start-sailing-course\\\/#primaryimage\"},\"thumbnailUrl\":\"https:\\\/\\\/www.challengeocean.com\\\/wp-content\\\/uploads\\\/2018\\\/07\\\/ecole-de-croisiere-equipier.jpg\",\"datePublished\":\"2014-09-16T16:25:21+00:00\",\"dateModified\":\"2018-12-14T11:42:16+00:00\",\"description\":\"Start sailing course with training session to become a sailor, crew member aboard crewed cruising monohull in Sailing school in Brittany.\",\"breadcrumb\":{\"@id\":\"https:\\\/\\\/www.challengeocean.com\\\/en\\\/sailing-school\\\/start-sailing-course\\\/#breadcrumb\"},\"inLanguage\":\"en-US\",\"potentialAction\":[{\"@type\":\"ReadAction\",\"target\":[\"https:\\\/\\\/www.challengeocean.com\\\/en\\\/sailing-school\\\/start-sailing-course\\\/\"]}]},{\"@type\":\"ImageObject\",\"inLanguage\":\"en-US\",\"@id\":\"https:\\\/\\\/www.challengeocean.com\\\/en\\\/sailing-school\\\/start-sailing-course\\\/#primaryimage\",\"url\":\"https:\\\/\\\/www.challengeocean.com\\\/wp-content\\\/uploads\\\/2018\\\/07\\\/ecole-de-croisiere-equipier.jpg\",\"contentUrl\":\"https:\\\/\\\/www.challengeocean.com\\\/wp-content\\\/uploads\\\/2018\\\/07\\\/ecole-de-croisiere-equipier.jpg\",\"width\":1200,\"height\":800},{\"@type\":\"BreadcrumbList\",\"@id\":\"https:\\\/\\\/www.challengeocean.com\\\/en\\\/sailing-school\\\/start-sailing-course\\\/#breadcrumb\",\"itemListElement\":[{\"@type\":\"ListItem\",\"position\":1,\"name\":\"Accueil\",\"item\":\"https:\\\/\\\/www.challengeocean.com\\\/en\\\/\"},{\"@type\":\"ListItem\",\"position\":2,\"name\":\"Sailing School\",\"item\":\"https:\\\/\\\/www.challengeocean.com\\\/en\\\/sailing-school\\\/\"},{\"@type\":\"ListItem\",\"position\":3,\"name\":\"Start Sailing Course\"}]},{\"@type\":\"WebSite\",\"@id\":\"https:\\\/\\\/www.challengeocean.com\\\/en\\\/#website\",\"url\":\"https:\\\/\\\/www.challengeocean.com\\\/en\\\/\",\"name\":\"CHALLENGE OCEAN\",\"description\":\"\u00c9cole Fran\u00e7aise de Croisi\u00e8re - Location voiliers avec skipper\",\"publisher\":{\"@id\":\"https:\\\/\\\/www.challengeocean.com\\\/en\\\/#organization\"},\"potentialAction\":[{\"@type\":\"SearchAction\",\"target\":{\"@type\":\"EntryPoint\",\"urlTemplate\":\"https:\\\/\\\/www.challengeocean.com\\\/en\\\/?s={search_term_string}\"},\"query-input\":{\"@type\":\"PropertyValueSpecification\",\"valueRequired\":true,\"valueName\":\"search_term_string\"}}],\"inLanguage\":\"en-US\"},{\"@type\":\"Organization\",\"@id\":\"https:\\\/\\\/www.challengeocean.com\\\/en\\\/#organization\",\"name\":\"CHALLENGE OCEAN\",\"url\":\"https:\\\/\\\/www.challengeocean.com\\\/en\\\/\",\"logo\":{\"@type\":\"ImageObject\",\"inLanguage\":\"en-US\",\"@id\":\"https:\\\/\\\/www.challengeocean.com\\\/en\\\/#\\\/schema\\\/logo\\\/image\\\/\",\"url\":\"https:\\\/\\\/www.challengeocean.com\\\/wp-content\\\/uploads\\\/2013\\\/11\\\/logo_co_vertical.jpg\",\"contentUrl\":\"https:\\\/\\\/www.challengeocean.com\\\/wp-content\\\/uploads\\\/2013\\\/11\\\/logo_co_vertical.jpg\",\"width\":310,\"height\":310,\"caption\":\"CHALLENGE OCEAN\"},\"image\":{\"@id\":\"https:\\\/\\\/www.challengeocean.com\\\/en\\\/#\\\/schema\\\/logo\\\/image\\\/\"},\"sameAs\":[\"https:\\\/\\\/www.facebook.com\\\/challengeocean\\\/\",\"https:\\\/\\\/www.instagram.com\\\/challengeocean\\\/\",\"https:\\\/\\\/www.linkedin.com\\\/company\\\/challengeocean\\\/\",\"https:\\\/\\\/www.youtube.com\\\/@challengeocean\"],\"description\":\"\u00c9cole Fran\u00e7aise de Croisi\u00e8re - French Sailing School\",\"telephone\":\"+33 297350030\",\"legalName\":\"CHALLENGE OCEAN\",\"foundingDate\":\"2005-09-21\",\"vatID\":\"FR35478183171\",\"taxID\":\"47818317100030\",\"numberOfEmployees\":{\"@type\":\"QuantitativeValue\",\"minValue\":\"1\",\"maxValue\":\"10\"}}]}<\/script>\n<!-- \/ Yoast SEO Premium plugin. -->","yoast_head_json":{"title":"Start Sailing Course - Training Session with Sailing School in Brittany","description":"Start sailing course with training session to become a sailor, crew member aboard crewed cruising monohull in Sailing school in Brittany.","robots":{"index":"index","follow":"follow","max-snippet":"max-snippet:-1","max-image-preview":"max-image-preview:large","max-video-preview":"max-video-preview:-1"},"canonical":"https:\/\/www.challengeocean.com\/en\/sailing-school\/start-sailing-course\/","og_locale":"en_US","og_type":"article","og_title":"Start Sailing Course","og_description":"Start sailing course with training session to become a sailor, crew member aboard crewed cruising monohull in Sailing school in Brittany.","og_url":"https:\/\/www.challengeocean.com\/en\/sailing-school\/start-sailing-course\/","og_site_name":"CHALLENGE OCEAN","article_publisher":"https:\/\/www.facebook.com\/challengeocean\/","article_modified_time":"2018-12-14T11:42:16+00:00","og_image":[{"width":1200,"height":800,"url":"https:\/\/www.challengeocean.com\/wp-content\/uploads\/2018\/07\/ecole-de-croisiere-equipier.jpg","type":"image\/jpeg"}],"twitter_misc":{"Est. reading time":"1 minute"},"schema":{"@context":"https:\/\/schema.org","@graph":[{"@type":"WebPage","@id":"https:\/\/www.challengeocean.com\/en\/sailing-school\/start-sailing-course\/","url":"https:\/\/www.challengeocean.com\/en\/sailing-school\/start-sailing-course\/","name":"Start Sailing Course - Training Session with Sailing School in Brittany","isPartOf":{"@id":"https:\/\/www.challengeocean.com\/en\/#website"},"primaryImageOfPage":{"@id":"https:\/\/www.challengeocean.com\/en\/sailing-school\/start-sailing-course\/#primaryimage"},"image":{"@id":"https:\/\/www.challengeocean.com\/en\/sailing-school\/start-sailing-course\/#primaryimage"},"thumbnailUrl":"https:\/\/www.challengeocean.com\/wp-content\/uploads\/2018\/07\/ecole-de-croisiere-equipier.jpg","datePublished":"2014-09-16T16:25:21+00:00","dateModified":"2018-12-14T11:42:16+00:00","description":"Start sailing course with training session to become a sailor, crew member aboard crewed cruising monohull in Sailing school in Brittany.","breadcrumb":{"@id":"https:\/\/www.challengeocean.com\/en\/sailing-school\/start-sailing-course\/#breadcrumb"},"inLanguage":"en-US","potentialAction":[{"@type":"ReadAction","target":["https:\/\/www.challengeocean.com\/en\/sailing-school\/start-sailing-course\/"]}]},{"@type":"ImageObject","inLanguage":"en-US","@id":"https:\/\/www.challengeocean.com\/en\/sailing-school\/start-sailing-course\/#primaryimage","url":"https:\/\/www.challengeocean.com\/wp-content\/uploads\/2018\/07\/ecole-de-croisiere-equipier.jpg","contentUrl":"https:\/\/www.challengeocean.com\/wp-content\/uploads\/2018\/07\/ecole-de-croisiere-equipier.jpg","width":1200,"height":800},{"@type":"BreadcrumbList","@id":"https:\/\/www.challengeocean.com\/en\/sailing-school\/start-sailing-course\/#breadcrumb","itemListElement":[{"@type":"ListItem","position":1,"name":"Accueil","item":"https:\/\/www.challengeocean.com\/en\/"},{"@type":"ListItem","position":2,"name":"Sailing School","item":"https:\/\/www.challengeocean.com\/en\/sailing-school\/"},{"@type":"ListItem","position":3,"name":"Start Sailing Course"}]},{"@type":"WebSite","@id":"https:\/\/www.challengeocean.com\/en\/#website","url":"https:\/\/www.challengeocean.com\/en\/","name":"CHALLENGE OCEAN","description":"\u00c9cole Fran\u00e7aise de Croisi\u00e8re - Location voiliers avec skipper","publisher":{"@id":"https:\/\/www.challengeocean.com\/en\/#organization"},"potentialAction":[{"@type":"SearchAction","target":{"@type":"EntryPoint","urlTemplate":"https:\/\/www.challengeocean.com\/en\/?s={search_term_string}"},"query-input":{"@type":"PropertyValueSpecification","valueRequired":true,"valueName":"search_term_string"}}],"inLanguage":"en-US"},{"@type":"Organization","@id":"https:\/\/www.challengeocean.com\/en\/#organization","name":"CHALLENGE OCEAN","url":"https:\/\/www.challengeocean.com\/en\/","logo":{"@type":"ImageObject","inLanguage":"en-US","@id":"https:\/\/www.challengeocean.com\/en\/#\/schema\/logo\/image\/","url":"https:\/\/www.challengeocean.com\/wp-content\/uploads\/2013\/11\/logo_co_vertical.jpg","contentUrl":"https:\/\/www.challengeocean.com\/wp-content\/uploads\/2013\/11\/logo_co_vertical.jpg","width":310,"height":310,"caption":"CHALLENGE OCEAN"},"image":{"@id":"https:\/\/www.challengeocean.com\/en\/#\/schema\/logo\/image\/"},"sameAs":["https:\/\/www.facebook.com\/challengeocean\/","https:\/\/www.instagram.com\/challengeocean\/","https:\/\/www.linkedin.com\/company\/challengeocean\/","https:\/\/www.youtube.com\/@challengeocean"],"description":"\u00c9cole Fran\u00e7aise de Croisi\u00e8re - French Sailing School","telephone":"+33 297350030","legalName":"CHALLENGE OCEAN","foundingDate":"2005-09-21","vatID":"FR35478183171","taxID":"47818317100030","numberOfEmployees":{"@type":"QuantitativeValue","minValue":"1","maxValue":"10"}}]}},"_links":{"self":[{"href":"https:\/\/www.challengeocean.com\/en\/wp-json\/wp\/v2\/pages\/616","targetHints":{"allow":["GET"]}}],"collection":[{"href":"https:\/\/www.challengeocean.com\/en\/wp-json\/wp\/v2\/pages"}],"about":[{"href":"https:\/\/www.challengeocean.com\/en\/wp-json\/wp\/v2\/types\/page"}],"author":[{"embeddable":true,"href":"https:\/\/www.challengeocean.com\/en\/wp-json\/wp\/v2\/users\/1001002"}],"replies":[{"embeddable":true,"href":"https:\/\/www.challengeocean.com\/en\/wp-json\/wp\/v2\/comments?post=616"}],"version-history":[{"count":6,"href":"https:\/\/www.challengeocean.com\/en\/wp-json\/wp\/v2\/pages\/616\/revisions"}],"predecessor-version":[{"id":4486,"href":"https:\/\/www.challengeocean.com\/en\/wp-json\/wp\/v2\/pages\/616\/revisions\/4486"}],"up":[{"embeddable":true,"href":"https:\/\/www.challengeocean.com\/en\/wp-json\/wp\/v2\/pages\/610"}],"wp:featuredmedia":[{"embeddable":true,"href":"https:\/\/www.challengeocean.com\/en\/wp-json\/wp\/v2\/media\/4458"}],"wp:attachment":[{"href":"https:\/\/www.challengeocean.com\/en\/wp-json\/wp\/v2\/media?parent=616"}],"curies":[{"name":"wp","href":"https:\/\/api.w.org\/{rel}","templated":true}]}}