{"id":610,"date":"2014-09-16T17:22:27","date_gmt":"2014-09-16T16:22:27","guid":{"rendered":"http:\/\/www.challengeocean.com\/?page_id=610"},"modified":"2024-05-28T11:37:50","modified_gmt":"2024-05-28T10:37:50","slug":"sailing-school","status":"publish","type":"page","link":"https:\/\/www.challengeocean.com\/en\/sailing-school\/","title":{"rendered":"Sailing School"},"content":{"rendered":"<p><strong>Sailing school in South Brittany<\/strong> with sailing courses to become a crew member or a skipper, safely hold the role of the skipper on a rented sailing boat or on his own boat.<\/p>\n<h2><img loading=\"lazy\" decoding=\"async\" class=\"wp-image-3458 alignleft\" src=\"https:\/\/www.challengeocean.com\/wp-content\/uploads\/2018\/04\/FFVoile_EcoleCroisire_Rond.png\" alt=\"\u00e9cole de croisi\u00e8re FFVoile\" width=\"106\" height=\"106\" srcset=\"https:\/\/www.challengeocean.com\/wp-content\/uploads\/2018\/04\/FFVoile_EcoleCroisire_Rond.png 400w, https:\/\/www.challengeocean.com\/wp-content\/uploads\/2018\/04\/FFVoile_EcoleCroisire_Rond-150x150.png 150w, https:\/\/www.challengeocean.com\/wp-content\/uploads\/2018\/04\/FFVoile_EcoleCroisire_Rond-300x300.png 300w, https:\/\/www.challengeocean.com\/wp-content\/uploads\/2018\/04\/FFVoile_EcoleCroisire_Rond-50x50.png 50w\" sizes=\"auto, (max-width: 106px) 100vw, 106px\" \/><span style=\"color: #ff6600;\">Sail, train, travel\u2026<\/span><\/h2>\n<p><span style=\"font-size: 13px;\">Alternating sensation, performance and exploration, our <strong>sailing courses<\/strong> as a French sailing school alternate <strong>practical training<\/strong> and <strong>sailing lessons<\/strong>, favoring an active and progressive learning of the handling of the boat, navigation techniques and management of life on board. <\/span><\/p>\n<p><span style=\"font-size: 13px;\">If you need to acquire or confirm your technical sailing knowledge, <strong>even starting from level 0<\/strong>, CHALLENGE OCEAN will allow you to take the helm of Albatros and Whirlwind, sloop of 21 meters with professional crew. If high-speed gliding and physical commitment appeal to you, take the helm of Libertalia, our crewed Volvo 60.<\/span><\/p>\n<p><span style=\"font-size: 13px;\">The coast of Brittany is dotted with islands for <strong>various navigation programs<\/strong>, in time and distance : Groix, Belle Ile, Houat, Ho\u00ebdic, Yeu, R\u00e9, The Gl\u00e9nan, Sein, Mol\u00e8ne, Br\u00e9hat\u2026 <\/span><\/p>\n<p><span style=\"font-size: 13px;\">For those wishing to travel a little further, the isle of Wight, isles of Scilly, Scotland, Canary islands and the Azores are waiting for you &#8230; And for those who dream of crossing the Atlantic, the Caribbean islands are waiting for you every winter, eastbound and Westbound. At springtime, we cross teh Atlantic to New York.<br \/>\n<\/span><\/p>\n<h2><span style=\"color: #ff6600;\">Five types of sailing courses to progress or just have fun !<br \/>\n<\/span><\/h2>\n<ul>\n<li><a href=\"https:\/\/www.challengeocean.com\/en\/sailing-school\/start-sailing-course\/\">Start Sailing Course<\/a> in the Ponant Islands &#8211; Duration : 3 to 7 days<\/li>\n<li><a href=\"https:\/\/www.challengeocean.com\/en\/sailing-school\/coastal-sailing-course\/\">Coastal Sailing Course<\/a> with navigation in the Scilly Archipelago &#8211; Duration : 7 days<\/li>\n<li><a href=\"https:\/\/www.challengeocean.com\/en\/sailing-school\/offshore-sailing-course\/\">Offshore Sailing Course<\/a> with navigation to the Azores &#8211; Duration : 14 days<\/li>\n<li><a href=\"https:\/\/www.challengeocean.com\/en\/navigations\/category\/transatlantic\/\">Crossing the Atlantic<\/a> via the Canaries and the Azores back &#8211; Duration : 28 and 35 days<\/li>\n<li><a href=\"https:\/\/www.challengeocean.com\/en\/navigations\/category\/race\/\">Offshore racing<\/a>, racing on the IRC circuit, in France and abroad &#8211; Duration: 3 to 20 days<\/li>\n<\/ul>\n<p>The boats are based in the heart of the largest European offshore racing pole in Lorient, <a href=\"https:\/\/maps.google.fr\/maps?ie=UTF-8&amp;q=Port+BSM+-+Accueil+Course+au+Large&amp;fb=1&amp;gl=fr&amp;hq=port+bsm&amp;hnear=0x48105e56aa6609ed:0xa93367770ccde4ea,Lorient&amp;cid=2593433412761758066&amp;ei=6zz-UqacNaTA7AatvYH4DA&amp;ved=0CLwBEPwSMA4\" target=\"_blank\" rel=\"noopener\">the port of Lorient La Base<\/a>, where is also the Cit\u00e9 de la Voile Eric Tabarly.<\/p>\n<p><a href=\"http:\/\/www.ffvoile.fr\/ffv\/web\/\" target=\"_blank\" rel=\"noopener\"><img loading=\"lazy\" decoding=\"async\" class=\"wp-image-275 alignleft\" src=\"https:\/\/www.challengeocean.com\/wp-content\/uploads\/2014\/03\/Logo-FFVoile-300x152.jpg\" alt=\"Ecole de croisi\u00e8re FFV Lorient\" width=\"181\" height=\"88\" \/><\/a><\/p>\n<p>&nbsp;<\/p>\n<p>CHALLENGE OCEAN is affiliated as a French Sailing School with the <a href=\"http:\/\/www.ffvoile.fr\/ffv\/web\/\" target=\"_blank\" rel=\"noopener\">French Sailing Federation<\/a> under N\u00b056S08.<\/p>\n<br>\n<br>\n","protected":false},"excerpt":{"rendered":"<p>Sailing school in South Brittany with sailing courses to become a crew member or a skipper, safely hold the role of the skipper on a rented sailing boat or on his own boat. Sail, train, travel\u2026 Alternating sensation, performance and exploration, our sailing courses as a French sailing school alternate practical training and sailing lessons, favoring an active and progressive&hellip;<\/p>\n","protected":false},"author":1001002,"featured_media":4470,"parent":0,"menu_order":0,"comment_status":"closed","ping_status":"open","template":"","meta":{"_monsterinsights_skip_tracking":false,"_monsterinsights_sitenote_active":false,"_monsterinsights_sitenote_note":"","_monsterinsights_sitenote_category":0,"footnotes":""},"class_list":["post-610","page","type-page","status-publish","has-post-thumbnail","hentry"],"yoast_head":"<!-- This site is optimized with the Yoast SEO Premium plugin v27.4 (Yoast SEO v27.4) - https:\/\/yoast.com\/product\/yoast-seo-premium-wordpress\/ -->\n<title>Sailing School in South Brittany, training inshore and offshore Sailing<\/title>\n<meta name=\"description\" content=\"Joinas a crew member CHALLENGE OCEAN, French Sailing School, training inshore and offshore sailing as well as acrossing the Atlantic.\" \/>\n<meta name=\"robots\" content=\"index, follow, max-snippet:-1, max-image-preview:large, max-video-preview:-1\" \/>\n<link rel=\"canonical\" href=\"https:\/\/www.challengeocean.com\/en\/sailing-school\/\" \/>\n<meta property=\"og:locale\" content=\"en_US\" \/>\n<meta property=\"og:type\" content=\"article\" \/>\n<meta property=\"og:title\" content=\"Sailing School\" \/>\n<meta property=\"og:description\" content=\"Joinas a crew member CHALLENGE OCEAN, French Sailing School, training inshore and offshore sailing as well as acrossing the Atlantic.\" \/>\n<meta property=\"og:url\" content=\"https:\/\/www.challengeocean.com\/en\/sailing-school\/\" \/>\n<meta property=\"og:site_name\" content=\"CHALLENGE OCEAN\" \/>\n<meta property=\"article:publisher\" content=\"https:\/\/www.facebook.com\/challengeocean\/\" \/>\n<meta property=\"article:modified_time\" content=\"2024-05-28T10:37:50+00:00\" \/>\n<meta property=\"og:image\" content=\"https:\/\/www.challengeocean.com\/wp-content\/uploads\/2018\/07\/ecole-de-croisiere-habitable.jpg\" \/>\n\t<meta property=\"og:image:width\" content=\"1200\" \/>\n\t<meta property=\"og:image:height\" content=\"800\" \/>\n\t<meta property=\"og:image:type\" content=\"image\/jpeg\" \/>\n<meta name=\"twitter:label1\" content=\"Est. reading time\" \/>\n\t<meta name=\"twitter:data1\" content=\"3 minutes\" \/>\n<script type=\"application\/ld+json\" class=\"yoast-schema-graph\">{\"@context\":\"https:\\\/\\\/schema.org\",\"@graph\":[{\"@type\":\"WebPage\",\"@id\":\"https:\\\/\\\/www.challengeocean.com\\\/en\\\/sailing-school\\\/\",\"url\":\"https:\\\/\\\/www.challengeocean.com\\\/en\\\/sailing-school\\\/\",\"name\":\"Sailing School in South Brittany, training inshore and offshore Sailing\",\"isPartOf\":{\"@id\":\"https:\\\/\\\/www.challengeocean.com\\\/en\\\/#website\"},\"primaryImageOfPage\":{\"@id\":\"https:\\\/\\\/www.challengeocean.com\\\/en\\\/sailing-school\\\/#primaryimage\"},\"image\":{\"@id\":\"https:\\\/\\\/www.challengeocean.com\\\/en\\\/sailing-school\\\/#primaryimage\"},\"thumbnailUrl\":\"https:\\\/\\\/www.challengeocean.com\\\/wp-content\\\/uploads\\\/2018\\\/07\\\/ecole-de-croisiere-habitable.jpg\",\"datePublished\":\"2014-09-16T16:22:27+00:00\",\"dateModified\":\"2024-05-28T10:37:50+00:00\",\"description\":\"Joinas a crew member CHALLENGE OCEAN, French Sailing School, training inshore and offshore sailing as well as acrossing the Atlantic.\",\"breadcrumb\":{\"@id\":\"https:\\\/\\\/www.challengeocean.com\\\/en\\\/sailing-school\\\/#breadcrumb\"},\"inLanguage\":\"en-US\",\"potentialAction\":[{\"@type\":\"ReadAction\",\"target\":[\"https:\\\/\\\/www.challengeocean.com\\\/en\\\/sailing-school\\\/\"]}]},{\"@type\":\"ImageObject\",\"inLanguage\":\"en-US\",\"@id\":\"https:\\\/\\\/www.challengeocean.com\\\/en\\\/sailing-school\\\/#primaryimage\",\"url\":\"https:\\\/\\\/www.challengeocean.com\\\/wp-content\\\/uploads\\\/2018\\\/07\\\/ecole-de-croisiere-habitable.jpg\",\"contentUrl\":\"https:\\\/\\\/www.challengeocean.com\\\/wp-content\\\/uploads\\\/2018\\\/07\\\/ecole-de-croisiere-habitable.jpg\",\"width\":1200,\"height\":800,\"caption\":\"\u00e9cole de croisi\u00e8re habitable\"},{\"@type\":\"BreadcrumbList\",\"@id\":\"https:\\\/\\\/www.challengeocean.com\\\/en\\\/sailing-school\\\/#breadcrumb\",\"itemListElement\":[{\"@type\":\"ListItem\",\"position\":1,\"name\":\"Accueil\",\"item\":\"https:\\\/\\\/www.challengeocean.com\\\/en\\\/\"},{\"@type\":\"ListItem\",\"position\":2,\"name\":\"Sailing School\"}]},{\"@type\":\"WebSite\",\"@id\":\"https:\\\/\\\/www.challengeocean.com\\\/en\\\/#website\",\"url\":\"https:\\\/\\\/www.challengeocean.com\\\/en\\\/\",\"name\":\"CHALLENGE OCEAN\",\"description\":\"\u00c9cole Fran\u00e7aise de Croisi\u00e8re - Location voiliers avec skipper\",\"publisher\":{\"@id\":\"https:\\\/\\\/www.challengeocean.com\\\/en\\\/#organization\"},\"potentialAction\":[{\"@type\":\"SearchAction\",\"target\":{\"@type\":\"EntryPoint\",\"urlTemplate\":\"https:\\\/\\\/www.challengeocean.com\\\/en\\\/?s={search_term_string}\"},\"query-input\":{\"@type\":\"PropertyValueSpecification\",\"valueRequired\":true,\"valueName\":\"search_term_string\"}}],\"inLanguage\":\"en-US\"},{\"@type\":\"Organization\",\"@id\":\"https:\\\/\\\/www.challengeocean.com\\\/en\\\/#organization\",\"name\":\"CHALLENGE OCEAN\",\"url\":\"https:\\\/\\\/www.challengeocean.com\\\/en\\\/\",\"logo\":{\"@type\":\"ImageObject\",\"inLanguage\":\"en-US\",\"@id\":\"https:\\\/\\\/www.challengeocean.com\\\/en\\\/#\\\/schema\\\/logo\\\/image\\\/\",\"url\":\"https:\\\/\\\/www.challengeocean.com\\\/wp-content\\\/uploads\\\/2013\\\/11\\\/logo_co_vertical.jpg\",\"contentUrl\":\"https:\\\/\\\/www.challengeocean.com\\\/wp-content\\\/uploads\\\/2013\\\/11\\\/logo_co_vertical.jpg\",\"width\":310,\"height\":310,\"caption\":\"CHALLENGE OCEAN\"},\"image\":{\"@id\":\"https:\\\/\\\/www.challengeocean.com\\\/en\\\/#\\\/schema\\\/logo\\\/image\\\/\"},\"sameAs\":[\"https:\\\/\\\/www.facebook.com\\\/challengeocean\\\/\",\"https:\\\/\\\/www.instagram.com\\\/challengeocean\\\/\",\"https:\\\/\\\/www.linkedin.com\\\/company\\\/challengeocean\\\/\",\"https:\\\/\\\/www.youtube.com\\\/@challengeocean\"],\"description\":\"\u00c9cole Fran\u00e7aise de Croisi\u00e8re - French Sailing School\",\"telephone\":\"+33 297350030\",\"legalName\":\"CHALLENGE OCEAN\",\"foundingDate\":\"2005-09-21\",\"vatID\":\"FR35478183171\",\"taxID\":\"47818317100030\",\"numberOfEmployees\":{\"@type\":\"QuantitativeValue\",\"minValue\":\"1\",\"maxValue\":\"10\"}}]}<\/script>\n<!-- \/ Yoast SEO Premium plugin. -->","yoast_head_json":{"title":"Sailing School in South Brittany, training inshore and offshore Sailing","description":"Joinas a crew member CHALLENGE OCEAN, French Sailing School, training inshore and offshore sailing as well as acrossing the Atlantic.","robots":{"index":"index","follow":"follow","max-snippet":"max-snippet:-1","max-image-preview":"max-image-preview:large","max-video-preview":"max-video-preview:-1"},"canonical":"https:\/\/www.challengeocean.com\/en\/sailing-school\/","og_locale":"en_US","og_type":"article","og_title":"Sailing School","og_description":"Joinas a crew member CHALLENGE OCEAN, French Sailing School, training inshore and offshore sailing as well as acrossing the Atlantic.","og_url":"https:\/\/www.challengeocean.com\/en\/sailing-school\/","og_site_name":"CHALLENGE OCEAN","article_publisher":"https:\/\/www.facebook.com\/challengeocean\/","article_modified_time":"2024-05-28T10:37:50+00:00","og_image":[{"width":1200,"height":800,"url":"https:\/\/www.challengeocean.com\/wp-content\/uploads\/2018\/07\/ecole-de-croisiere-habitable.jpg","type":"image\/jpeg"}],"twitter_misc":{"Est. reading time":"3 minutes"},"schema":{"@context":"https:\/\/schema.org","@graph":[{"@type":"WebPage","@id":"https:\/\/www.challengeocean.com\/en\/sailing-school\/","url":"https:\/\/www.challengeocean.com\/en\/sailing-school\/","name":"Sailing School in South Brittany, training inshore and offshore Sailing","isPartOf":{"@id":"https:\/\/www.challengeocean.com\/en\/#website"},"primaryImageOfPage":{"@id":"https:\/\/www.challengeocean.com\/en\/sailing-school\/#primaryimage"},"image":{"@id":"https:\/\/www.challengeocean.com\/en\/sailing-school\/#primaryimage"},"thumbnailUrl":"https:\/\/www.challengeocean.com\/wp-content\/uploads\/2018\/07\/ecole-de-croisiere-habitable.jpg","datePublished":"2014-09-16T16:22:27+00:00","dateModified":"2024-05-28T10:37:50+00:00","description":"Joinas a crew member CHALLENGE OCEAN, French Sailing School, training inshore and offshore sailing as well as acrossing the Atlantic.","breadcrumb":{"@id":"https:\/\/www.challengeocean.com\/en\/sailing-school\/#breadcrumb"},"inLanguage":"en-US","potentialAction":[{"@type":"ReadAction","target":["https:\/\/www.challengeocean.com\/en\/sailing-school\/"]}]},{"@type":"ImageObject","inLanguage":"en-US","@id":"https:\/\/www.challengeocean.com\/en\/sailing-school\/#primaryimage","url":"https:\/\/www.challengeocean.com\/wp-content\/uploads\/2018\/07\/ecole-de-croisiere-habitable.jpg","contentUrl":"https:\/\/www.challengeocean.com\/wp-content\/uploads\/2018\/07\/ecole-de-croisiere-habitable.jpg","width":1200,"height":800,"caption":"\u00e9cole de croisi\u00e8re habitable"},{"@type":"BreadcrumbList","@id":"https:\/\/www.challengeocean.com\/en\/sailing-school\/#breadcrumb","itemListElement":[{"@type":"ListItem","position":1,"name":"Accueil","item":"https:\/\/www.challengeocean.com\/en\/"},{"@type":"ListItem","position":2,"name":"Sailing School"}]},{"@type":"WebSite","@id":"https:\/\/www.challengeocean.com\/en\/#website","url":"https:\/\/www.challengeocean.com\/en\/","name":"CHALLENGE OCEAN","description":"\u00c9cole Fran\u00e7aise de Croisi\u00e8re - Location voiliers avec skipper","publisher":{"@id":"https:\/\/www.challengeocean.com\/en\/#organization"},"potentialAction":[{"@type":"SearchAction","target":{"@type":"EntryPoint","urlTemplate":"https:\/\/www.challengeocean.com\/en\/?s={search_term_string}"},"query-input":{"@type":"PropertyValueSpecification","valueRequired":true,"valueName":"search_term_string"}}],"inLanguage":"en-US"},{"@type":"Organization","@id":"https:\/\/www.challengeocean.com\/en\/#organization","name":"CHALLENGE OCEAN","url":"https:\/\/www.challengeocean.com\/en\/","logo":{"@type":"ImageObject","inLanguage":"en-US","@id":"https:\/\/www.challengeocean.com\/en\/#\/schema\/logo\/image\/","url":"https:\/\/www.challengeocean.com\/wp-content\/uploads\/2013\/11\/logo_co_vertical.jpg","contentUrl":"https:\/\/www.challengeocean.com\/wp-content\/uploads\/2013\/11\/logo_co_vertical.jpg","width":310,"height":310,"caption":"CHALLENGE OCEAN"},"image":{"@id":"https:\/\/www.challengeocean.com\/en\/#\/schema\/logo\/image\/"},"sameAs":["https:\/\/www.facebook.com\/challengeocean\/","https:\/\/www.instagram.com\/challengeocean\/","https:\/\/www.linkedin.com\/company\/challengeocean\/","https:\/\/www.youtube.com\/@challengeocean"],"description":"\u00c9cole Fran\u00e7aise de Croisi\u00e8re - French Sailing School","telephone":"+33 297350030","legalName":"CHALLENGE OCEAN","foundingDate":"2005-09-21","vatID":"FR35478183171","taxID":"47818317100030","numberOfEmployees":{"@type":"QuantitativeValue","minValue":"1","maxValue":"10"}}]}},"_links":{"self":[{"href":"https:\/\/www.challengeocean.com\/en\/wp-json\/wp\/v2\/pages\/610","targetHints":{"allow":["GET"]}}],"collection":[{"href":"https:\/\/www.challengeocean.com\/en\/wp-json\/wp\/v2\/pages"}],"about":[{"href":"https:\/\/www.challengeocean.com\/en\/wp-json\/wp\/v2\/types\/page"}],"author":[{"embeddable":true,"href":"https:\/\/www.challengeocean.com\/en\/wp-json\/wp\/v2\/users\/1001002"}],"replies":[{"embeddable":true,"href":"https:\/\/www.challengeocean.com\/en\/wp-json\/wp\/v2\/comments?post=610"}],"version-history":[{"count":18,"href":"https:\/\/www.challengeocean.com\/en\/wp-json\/wp\/v2\/pages\/610\/revisions"}],"predecessor-version":[{"id":8926,"href":"https:\/\/www.challengeocean.com\/en\/wp-json\/wp\/v2\/pages\/610\/revisions\/8926"}],"wp:featuredmedia":[{"embeddable":true,"href":"https:\/\/www.challengeocean.com\/en\/wp-json\/wp\/v2\/media\/4470"}],"wp:attachment":[{"href":"https:\/\/www.challengeocean.com\/en\/wp-json\/wp\/v2\/media?parent=610"}],"curies":[{"name":"wp","href":"https:\/\/api.w.org\/{rel}","templated":true}]}}