{"id":603,"date":"2014-09-16T11:14:20","date_gmt":"2014-09-16T10:14:20","guid":{"rendered":"http:\/\/www.challengeocean.com\/?page_id=603"},"modified":"2024-11-20T12:42:47","modified_gmt":"2024-11-20T11:42:47","slug":"offshore-sailing-school-crewed-yacht-charter","status":"publish","type":"page","link":"https:\/\/www.challengeocean.com\/en\/","title":{"rendered":"Offshore Sailing School &#038; Crewed Yacht Charter"},"content":{"rendered":"<div class=\"wpb-content-wrapper\"><p>[vc_row][vc_column][vc_raw_html]JTVCaHVnZV9pdF9zbGlkZXIlMjBpZCUzRCUyMjEwJTIyJTVE[\/vc_raw_html][\/vc_column][\/vc_row][vc_row][vc_column width=&#8221;1\/2&#8243;][vc_column_text css=&#8221;&#8221;]<\/p>\n<h1><span style=\"color: #ff6600;\">Sailing, training &amp; travelling&#8230;<\/span><\/h1>\n<p><strong>Sailing <\/strong>for <strong>training<\/strong> and <strong>travelling<\/strong>. Heading to the Iles du Ponant, Brittany, the Isles of Scilly, Ireland, Scotland, Canary Islands, the Azores, St Pierre &amp; Miquelon, the West Indies, New York&#8230; Sailing courses in <a href=\"https:\/\/www.challengeocean.com\/en\/sailing-school\/start-sailing-course\/\">start<\/a>, <a href=\"https:\/\/www.challengeocean.com\/en\/sailing-school\/coastal-sailing-course\/\">coastal<\/a> and <span style=\"color: #ff6600;\"><a style=\"color: #ff6600;\" href=\"https:\/\/www.challengeocean.com\/en\/sailing-school\/offshore-sailing-course\/\">offshore sailing<\/a><\/span>. For those who dream of <a href=\"https:\/\/www.challengeocean.com\/navigations\/category\/transat\/\">crossing the Atlantic<\/a>, our yachts set sail every winter and at spring time. And for experienced yachtsmen who want to <a href=\"https:\/\/www.challengeocean.com\/en\/navigations\/category\/race\/\">enter<\/a> <a href=\"https:\/\/www.challengeocean.com\/en\/navigations\/category\/race\/\">races as a crew member<\/a>, our sailing boats take part in French and foreign races.[\/vc_column_text][\/vc_column][vc_column width=&#8221;1\/2&#8243;][vc_column_text css=&#8221;&#8221;]<\/p>\n<div>\n<h1><span style=\"color: #ff6600;\">French Sailing School<\/span><\/h1>\n<p>Our <strong>French Cruising School<\/strong> offers <a href=\"https:\/\/www.challengeocean.com\/en\/sailing-school\/\"><strong>sailing courses<\/strong><\/a> all year round. Whether you&#8217;re on your own or in a small group, come aboard as a <strong>100% active crew member<\/strong> aboard our<strong> professionally crewed tall ships<\/strong>, <a href=\"https:\/\/www.challengeocean.com\/en\/sail-boat-rental\/monohull-challenge-67\/\">21m monohulls<\/a> built for the BT Global Challenge and a <a href=\"https:\/\/www.challengeocean.com\/en\/sail-boat-rental\/volvo-60-libertalia-vor60\/\">Volvo 60<\/a> designed for the Volvo Ocean Race. Based in our home port of Lorient in Brittany, they are available in the main marinas along the French and international coasts. Welcome aboard the <b>Offshore Sailing School<\/b>.<\/p>\n<\/div>\n<p>[\/vc_column_text][\/vc_column][\/vc_row]<\/p>\n<\/div>","protected":false},"excerpt":{"rendered":"<p>[vc_row][vc_column][vc_raw_html]JTVCaHVnZV9pdF9zbGlkZXIlMjBpZCUzRCUyMjEwJTIyJTVE[\/vc_raw_html][\/vc_column][\/vc_row][vc_row][vc_column width=&#8221;1\/2&#8243;][vc_column_text css=&#8221;&#8221;] Sailing, training &amp; travelling&#8230; Sailing for training and travelling. Heading to the Iles du Ponant, Brittany, the Isles of Scilly, Ireland, Scotland, Canary Islands, the Azores, St Pierre &amp; Miquelon, the West Indies, New York&#8230; Sailing courses in start, coastal and offshore sailing. For those who dream of crossing the Atlantic, our yachts set sail every winter&hellip;<\/p>\n","protected":false},"author":1001002,"featured_media":9142,"parent":0,"menu_order":1,"comment_status":"closed","ping_status":"open","template":"","meta":{"_monsterinsights_skip_tracking":false,"_monsterinsights_sitenote_active":false,"_monsterinsights_sitenote_note":"","_monsterinsights_sitenote_category":0,"footnotes":""},"class_list":["post-603","page","type-page","status-publish","has-post-thumbnail","hentry"],"yoast_head":"<!-- This site is optimized with the Yoast SEO Premium plugin v27.4 (Yoast SEO v27.4) - https:\/\/yoast.com\/product\/yoast-seo-premium-wordpress\/ -->\n<title>Sailing for training and travelling with our French Sailing School<\/title>\n<meta name=\"description\" content=\"French Sailing School for training and travelling aboard crewed yacht, Challenge 67 and Volvo 60, based in South Brittany in France.\" \/>\n<meta name=\"robots\" content=\"index, follow, max-snippet:-1, max-image-preview:large, max-video-preview:-1\" \/>\n<link rel=\"canonical\" href=\"https:\/\/www.challengeocean.com\/en\/\" \/>\n<meta property=\"og:locale\" content=\"en_US\" \/>\n<meta property=\"og:type\" content=\"article\" \/>\n<meta property=\"og:title\" content=\"Offshore Sailing School &amp; Crewed Yacht Charter\" \/>\n<meta property=\"og:description\" content=\"French Sailing School for training and travelling aboard crewed yacht, Challenge 67 and Volvo 60, based in South Brittany in France.\" \/>\n<meta property=\"og:url\" content=\"https:\/\/www.challengeocean.com\/en\/\" \/>\n<meta property=\"og:site_name\" content=\"CHALLENGE OCEAN\" \/>\n<meta property=\"article:publisher\" content=\"https:\/\/www.facebook.com\/challengeocean\/\" \/>\n<meta property=\"article:modified_time\" content=\"2024-11-20T11:42:47+00:00\" \/>\n<meta property=\"og:image\" content=\"https:\/\/www.challengeocean.com\/wp-content\/uploads\/2024\/11\/Sunrise-Atlantic-Ocean-1.jpg\" \/>\n\t<meta property=\"og:image:width\" content=\"1500\" \/>\n\t<meta property=\"og:image:height\" content=\"1125\" \/>\n\t<meta property=\"og:image:type\" content=\"image\/jpeg\" \/>\n<meta name=\"twitter:label1\" content=\"Est. reading time\" \/>\n\t<meta name=\"twitter:data1\" content=\"2 minutes\" \/>\n<script type=\"application\/ld+json\" class=\"yoast-schema-graph\">{\"@context\":\"https:\\\/\\\/schema.org\",\"@graph\":[{\"@type\":\"WebPage\",\"@id\":\"https:\\\/\\\/www.challengeocean.com\\\/en\\\/\",\"url\":\"https:\\\/\\\/www.challengeocean.com\\\/en\\\/\",\"name\":\"Sailing for training and travelling with our French Sailing School\",\"isPartOf\":{\"@id\":\"https:\\\/\\\/www.challengeocean.com\\\/en\\\/#website\"},\"primaryImageOfPage\":{\"@id\":\"https:\\\/\\\/www.challengeocean.com\\\/en\\\/#primaryimage\"},\"image\":{\"@id\":\"https:\\\/\\\/www.challengeocean.com\\\/en\\\/#primaryimage\"},\"thumbnailUrl\":\"https:\\\/\\\/www.challengeocean.com\\\/wp-content\\\/uploads\\\/2024\\\/11\\\/Sunrise-Atlantic-Ocean-1.jpg\",\"datePublished\":\"2014-09-16T10:14:20+00:00\",\"dateModified\":\"2024-11-20T11:42:47+00:00\",\"description\":\"French Sailing School for training and travelling aboard crewed yacht, Challenge 67 and Volvo 60, based in South Brittany in France.\",\"breadcrumb\":{\"@id\":\"https:\\\/\\\/www.challengeocean.com\\\/en\\\/#breadcrumb\"},\"inLanguage\":\"en-US\",\"potentialAction\":[{\"@type\":\"ReadAction\",\"target\":[\"https:\\\/\\\/www.challengeocean.com\\\/en\\\/\"]}]},{\"@type\":\"ImageObject\",\"inLanguage\":\"en-US\",\"@id\":\"https:\\\/\\\/www.challengeocean.com\\\/en\\\/#primaryimage\",\"url\":\"https:\\\/\\\/www.challengeocean.com\\\/wp-content\\\/uploads\\\/2024\\\/11\\\/Sunrise-Atlantic-Ocean-1.jpg\",\"contentUrl\":\"https:\\\/\\\/www.challengeocean.com\\\/wp-content\\\/uploads\\\/2024\\\/11\\\/Sunrise-Atlantic-Ocean-1.jpg\",\"width\":1500,\"height\":1125,\"caption\":\"Sailing for training and travelling with our French Sailing School\"},{\"@type\":\"BreadcrumbList\",\"@id\":\"https:\\\/\\\/www.challengeocean.com\\\/en\\\/#breadcrumb\",\"itemListElement\":[{\"@type\":\"ListItem\",\"position\":1,\"name\":\"Accueil\",\"item\":\"https:\\\/\\\/www.challengeocean.com\\\/en\\\/\"},{\"@type\":\"ListItem\",\"position\":2,\"name\":\"Offshore Sailing School &#038; Crewed Yacht Charter\"}]},{\"@type\":\"WebSite\",\"@id\":\"https:\\\/\\\/www.challengeocean.com\\\/en\\\/#website\",\"url\":\"https:\\\/\\\/www.challengeocean.com\\\/en\\\/\",\"name\":\"CHALLENGE OCEAN\",\"description\":\"\u00c9cole Fran\u00e7aise de Croisi\u00e8re - Location voiliers avec skipper\",\"publisher\":{\"@id\":\"https:\\\/\\\/www.challengeocean.com\\\/en\\\/#organization\"},\"potentialAction\":[{\"@type\":\"SearchAction\",\"target\":{\"@type\":\"EntryPoint\",\"urlTemplate\":\"https:\\\/\\\/www.challengeocean.com\\\/en\\\/?s={search_term_string}\"},\"query-input\":{\"@type\":\"PropertyValueSpecification\",\"valueRequired\":true,\"valueName\":\"search_term_string\"}}],\"inLanguage\":\"en-US\"},{\"@type\":\"Organization\",\"@id\":\"https:\\\/\\\/www.challengeocean.com\\\/en\\\/#organization\",\"name\":\"CHALLENGE OCEAN\",\"url\":\"https:\\\/\\\/www.challengeocean.com\\\/en\\\/\",\"logo\":{\"@type\":\"ImageObject\",\"inLanguage\":\"en-US\",\"@id\":\"https:\\\/\\\/www.challengeocean.com\\\/en\\\/#\\\/schema\\\/logo\\\/image\\\/\",\"url\":\"https:\\\/\\\/www.challengeocean.com\\\/wp-content\\\/uploads\\\/2013\\\/11\\\/logo_co_vertical.jpg\",\"contentUrl\":\"https:\\\/\\\/www.challengeocean.com\\\/wp-content\\\/uploads\\\/2013\\\/11\\\/logo_co_vertical.jpg\",\"width\":310,\"height\":310,\"caption\":\"CHALLENGE OCEAN\"},\"image\":{\"@id\":\"https:\\\/\\\/www.challengeocean.com\\\/en\\\/#\\\/schema\\\/logo\\\/image\\\/\"},\"sameAs\":[\"https:\\\/\\\/www.facebook.com\\\/challengeocean\\\/\",\"https:\\\/\\\/www.instagram.com\\\/challengeocean\\\/\",\"https:\\\/\\\/www.linkedin.com\\\/company\\\/challengeocean\\\/\",\"https:\\\/\\\/www.youtube.com\\\/@challengeocean\"],\"description\":\"\u00c9cole Fran\u00e7aise de Croisi\u00e8re - French Sailing School\",\"telephone\":\"+33 297350030\",\"legalName\":\"CHALLENGE OCEAN\",\"foundingDate\":\"2005-09-21\",\"vatID\":\"FR35478183171\",\"taxID\":\"47818317100030\",\"numberOfEmployees\":{\"@type\":\"QuantitativeValue\",\"minValue\":\"1\",\"maxValue\":\"10\"}}]}<\/script>\n<!-- \/ Yoast SEO Premium plugin. -->","yoast_head_json":{"title":"Sailing for training and travelling with our French Sailing School","description":"French Sailing School for training and travelling aboard crewed yacht, Challenge 67 and Volvo 60, based in South Brittany in France.","robots":{"index":"index","follow":"follow","max-snippet":"max-snippet:-1","max-image-preview":"max-image-preview:large","max-video-preview":"max-video-preview:-1"},"canonical":"https:\/\/www.challengeocean.com\/en\/","og_locale":"en_US","og_type":"article","og_title":"Offshore Sailing School & Crewed Yacht Charter","og_description":"French Sailing School for training and travelling aboard crewed yacht, Challenge 67 and Volvo 60, based in South Brittany in France.","og_url":"https:\/\/www.challengeocean.com\/en\/","og_site_name":"CHALLENGE OCEAN","article_publisher":"https:\/\/www.facebook.com\/challengeocean\/","article_modified_time":"2024-11-20T11:42:47+00:00","og_image":[{"width":1500,"height":1125,"url":"https:\/\/www.challengeocean.com\/wp-content\/uploads\/2024\/11\/Sunrise-Atlantic-Ocean-1.jpg","type":"image\/jpeg"}],"twitter_misc":{"Est. reading time":"2 minutes"},"schema":{"@context":"https:\/\/schema.org","@graph":[{"@type":"WebPage","@id":"https:\/\/www.challengeocean.com\/en\/","url":"https:\/\/www.challengeocean.com\/en\/","name":"Sailing for training and travelling with our French Sailing School","isPartOf":{"@id":"https:\/\/www.challengeocean.com\/en\/#website"},"primaryImageOfPage":{"@id":"https:\/\/www.challengeocean.com\/en\/#primaryimage"},"image":{"@id":"https:\/\/www.challengeocean.com\/en\/#primaryimage"},"thumbnailUrl":"https:\/\/www.challengeocean.com\/wp-content\/uploads\/2024\/11\/Sunrise-Atlantic-Ocean-1.jpg","datePublished":"2014-09-16T10:14:20+00:00","dateModified":"2024-11-20T11:42:47+00:00","description":"French Sailing School for training and travelling aboard crewed yacht, Challenge 67 and Volvo 60, based in South Brittany in France.","breadcrumb":{"@id":"https:\/\/www.challengeocean.com\/en\/#breadcrumb"},"inLanguage":"en-US","potentialAction":[{"@type":"ReadAction","target":["https:\/\/www.challengeocean.com\/en\/"]}]},{"@type":"ImageObject","inLanguage":"en-US","@id":"https:\/\/www.challengeocean.com\/en\/#primaryimage","url":"https:\/\/www.challengeocean.com\/wp-content\/uploads\/2024\/11\/Sunrise-Atlantic-Ocean-1.jpg","contentUrl":"https:\/\/www.challengeocean.com\/wp-content\/uploads\/2024\/11\/Sunrise-Atlantic-Ocean-1.jpg","width":1500,"height":1125,"caption":"Sailing for training and travelling with our French Sailing School"},{"@type":"BreadcrumbList","@id":"https:\/\/www.challengeocean.com\/en\/#breadcrumb","itemListElement":[{"@type":"ListItem","position":1,"name":"Accueil","item":"https:\/\/www.challengeocean.com\/en\/"},{"@type":"ListItem","position":2,"name":"Offshore Sailing School &#038; Crewed Yacht Charter"}]},{"@type":"WebSite","@id":"https:\/\/www.challengeocean.com\/en\/#website","url":"https:\/\/www.challengeocean.com\/en\/","name":"CHALLENGE OCEAN","description":"\u00c9cole Fran\u00e7aise de Croisi\u00e8re - Location voiliers avec skipper","publisher":{"@id":"https:\/\/www.challengeocean.com\/en\/#organization"},"potentialAction":[{"@type":"SearchAction","target":{"@type":"EntryPoint","urlTemplate":"https:\/\/www.challengeocean.com\/en\/?s={search_term_string}"},"query-input":{"@type":"PropertyValueSpecification","valueRequired":true,"valueName":"search_term_string"}}],"inLanguage":"en-US"},{"@type":"Organization","@id":"https:\/\/www.challengeocean.com\/en\/#organization","name":"CHALLENGE OCEAN","url":"https:\/\/www.challengeocean.com\/en\/","logo":{"@type":"ImageObject","inLanguage":"en-US","@id":"https:\/\/www.challengeocean.com\/en\/#\/schema\/logo\/image\/","url":"https:\/\/www.challengeocean.com\/wp-content\/uploads\/2013\/11\/logo_co_vertical.jpg","contentUrl":"https:\/\/www.challengeocean.com\/wp-content\/uploads\/2013\/11\/logo_co_vertical.jpg","width":310,"height":310,"caption":"CHALLENGE OCEAN"},"image":{"@id":"https:\/\/www.challengeocean.com\/en\/#\/schema\/logo\/image\/"},"sameAs":["https:\/\/www.facebook.com\/challengeocean\/","https:\/\/www.instagram.com\/challengeocean\/","https:\/\/www.linkedin.com\/company\/challengeocean\/","https:\/\/www.youtube.com\/@challengeocean"],"description":"\u00c9cole Fran\u00e7aise de Croisi\u00e8re - French Sailing School","telephone":"+33 297350030","legalName":"CHALLENGE OCEAN","foundingDate":"2005-09-21","vatID":"FR35478183171","taxID":"47818317100030","numberOfEmployees":{"@type":"QuantitativeValue","minValue":"1","maxValue":"10"}}]}},"_links":{"self":[{"href":"https:\/\/www.challengeocean.com\/en\/wp-json\/wp\/v2\/pages\/603","targetHints":{"allow":["GET"]}}],"collection":[{"href":"https:\/\/www.challengeocean.com\/en\/wp-json\/wp\/v2\/pages"}],"about":[{"href":"https:\/\/www.challengeocean.com\/en\/wp-json\/wp\/v2\/types\/page"}],"author":[{"embeddable":true,"href":"https:\/\/www.challengeocean.com\/en\/wp-json\/wp\/v2\/users\/1001002"}],"replies":[{"embeddable":true,"href":"https:\/\/www.challengeocean.com\/en\/wp-json\/wp\/v2\/comments?post=603"}],"version-history":[{"count":65,"href":"https:\/\/www.challengeocean.com\/en\/wp-json\/wp\/v2\/pages\/603\/revisions"}],"predecessor-version":[{"id":9145,"href":"https:\/\/www.challengeocean.com\/en\/wp-json\/wp\/v2\/pages\/603\/revisions\/9145"}],"wp:featuredmedia":[{"embeddable":true,"href":"https:\/\/www.challengeocean.com\/en\/wp-json\/wp\/v2\/media\/9142"}],"wp:attachment":[{"href":"https:\/\/www.challengeocean.com\/en\/wp-json\/wp\/v2\/media?parent=603"}],"curies":[{"name":"wp","href":"https:\/\/api.w.org\/{rel}","templated":true}]}}