{"id":1543,"date":"2016-01-06T23:32:58","date_gmt":"2016-01-06T22:32:58","guid":{"rendered":"http:\/\/www.challengeocean.com\/?page_id=1543"},"modified":"2022-02-16T11:33:45","modified_gmt":"2022-02-16T10:33:45","slug":"gift-box-sailing-pass","status":"publish","type":"page","link":"https:\/\/www.challengeocean.com\/en\/gift-box-sailing-pass\/","title":{"rendered":"Gift Box Sailing Pass"},"content":{"rendered":"<p>Gift Box Sailing Pass\u2026 Looking for an original and exceptional gift for a birthday, a family event, a reward but you can not book a date of release at sea right now ?<\/p>\n<h2><span style=\"color: #ff6600;\">Pleasure to offer<\/span><\/h2>\n<p>With the OCEAN CHALLENGE Sailing Pass, offer an unforgettable gift, a voucher of the value of your choice to board one of our crewed sailing yachts, for a day, a week or a week. end, a race or a sailing course.<\/p>\n<h2><span style=\"color: #ff6600;\">An original and exceptional gift<\/span><\/h2>\n<p>The CHALLENGE OCEAN Sailing Pass gift box allows you to buy a seat aboard one of our boats, without having to book a specific date. Once settled, you receive by email a nominal Sailing Pass allowing to view the gift, without price displayed.<\/p>\n<p>Its beneficiary will book himself the program at sea of \u200b\u200bhis choice among the dates of the calendar. It is valid for one year from the date of purchase.<\/p>\n<p>Call for more informations +33 (0)2 97 35 00 30 or <a title=\"Cadeau Pass Voile\" href=\"mailto:valdo@challengeocean.com?subject=Cadeau Pass Voile\" target=\"_blank\" rel=\"noopener\">email<\/a>.<\/p>\n\n<div class=\"wpcf7 no-js\" id=\"wpcf7-f4298-o1\" lang=\"fr-FR\" dir=\"ltr\" data-wpcf7-id=\"4298\">\n<div class=\"screen-reader-response\"><p role=\"status\" aria-live=\"polite\" aria-atomic=\"true\"><\/p> <ul><\/ul><\/div>\n<form action=\"\/en\/wp-json\/wp\/v2\/pages\/1543#wpcf7-f4298-o1\" method=\"post\" class=\"wpcf7-form init\" aria-label=\"Formulaire de contact\" novalidate=\"novalidate\" data-status=\"init\">\n<fieldset class=\"hidden-fields-container\"><input type=\"hidden\" name=\"_wpcf7\" value=\"4298\" \/><input type=\"hidden\" name=\"_wpcf7_version\" value=\"6.1.5\" \/><input type=\"hidden\" name=\"_wpcf7_locale\" value=\"fr_FR\" \/><input type=\"hidden\" name=\"_wpcf7_unit_tag\" value=\"wpcf7-f4298-o1\" \/><input type=\"hidden\" name=\"_wpcf7_container_post\" value=\"0\" \/><input type=\"hidden\" name=\"_wpcf7_posted_data_hash\" value=\"\" \/><input type=\"hidden\" name=\"_wpcf7_recaptcha_response\" value=\"\" \/>\n<\/fieldset>\n<p>Choose your Sailing Pass\n<\/p>\n<p><span class=\"wpcf7-form-control-wrap\" data-name=\"Pass\"><select class=\"wpcf7-form-control wpcf7-select wpcf7-validates-as-required\" aria-required=\"true\" aria-invalid=\"false\" name=\"Pass\"><option value=\"Day charter Maxi Monohull : 150\u20ac\">Day charter Maxi Monohull : 150\u20ac<\/option><option value=\"Start Sailing Course - FFVoile \/ 3 days : 550\u20ac\">Start Sailing Course - FFVoile \/ 3 days : 550\u20ac<\/option><option value=\"Coastal Sailing Course Scilly - FFVoile \/ 7 days : 1260\u20ac\">Coastal Sailing Course Scilly - FFVoile \/ 7 days : 1260\u20ac<\/option><option value=\"Transat ARC 2023 - Lorient - Las Palmas - Saint-Lucia \/ 35 days : 6550\u20ac\">Transat ARC 2023 - Lorient - Las Palmas - Saint-Lucia \/ 35 days : 6550\u20ac<\/option><option value=\"Transat - Pointe \u00e0 Pitre - Lorient \/ 28 days : 4200\u20ac\">Transat - Pointe \u00e0 Pitre - Lorient \/ 28 days : 4200\u20ac<\/option><option value=\"24H Volvo : 950\u20ac\">24H Volvo : 950\u20ac<\/option><option value=\"Other sailing course - On demand\">Other sailing course - On demand<\/option><\/select><\/span>\n<\/p>\n<p>Nom*\n<\/p>\n<p><span class=\"wpcf7-form-control-wrap\" data-name=\"your-name\"><input size=\"40\" maxlength=\"400\" class=\"wpcf7-form-control wpcf7-text wpcf7-validates-as-required\" aria-required=\"true\" aria-invalid=\"false\" value=\"\" type=\"text\" name=\"your-name\" \/><\/span>\n<\/p>\n<p>Prenom*\n<\/p>\n<p><span class=\"wpcf7-form-control-wrap\" data-name=\"your-first-name\"><input size=\"40\" maxlength=\"400\" class=\"wpcf7-form-control wpcf7-text wpcf7-validates-as-required\" aria-required=\"true\" aria-invalid=\"false\" value=\"\" type=\"text\" name=\"your-first-name\" \/><\/span>\n<\/p>\n<p>Email*\n<\/p>\n<p><span class=\"wpcf7-form-control-wrap\" data-name=\"your-email\"><input size=\"40\" maxlength=\"400\" class=\"wpcf7-form-control wpcf7-email wpcf7-validates-as-required wpcf7-text wpcf7-validates-as-email\" aria-required=\"true\" aria-invalid=\"false\" value=\"\" type=\"email\" name=\"your-email\" \/><\/span>\n<\/p>\n<p>Adresse\n<\/p>\n<p><span class=\"wpcf7-form-control-wrap\" data-name=\"Adresse\"><input size=\"40\" maxlength=\"400\" class=\"wpcf7-form-control wpcf7-text\" aria-invalid=\"false\" value=\"\" type=\"text\" name=\"Adresse\" \/><\/span>\n<\/p>\n<p>N\u00b0 de t\u00e9l\u00e9phone\n<\/p>\n<p><span class=\"wpcf7-form-control-wrap\" data-name=\"your-phone\"><input size=\"40\" maxlength=\"400\" class=\"wpcf7-form-control wpcf7-text\" aria-invalid=\"false\" value=\"\" type=\"text\" name=\"your-phone\" \/><\/span>\n<\/p>\n<p>Votre message*\n<\/p>\n<p><span class=\"wpcf7-form-control-wrap\" data-name=\"your-message\"><textarea cols=\"40\" rows=\"10\" maxlength=\"2000\" class=\"wpcf7-form-control wpcf7-textarea wpcf7-validates-as-required\" aria-required=\"true\" aria-invalid=\"false\" name=\"your-message\"><\/textarea><\/span>\n<\/p>\n<p><input class=\"wpcf7-form-control wpcf7-submit has-spinner\" type=\"submit\" value=\"Envoyer\" \/>\n<\/p><p style=\"display: none !important;\" class=\"akismet-fields-container\" data-prefix=\"_wpcf7_ak_\"><label>&#916;<textarea name=\"_wpcf7_ak_hp_textarea\" cols=\"45\" rows=\"8\" maxlength=\"100\"><\/textarea><\/label><input type=\"hidden\" id=\"ak_js_1\" name=\"_wpcf7_ak_js\" value=\"233\"\/><script type=\"text\/javascript\">\n\/* <![CDATA[ *\/\ndocument.getElementById( \"ak_js_1\" ).setAttribute( \"value\", ( new Date() ).getTime() );\n\/* ]]> *\/\n<\/script>\n<\/p><input type='hidden' class='wpcf7-pum' value='{\"closepopup\":false,\"closedelay\":0,\"openpopup\":false,\"openpopup_id\":0}' \/><div class=\"wpcf7-response-output\" aria-hidden=\"true\"><\/div>\n<\/form>\n<\/div>\n\n<br>\n<p>&nbsp;<\/p>\n","protected":false},"excerpt":{"rendered":"<p>Gift Box Sailing Pass\u2026 Looking for an original and exceptional gift for a birthday, a family event, a reward but you can not book a date of release at sea right now ? Pleasure to offer With the OCEAN CHALLENGE Sailing Pass, offer an unforgettable gift, a voucher of the value of your choice to board one of our crewed&hellip;<\/p>\n","protected":false},"author":1001002,"featured_media":9584,"parent":0,"menu_order":0,"comment_status":"open","ping_status":"open","template":"","meta":{"_monsterinsights_skip_tracking":false,"_monsterinsights_sitenote_active":false,"_monsterinsights_sitenote_note":"","_monsterinsights_sitenote_category":0,"footnotes":""},"class_list":["post-1543","page","type-page","status-publish","has-post-thumbnail","hentry"],"yoast_head":"<!-- This site is optimized with the Yoast SEO Premium plugin v27.5 (Yoast SEO v27.5) - https:\/\/yoast.com\/product\/yoast-seo-premium-wordpress\/ -->\n<title>Gift Box Sailing Pass, wonderful gift to offer for birthday, event or reward.<\/title>\n<meta name=\"description\" content=\"Gift Box Sailing Pass, wonderful gift to offer for birthday, private event or reward. Looking for original and exceptionnal gift for day charter, cruising, racing or training course.\" \/>\n<meta name=\"robots\" content=\"index, follow, max-snippet:-1, max-image-preview:large, max-video-preview:-1\" \/>\n<link rel=\"canonical\" href=\"https:\/\/www.challengeocean.com\/en\/gift-box-sailing-pass\/\" \/>\n<meta property=\"og:locale\" content=\"en_US\" \/>\n<meta property=\"og:type\" content=\"article\" \/>\n<meta property=\"og:title\" content=\"Gift Box Sailing Pass\" \/>\n<meta property=\"og:description\" content=\"Gift Box Sailing Pass, wonderful gift to offer for birthday, private event or reward. Looking for original and exceptionnal gift for day charter, cruising, racing or training course.\" \/>\n<meta property=\"og:url\" content=\"https:\/\/www.challengeocean.com\/en\/gift-box-sailing-pass\/\" \/>\n<meta property=\"og:site_name\" content=\"CHALLENGE OCEAN\" \/>\n<meta property=\"article:publisher\" content=\"https:\/\/www.facebook.com\/challengeocean\/\" \/>\n<meta property=\"article:modified_time\" content=\"2022-02-16T10:33:45+00:00\" \/>\n<meta property=\"og:image\" content=\"https:\/\/www.challengeocean.com\/wp-content\/uploads\/2021\/04\/challenge-67-150x150.jpg\" \/>\n<meta name=\"twitter:label1\" content=\"Est. reading time\" \/>\n\t<meta name=\"twitter:data1\" content=\"1 minute\" \/>\n<script type=\"application\/ld+json\" class=\"yoast-schema-graph\">{\"@context\":\"https:\\\/\\\/schema.org\",\"@graph\":[{\"@type\":\"WebPage\",\"@id\":\"https:\\\/\\\/www.challengeocean.com\\\/en\\\/gift-box-sailing-pass\\\/\",\"url\":\"https:\\\/\\\/www.challengeocean.com\\\/en\\\/gift-box-sailing-pass\\\/\",\"name\":\"Gift Box Sailing Pass, wonderful gift to offer for birthday, event or reward.\",\"isPartOf\":{\"@id\":\"https:\\\/\\\/www.challengeocean.com\\\/en\\\/#website\"},\"primaryImageOfPage\":{\"@id\":\"https:\\\/\\\/www.challengeocean.com\\\/en\\\/gift-box-sailing-pass\\\/#primaryimage\"},\"image\":{\"@id\":\"https:\\\/\\\/www.challengeocean.com\\\/en\\\/gift-box-sailing-pass\\\/#primaryimage\"},\"thumbnailUrl\":\"https:\\\/\\\/www.challengeocean.com\\\/wp-content\\\/uploads\\\/2025\\\/08\\\/pass-voile-bon-cadeau.jpeg\",\"datePublished\":\"2016-01-06T22:32:58+00:00\",\"dateModified\":\"2022-02-16T10:33:45+00:00\",\"description\":\"Gift Box Sailing Pass, wonderful gift to offer for birthday, private event or reward. Looking for original and exceptionnal gift for day charter, cruising, racing or training course.\",\"breadcrumb\":{\"@id\":\"https:\\\/\\\/www.challengeocean.com\\\/en\\\/gift-box-sailing-pass\\\/#breadcrumb\"},\"inLanguage\":\"en-US\",\"potentialAction\":[{\"@type\":\"ReadAction\",\"target\":[\"https:\\\/\\\/www.challengeocean.com\\\/en\\\/gift-box-sailing-pass\\\/\"]}]},{\"@type\":\"ImageObject\",\"inLanguage\":\"en-US\",\"@id\":\"https:\\\/\\\/www.challengeocean.com\\\/en\\\/gift-box-sailing-pass\\\/#primaryimage\",\"url\":\"https:\\\/\\\/www.challengeocean.com\\\/wp-content\\\/uploads\\\/2025\\\/08\\\/pass-voile-bon-cadeau.jpeg\",\"contentUrl\":\"https:\\\/\\\/www.challengeocean.com\\\/wp-content\\\/uploads\\\/2025\\\/08\\\/pass-voile-bon-cadeau.jpeg\",\"width\":1500,\"height\":1500,\"caption\":\"coffret cadeau pass voile\"},{\"@type\":\"BreadcrumbList\",\"@id\":\"https:\\\/\\\/www.challengeocean.com\\\/en\\\/gift-box-sailing-pass\\\/#breadcrumb\",\"itemListElement\":[{\"@type\":\"ListItem\",\"position\":1,\"name\":\"Accueil\",\"item\":\"https:\\\/\\\/www.challengeocean.com\\\/en\\\/\"},{\"@type\":\"ListItem\",\"position\":2,\"name\":\"Gift Box Sailing Pass\"}]},{\"@type\":\"WebSite\",\"@id\":\"https:\\\/\\\/www.challengeocean.com\\\/en\\\/#website\",\"url\":\"https:\\\/\\\/www.challengeocean.com\\\/en\\\/\",\"name\":\"CHALLENGE OCEAN\",\"description\":\"\u00c9cole Fran\u00e7aise de Croisi\u00e8re - Location voiliers avec skipper\",\"publisher\":{\"@id\":\"https:\\\/\\\/www.challengeocean.com\\\/en\\\/#organization\"},\"potentialAction\":[{\"@type\":\"SearchAction\",\"target\":{\"@type\":\"EntryPoint\",\"urlTemplate\":\"https:\\\/\\\/www.challengeocean.com\\\/en\\\/?s={search_term_string}\"},\"query-input\":{\"@type\":\"PropertyValueSpecification\",\"valueRequired\":true,\"valueName\":\"search_term_string\"}}],\"inLanguage\":\"en-US\"},{\"@type\":\"Organization\",\"@id\":\"https:\\\/\\\/www.challengeocean.com\\\/en\\\/#organization\",\"name\":\"CHALLENGE OCEAN\",\"url\":\"https:\\\/\\\/www.challengeocean.com\\\/en\\\/\",\"logo\":{\"@type\":\"ImageObject\",\"inLanguage\":\"en-US\",\"@id\":\"https:\\\/\\\/www.challengeocean.com\\\/en\\\/#\\\/schema\\\/logo\\\/image\\\/\",\"url\":\"https:\\\/\\\/www.challengeocean.com\\\/wp-content\\\/uploads\\\/2013\\\/11\\\/logo_co_vertical.jpg\",\"contentUrl\":\"https:\\\/\\\/www.challengeocean.com\\\/wp-content\\\/uploads\\\/2013\\\/11\\\/logo_co_vertical.jpg\",\"width\":310,\"height\":310,\"caption\":\"CHALLENGE OCEAN\"},\"image\":{\"@id\":\"https:\\\/\\\/www.challengeocean.com\\\/en\\\/#\\\/schema\\\/logo\\\/image\\\/\"},\"sameAs\":[\"https:\\\/\\\/www.facebook.com\\\/challengeocean\\\/\",\"https:\\\/\\\/www.instagram.com\\\/challengeocean\\\/\",\"https:\\\/\\\/www.linkedin.com\\\/company\\\/challengeocean\\\/\",\"https:\\\/\\\/www.youtube.com\\\/@challengeocean\"],\"description\":\"\u00c9cole Fran\u00e7aise de Croisi\u00e8re - French Sailing School\",\"telephone\":\"+33 297350030\",\"legalName\":\"CHALLENGE OCEAN\",\"foundingDate\":\"2005-09-21\",\"vatID\":\"FR35478183171\",\"taxID\":\"47818317100030\",\"numberOfEmployees\":{\"@type\":\"QuantitativeValue\",\"minValue\":\"1\",\"maxValue\":\"10\"}}]}<\/script>\n<!-- \/ Yoast SEO Premium plugin. -->","yoast_head_json":{"title":"Gift Box Sailing Pass, wonderful gift to offer for birthday, event or reward.","description":"Gift Box Sailing Pass, wonderful gift to offer for birthday, private event or reward. Looking for original and exceptionnal gift for day charter, cruising, racing or training course.","robots":{"index":"index","follow":"follow","max-snippet":"max-snippet:-1","max-image-preview":"max-image-preview:large","max-video-preview":"max-video-preview:-1"},"canonical":"https:\/\/www.challengeocean.com\/en\/gift-box-sailing-pass\/","og_locale":"en_US","og_type":"article","og_title":"Gift Box Sailing Pass","og_description":"Gift Box Sailing Pass, wonderful gift to offer for birthday, private event or reward. Looking for original and exceptionnal gift for day charter, cruising, racing or training course.","og_url":"https:\/\/www.challengeocean.com\/en\/gift-box-sailing-pass\/","og_site_name":"CHALLENGE OCEAN","article_publisher":"https:\/\/www.facebook.com\/challengeocean\/","article_modified_time":"2022-02-16T10:33:45+00:00","og_image":[{"url":"https:\/\/www.challengeocean.com\/wp-content\/uploads\/2021\/04\/challenge-67-150x150.jpg","type":"","width":"","height":""}],"twitter_misc":{"Est. reading time":"1 minute"},"schema":{"@context":"https:\/\/schema.org","@graph":[{"@type":"WebPage","@id":"https:\/\/www.challengeocean.com\/en\/gift-box-sailing-pass\/","url":"https:\/\/www.challengeocean.com\/en\/gift-box-sailing-pass\/","name":"Gift Box Sailing Pass, wonderful gift to offer for birthday, event or reward.","isPartOf":{"@id":"https:\/\/www.challengeocean.com\/en\/#website"},"primaryImageOfPage":{"@id":"https:\/\/www.challengeocean.com\/en\/gift-box-sailing-pass\/#primaryimage"},"image":{"@id":"https:\/\/www.challengeocean.com\/en\/gift-box-sailing-pass\/#primaryimage"},"thumbnailUrl":"https:\/\/www.challengeocean.com\/wp-content\/uploads\/2025\/08\/pass-voile-bon-cadeau.jpeg","datePublished":"2016-01-06T22:32:58+00:00","dateModified":"2022-02-16T10:33:45+00:00","description":"Gift Box Sailing Pass, wonderful gift to offer for birthday, private event or reward. Looking for original and exceptionnal gift for day charter, cruising, racing or training course.","breadcrumb":{"@id":"https:\/\/www.challengeocean.com\/en\/gift-box-sailing-pass\/#breadcrumb"},"inLanguage":"en-US","potentialAction":[{"@type":"ReadAction","target":["https:\/\/www.challengeocean.com\/en\/gift-box-sailing-pass\/"]}]},{"@type":"ImageObject","inLanguage":"en-US","@id":"https:\/\/www.challengeocean.com\/en\/gift-box-sailing-pass\/#primaryimage","url":"https:\/\/www.challengeocean.com\/wp-content\/uploads\/2025\/08\/pass-voile-bon-cadeau.jpeg","contentUrl":"https:\/\/www.challengeocean.com\/wp-content\/uploads\/2025\/08\/pass-voile-bon-cadeau.jpeg","width":1500,"height":1500,"caption":"coffret cadeau pass voile"},{"@type":"BreadcrumbList","@id":"https:\/\/www.challengeocean.com\/en\/gift-box-sailing-pass\/#breadcrumb","itemListElement":[{"@type":"ListItem","position":1,"name":"Accueil","item":"https:\/\/www.challengeocean.com\/en\/"},{"@type":"ListItem","position":2,"name":"Gift Box Sailing Pass"}]},{"@type":"WebSite","@id":"https:\/\/www.challengeocean.com\/en\/#website","url":"https:\/\/www.challengeocean.com\/en\/","name":"CHALLENGE OCEAN","description":"\u00c9cole Fran\u00e7aise de Croisi\u00e8re - Location voiliers avec skipper","publisher":{"@id":"https:\/\/www.challengeocean.com\/en\/#organization"},"potentialAction":[{"@type":"SearchAction","target":{"@type":"EntryPoint","urlTemplate":"https:\/\/www.challengeocean.com\/en\/?s={search_term_string}"},"query-input":{"@type":"PropertyValueSpecification","valueRequired":true,"valueName":"search_term_string"}}],"inLanguage":"en-US"},{"@type":"Organization","@id":"https:\/\/www.challengeocean.com\/en\/#organization","name":"CHALLENGE OCEAN","url":"https:\/\/www.challengeocean.com\/en\/","logo":{"@type":"ImageObject","inLanguage":"en-US","@id":"https:\/\/www.challengeocean.com\/en\/#\/schema\/logo\/image\/","url":"https:\/\/www.challengeocean.com\/wp-content\/uploads\/2013\/11\/logo_co_vertical.jpg","contentUrl":"https:\/\/www.challengeocean.com\/wp-content\/uploads\/2013\/11\/logo_co_vertical.jpg","width":310,"height":310,"caption":"CHALLENGE OCEAN"},"image":{"@id":"https:\/\/www.challengeocean.com\/en\/#\/schema\/logo\/image\/"},"sameAs":["https:\/\/www.facebook.com\/challengeocean\/","https:\/\/www.instagram.com\/challengeocean\/","https:\/\/www.linkedin.com\/company\/challengeocean\/","https:\/\/www.youtube.com\/@challengeocean"],"description":"\u00c9cole Fran\u00e7aise de Croisi\u00e8re - French Sailing School","telephone":"+33 297350030","legalName":"CHALLENGE OCEAN","foundingDate":"2005-09-21","vatID":"FR35478183171","taxID":"47818317100030","numberOfEmployees":{"@type":"QuantitativeValue","minValue":"1","maxValue":"10"}}]}},"_links":{"self":[{"href":"https:\/\/www.challengeocean.com\/en\/wp-json\/wp\/v2\/pages\/1543","targetHints":{"allow":["GET"]}}],"collection":[{"href":"https:\/\/www.challengeocean.com\/en\/wp-json\/wp\/v2\/pages"}],"about":[{"href":"https:\/\/www.challengeocean.com\/en\/wp-json\/wp\/v2\/types\/page"}],"author":[{"embeddable":true,"href":"https:\/\/www.challengeocean.com\/en\/wp-json\/wp\/v2\/users\/1001002"}],"replies":[{"embeddable":true,"href":"https:\/\/www.challengeocean.com\/en\/wp-json\/wp\/v2\/comments?post=1543"}],"version-history":[{"count":9,"href":"https:\/\/www.challengeocean.com\/en\/wp-json\/wp\/v2\/pages\/1543\/revisions"}],"predecessor-version":[{"id":7190,"href":"https:\/\/www.challengeocean.com\/en\/wp-json\/wp\/v2\/pages\/1543\/revisions\/7190"}],"wp:featuredmedia":[{"embeddable":true,"href":"https:\/\/www.challengeocean.com\/en\/wp-json\/wp\/v2\/media\/9584"}],"wp:attachment":[{"href":"https:\/\/www.challengeocean.com\/en\/wp-json\/wp\/v2\/media?parent=1543"}],"curies":[{"name":"wp","href":"https:\/\/api.w.org\/{rel}","templated":true}]}}