{"id":1528,"date":"2016-01-05T23:09:14","date_gmt":"2016-01-05T22:09:14","guid":{"rendered":"http:\/\/www.challengeocean.com\/?page_id=1528"},"modified":"2018-08-23T11:04:39","modified_gmt":"2018-08-23T10:04:39","slug":"one-design-catamaran","status":"publish","type":"page","link":"https:\/\/www.challengeocean.com\/en\/sail-boat-rental\/one-design-catamaran\/","title":{"rendered":"One Design Catamaran"},"content":{"rendered":"<blockquote><p>One design catamaran designed by VPLP for intense and fun sailing.<\/p>\n<h2><span style=\"color: #ff6600;\">COD25, the Catamarans&#8217; Champions\u2026<\/span><\/h2>\n<\/blockquote>\n<p>This fleet of 8 one design 25&#8242; catamarans (that means all are similar) have been built by Sailing One. For more than 10 years, they have been used for the Clairefontaine Trophy, an annual sailing race sponsored by Clairefontaine, where 8 skippers* battled for 3 days, from long distance treck to regattas.<\/p>\n<p>Based in Lorient in South Brittany, these catamarans are available for match racing training, long distance treck around the Ponant Islands, corporate regattas, speed contests as well as trophy.<\/p>\n<h4><span style=\"color: #ff6600;\">Catamarans<\/span><\/h4>\n<p style=\"padding-left: 60px;\">Number : 8 boats<\/p>\n<h4><span style=\"color: #ff6600;\">Capacity<\/span><\/h4>\n<p style=\"padding-left: 60px;\">Day charter : 4 persons + professionnal skipper<br \/>\nTotal capacity of 32 crew mates at one time, plus 8 skippers<\/p>\n<h4><span style=\"color: #ff6600;\">Characteristics<\/span><\/h4>\n<p style=\"text-align: left; padding-left: 60px;\">Architect : Van Peteghem \/ Lauriot-Pr\u00e9vost<br \/>\nShip Yard : Sailing One<br \/>\nLenght : 7.65m<br \/>\nBeam : 4.40m<br \/>\nMast : 14.60m<br \/>\nWeight : 750kg<br \/>\nSails area : 92m\u00b2 downwind<br \/>\nSecurity : coastal<br \/>\nDelivery : 40&#8242; Containers<\/p>\n<h4><span style=\"color: #ff6600;\">Delivery<\/span><\/h4>\n<p style=\"padding-left: 60px;\">Short distance : coastal sailing<br \/>\nLong distance : into pieces in containers delivered by lorry.<\/p>\n<h4 style=\"text-align: left;\"><a title=\"Troph\u00e9e Clairefontaine COD 25\" href=\"https:\/\/www.youtube.com\/watch?v=aPZyQvW287U\" target=\"_blank\" rel=\"noopener\"><span style=\"color: #ff6600;\">Watch the video Clairefontaine Trophy on YouTube\u2026<br \/>\n<\/span><\/a><a href=\"http:\/\/www.jmliot.com\" target=\"_blank\" rel=\"noopener\">Photo \u00a9 Jean-Marie LIOT<\/a><\/h4>\n<p>&nbsp;<\/p>\n<ul>\n<li>72 skippers, of which 27 foreigners representing 10 countries, have sailed on our One Design Catamaran :<br \/>\nLo\u00efck Peyron (height victories), Michel Desjoyeaux (four victories), Franck Cammas (three victories), Serge Madec (firest winner), Laurent Bourgnon (two\u00a0victories), Alain Gautier, Dennis Conner, Ernesto Bertarelli et Ed Baird (America\u2019s Cup winner), J\u00e9r\u00e9mie Beyou, Yann Eli\u00e8s, Fred Le Peutrec, Jean Le Cam, Roland Jourdain, Bernard Stamm, Charles Caudrelier, Pascal Bid\u00e9gorry, Vincent Riou, Nicolas Troussel, Armel Le Cl\u00e9ac\u2019h\u2026 and Fran\u00e7ois Gabart, last winner in 2013.<\/li>\n<\/ul>\n<br>\n<p>&nbsp;<\/p>\n","protected":false},"excerpt":{"rendered":"<p>One design catamaran designed by VPLP for intense and fun sailing. COD25, the Catamarans&#8217; Champions\u2026 This fleet of 8 one design 25&#8242; catamarans (that means all are similar) have been built by Sailing One. For more than 10 years, they have been used for the Clairefontaine Trophy, an annual sailing race sponsored by Clairefontaine, where 8 skippers* battled for 3&hellip;<\/p>\n","protected":false},"author":1001002,"featured_media":0,"parent":621,"menu_order":0,"comment_status":"closed","ping_status":"closed","template":"","meta":{"_monsterinsights_skip_tracking":false,"_monsterinsights_sitenote_active":false,"_monsterinsights_sitenote_note":"","_monsterinsights_sitenote_category":0,"footnotes":""},"class_list":["post-1528","page","type-page","status-publish","hentry"],"yoast_head":"<!-- This site is optimized with the Yoast SEO Premium plugin v27.5 (Yoast SEO v27.5) - https:\/\/yoast.com\/product\/yoast-seo-premium-wordpress\/ -->\n<title>One Design Catamaran, sailing boats for match racing and corporate event.<\/title>\n<meta name=\"description\" content=\"COD 25, one design catamaran, sailing boats for match racing, long distance treck, corporate regattas, speed contests as well as trophy with Challenge Ocean.\" \/>\n<meta name=\"robots\" content=\"index, follow, max-snippet:-1, max-image-preview:large, max-video-preview:-1\" \/>\n<link rel=\"canonical\" href=\"https:\/\/www.challengeocean.com\/en\/sail-boat-rental\/one-design-catamaran\/\" \/>\n<meta property=\"og:locale\" content=\"en_US\" \/>\n<meta property=\"og:type\" content=\"article\" \/>\n<meta property=\"og:title\" content=\"One Design Catamaran\" \/>\n<meta property=\"og:description\" content=\"COD 25, one design catamaran, sailing boats for match racing, long distance treck, corporate regattas, speed contests as well as trophy with Challenge Ocean.\" \/>\n<meta property=\"og:url\" content=\"https:\/\/www.challengeocean.com\/en\/sail-boat-rental\/one-design-catamaran\/\" \/>\n<meta property=\"og:site_name\" content=\"CHALLENGE OCEAN\" \/>\n<meta property=\"article:publisher\" content=\"https:\/\/www.facebook.com\/challengeocean\/\" \/>\n<meta property=\"article:modified_time\" content=\"2018-08-23T10:04:39+00:00\" \/>\n<meta property=\"og:image\" content=\"https:\/\/www.challengeocean.com\/wp-content\/uploads\/2016\/01\/location-COD-25-150x150.jpg\" \/>\n<meta name=\"twitter:label1\" content=\"Est. reading time\" \/>\n\t<meta name=\"twitter:data1\" content=\"2 minutes\" \/>\n<script type=\"application\/ld+json\" class=\"yoast-schema-graph\">{\"@context\":\"https:\\\/\\\/schema.org\",\"@graph\":[{\"@type\":\"WebPage\",\"@id\":\"https:\\\/\\\/www.challengeocean.com\\\/en\\\/sail-boat-rental\\\/one-design-catamaran\\\/\",\"url\":\"https:\\\/\\\/www.challengeocean.com\\\/en\\\/sail-boat-rental\\\/one-design-catamaran\\\/\",\"name\":\"One Design Catamaran, sailing boats for match racing and corporate event.\",\"isPartOf\":{\"@id\":\"https:\\\/\\\/www.challengeocean.com\\\/en\\\/#website\"},\"datePublished\":\"2016-01-05T22:09:14+00:00\",\"dateModified\":\"2018-08-23T10:04:39+00:00\",\"description\":\"COD 25, one design catamaran, sailing boats for match racing, long distance treck, corporate regattas, speed contests as well as trophy with Challenge Ocean.\",\"breadcrumb\":{\"@id\":\"https:\\\/\\\/www.challengeocean.com\\\/en\\\/sail-boat-rental\\\/one-design-catamaran\\\/#breadcrumb\"},\"inLanguage\":\"en-US\",\"potentialAction\":[{\"@type\":\"ReadAction\",\"target\":[\"https:\\\/\\\/www.challengeocean.com\\\/en\\\/sail-boat-rental\\\/one-design-catamaran\\\/\"]}]},{\"@type\":\"BreadcrumbList\",\"@id\":\"https:\\\/\\\/www.challengeocean.com\\\/en\\\/sail-boat-rental\\\/one-design-catamaran\\\/#breadcrumb\",\"itemListElement\":[{\"@type\":\"ListItem\",\"position\":1,\"name\":\"Accueil\",\"item\":\"https:\\\/\\\/www.challengeocean.com\\\/en\\\/\"},{\"@type\":\"ListItem\",\"position\":2,\"name\":\"Sailboat Rental, Skipper &#038; Crew\",\"item\":\"https:\\\/\\\/www.challengeocean.com\\\/en\\\/sail-boat-rental\\\/\"},{\"@type\":\"ListItem\",\"position\":3,\"name\":\"One Design Catamaran\"}]},{\"@type\":\"WebSite\",\"@id\":\"https:\\\/\\\/www.challengeocean.com\\\/en\\\/#website\",\"url\":\"https:\\\/\\\/www.challengeocean.com\\\/en\\\/\",\"name\":\"CHALLENGE OCEAN\",\"description\":\"\u00c9cole Fran\u00e7aise de Croisi\u00e8re - Location voiliers avec skipper\",\"publisher\":{\"@id\":\"https:\\\/\\\/www.challengeocean.com\\\/en\\\/#organization\"},\"potentialAction\":[{\"@type\":\"SearchAction\",\"target\":{\"@type\":\"EntryPoint\",\"urlTemplate\":\"https:\\\/\\\/www.challengeocean.com\\\/en\\\/?s={search_term_string}\"},\"query-input\":{\"@type\":\"PropertyValueSpecification\",\"valueRequired\":true,\"valueName\":\"search_term_string\"}}],\"inLanguage\":\"en-US\"},{\"@type\":\"Organization\",\"@id\":\"https:\\\/\\\/www.challengeocean.com\\\/en\\\/#organization\",\"name\":\"CHALLENGE OCEAN\",\"url\":\"https:\\\/\\\/www.challengeocean.com\\\/en\\\/\",\"logo\":{\"@type\":\"ImageObject\",\"inLanguage\":\"en-US\",\"@id\":\"https:\\\/\\\/www.challengeocean.com\\\/en\\\/#\\\/schema\\\/logo\\\/image\\\/\",\"url\":\"https:\\\/\\\/www.challengeocean.com\\\/wp-content\\\/uploads\\\/2013\\\/11\\\/logo_co_vertical.jpg\",\"contentUrl\":\"https:\\\/\\\/www.challengeocean.com\\\/wp-content\\\/uploads\\\/2013\\\/11\\\/logo_co_vertical.jpg\",\"width\":310,\"height\":310,\"caption\":\"CHALLENGE OCEAN\"},\"image\":{\"@id\":\"https:\\\/\\\/www.challengeocean.com\\\/en\\\/#\\\/schema\\\/logo\\\/image\\\/\"},\"sameAs\":[\"https:\\\/\\\/www.facebook.com\\\/challengeocean\\\/\",\"https:\\\/\\\/www.instagram.com\\\/challengeocean\\\/\",\"https:\\\/\\\/www.linkedin.com\\\/company\\\/challengeocean\\\/\",\"https:\\\/\\\/www.youtube.com\\\/@challengeocean\"],\"description\":\"\u00c9cole Fran\u00e7aise de Croisi\u00e8re - French Sailing School\",\"telephone\":\"+33 297350030\",\"legalName\":\"CHALLENGE OCEAN\",\"foundingDate\":\"2005-09-21\",\"vatID\":\"FR35478183171\",\"taxID\":\"47818317100030\",\"numberOfEmployees\":{\"@type\":\"QuantitativeValue\",\"minValue\":\"1\",\"maxValue\":\"10\"}}]}<\/script>\n<!-- \/ Yoast SEO Premium plugin. -->","yoast_head_json":{"title":"One Design Catamaran, sailing boats for match racing and corporate event.","description":"COD 25, one design catamaran, sailing boats for match racing, long distance treck, corporate regattas, speed contests as well as trophy with Challenge Ocean.","robots":{"index":"index","follow":"follow","max-snippet":"max-snippet:-1","max-image-preview":"max-image-preview:large","max-video-preview":"max-video-preview:-1"},"canonical":"https:\/\/www.challengeocean.com\/en\/sail-boat-rental\/one-design-catamaran\/","og_locale":"en_US","og_type":"article","og_title":"One Design Catamaran","og_description":"COD 25, one design catamaran, sailing boats for match racing, long distance treck, corporate regattas, speed contests as well as trophy with Challenge Ocean.","og_url":"https:\/\/www.challengeocean.com\/en\/sail-boat-rental\/one-design-catamaran\/","og_site_name":"CHALLENGE OCEAN","article_publisher":"https:\/\/www.facebook.com\/challengeocean\/","article_modified_time":"2018-08-23T10:04:39+00:00","og_image":[{"url":"https:\/\/www.challengeocean.com\/wp-content\/uploads\/2016\/01\/location-COD-25-150x150.jpg","type":"","width":"","height":""}],"twitter_misc":{"Est. reading time":"2 minutes"},"schema":{"@context":"https:\/\/schema.org","@graph":[{"@type":"WebPage","@id":"https:\/\/www.challengeocean.com\/en\/sail-boat-rental\/one-design-catamaran\/","url":"https:\/\/www.challengeocean.com\/en\/sail-boat-rental\/one-design-catamaran\/","name":"One Design Catamaran, sailing boats for match racing and corporate event.","isPartOf":{"@id":"https:\/\/www.challengeocean.com\/en\/#website"},"datePublished":"2016-01-05T22:09:14+00:00","dateModified":"2018-08-23T10:04:39+00:00","description":"COD 25, one design catamaran, sailing boats for match racing, long distance treck, corporate regattas, speed contests as well as trophy with Challenge Ocean.","breadcrumb":{"@id":"https:\/\/www.challengeocean.com\/en\/sail-boat-rental\/one-design-catamaran\/#breadcrumb"},"inLanguage":"en-US","potentialAction":[{"@type":"ReadAction","target":["https:\/\/www.challengeocean.com\/en\/sail-boat-rental\/one-design-catamaran\/"]}]},{"@type":"BreadcrumbList","@id":"https:\/\/www.challengeocean.com\/en\/sail-boat-rental\/one-design-catamaran\/#breadcrumb","itemListElement":[{"@type":"ListItem","position":1,"name":"Accueil","item":"https:\/\/www.challengeocean.com\/en\/"},{"@type":"ListItem","position":2,"name":"Sailboat Rental, Skipper &#038; Crew","item":"https:\/\/www.challengeocean.com\/en\/sail-boat-rental\/"},{"@type":"ListItem","position":3,"name":"One Design Catamaran"}]},{"@type":"WebSite","@id":"https:\/\/www.challengeocean.com\/en\/#website","url":"https:\/\/www.challengeocean.com\/en\/","name":"CHALLENGE OCEAN","description":"\u00c9cole Fran\u00e7aise de Croisi\u00e8re - Location voiliers avec skipper","publisher":{"@id":"https:\/\/www.challengeocean.com\/en\/#organization"},"potentialAction":[{"@type":"SearchAction","target":{"@type":"EntryPoint","urlTemplate":"https:\/\/www.challengeocean.com\/en\/?s={search_term_string}"},"query-input":{"@type":"PropertyValueSpecification","valueRequired":true,"valueName":"search_term_string"}}],"inLanguage":"en-US"},{"@type":"Organization","@id":"https:\/\/www.challengeocean.com\/en\/#organization","name":"CHALLENGE OCEAN","url":"https:\/\/www.challengeocean.com\/en\/","logo":{"@type":"ImageObject","inLanguage":"en-US","@id":"https:\/\/www.challengeocean.com\/en\/#\/schema\/logo\/image\/","url":"https:\/\/www.challengeocean.com\/wp-content\/uploads\/2013\/11\/logo_co_vertical.jpg","contentUrl":"https:\/\/www.challengeocean.com\/wp-content\/uploads\/2013\/11\/logo_co_vertical.jpg","width":310,"height":310,"caption":"CHALLENGE OCEAN"},"image":{"@id":"https:\/\/www.challengeocean.com\/en\/#\/schema\/logo\/image\/"},"sameAs":["https:\/\/www.facebook.com\/challengeocean\/","https:\/\/www.instagram.com\/challengeocean\/","https:\/\/www.linkedin.com\/company\/challengeocean\/","https:\/\/www.youtube.com\/@challengeocean"],"description":"\u00c9cole Fran\u00e7aise de Croisi\u00e8re - French Sailing School","telephone":"+33 297350030","legalName":"CHALLENGE OCEAN","foundingDate":"2005-09-21","vatID":"FR35478183171","taxID":"47818317100030","numberOfEmployees":{"@type":"QuantitativeValue","minValue":"1","maxValue":"10"}}]}},"_links":{"self":[{"href":"https:\/\/www.challengeocean.com\/en\/wp-json\/wp\/v2\/pages\/1528","targetHints":{"allow":["GET"]}}],"collection":[{"href":"https:\/\/www.challengeocean.com\/en\/wp-json\/wp\/v2\/pages"}],"about":[{"href":"https:\/\/www.challengeocean.com\/en\/wp-json\/wp\/v2\/types\/page"}],"author":[{"embeddable":true,"href":"https:\/\/www.challengeocean.com\/en\/wp-json\/wp\/v2\/users\/1001002"}],"replies":[{"embeddable":true,"href":"https:\/\/www.challengeocean.com\/en\/wp-json\/wp\/v2\/comments?post=1528"}],"version-history":[{"count":4,"href":"https:\/\/www.challengeocean.com\/en\/wp-json\/wp\/v2\/pages\/1528\/revisions"}],"predecessor-version":[{"id":4199,"href":"https:\/\/www.challengeocean.com\/en\/wp-json\/wp\/v2\/pages\/1528\/revisions\/4199"}],"up":[{"embeddable":true,"href":"https:\/\/www.challengeocean.com\/en\/wp-json\/wp\/v2\/pages\/621"}],"wp:attachment":[{"href":"https:\/\/www.challengeocean.com\/en\/wp-json\/wp\/v2\/media?parent=1528"}],"curies":[{"name":"wp","href":"https:\/\/api.w.org\/{rel}","templated":true}]}}